{"id":1486,"date":"2026-01-20T12:11:11","date_gmt":"2026-01-20T12:11:11","guid":{"rendered":"https:\/\/bonuskongcasino.com\/login-and-registration\/"},"modified":"2026-02-26T12:18:44","modified_gmt":"2026-02-26T12:18:44","slug":"logowanie-i-rejestracja","status":"publish","type":"page","link":"https:\/\/thorfortuneplay.com\/pl\/logowanie-i-rejestracja\/","title":{"rendered":"Logowanie i rejestracja"},"content":{"rendered":"<h1>Logowanie, rejestracja i zarz\u0105dzanie kontem w Thorfortune<\/h1>\n<p>Thorfortune login zapewnia \u0142atwy dost\u0119p do kasyna online bez zb\u0119dnych barier blokuj\u0105cych drog\u0119 do gry. Nasza platforma zainwestowa\u0142a znaczne \u015brodki w zaawansowane zabezpieczenia, zachowuj\u0105c jednocze\u015bnie przyjazno\u015b\u0107 dla u\u017cytkownika. Wszyscy gracze z Polski mog\u0105 liczy\u0107 na solidn\u0105 atmosfer\u0119 gry w Thorfortune, kt\u00f3ra szanuje zasady odpowiedzialnej gry, nie pouczaj\u0105c o tym.<\/p>\n<p><div class=\"banner-wrap\" aria-label=\"Banner\"><img src=\"https:\/\/thorfortuneplay.com\/wp-content\/uploads\/2026\/02\/Thorfortune-bnr-pc.webp\" class=\"w-100 d-none d-lg-block img-pc main-banner-img\" alt=\"thorfortune banner desktop\" fetchpriority=\"high\" decoding=\"async\"><img src=\"https:\/\/thorfortuneplay.com\/wp-content\/uploads\/2026\/02\/thorfortune-banner-mobile.webp\" class=\"w-100 d-none d-md-block d-lg-none main-banner-img\" alt=\"thorfortune banner mobile\" fetchpriority=\"high\" decoding=\"async\"><img src=\"https:\/\/thorfortuneplay.com\/wp-content\/uploads\/2026\/02\/thorfortune-banner-mobile.webp\" class=\"w-100 d-md-none\" alt=\"thorfortune banner mobile\" fetchpriority=\"high\" decoding=\"async\"><div class=\"banner-description\">\n<div class=\"banner-title\">Bonusy powitalne<\/div>\n<p class=\"banner-header-title\">1500 \u20ac<\/p>\n<div class=\"banner-header-AdditionalText\">+ 250 Darmowe spiny<\/div>\n<button data-item=\"homepage_banner_link\" class=\"goto m-button m-gradient-border m-button--primary m-button--large banner-button btn-orange\">\n            <div class=\"m-button-content\">\n                <span>Zarejestruj si\u0119 teraz<\/span>\n                <span><\/span>\n            <\/div>\n        <\/button>\n<\/div>\n<div class=\"WelcomePack\">\n<p><img loading=\"lazy\" decoding=\"async\" class=\"alignnone size-full wp-image-1848\" src=\"https:\/\/thor-fortune.net\/wp-content\/uploads\/2026\/02\/welcome-crown.png\" alt=\"welcome crown\" width=\"25\" height=\"26\" \/><\/p>\n<div class=\"WelcomePack-Info\">Cotygodniowy zwrot got\u00f3wki do 25%<\/div>\n<p><img loading=\"lazy\" decoding=\"async\" class=\"alignnone size-full wp-image-1848\" src=\"https:\/\/thor-fortune.net\/wp-content\/uploads\/2026\/02\/welcome-crown.png\" alt=\"welcome crown\" width=\"25\" height=\"26\" \/><\/p>\n<\/div>\n<\/div><div class=\"scrollable-content-wrap my-5\"><div class=\"scrollable-content-inner\"><h2>Rejestracja nowego u\u017cytkownika Thor Fortune<\/h2>\n<p>Do\u0142\u0105czenie do Thorfortune Casino zapewnia pe\u0142ny dost\u0119p do funkcji, dzi\u0119ki czemu gra jest naprawd\u0119 zabawna, a nie tylko funkcjonalna. Nowi u\u017cytkownicy otrzymuj\u0105 specjalny bonus powitalny (do 1 500 \u20ac i 250 dodatkowych spin\u00f3w). Natychmiast otwiera si\u0119 r\u00f3wnie\u017c mo\u017cliwo\u015b\u0107 udzia\u0142u w turniejach promocyjnych i satysfakcjonuj\u0105cym programie lojalno\u015bciowym. Logowanie do Thorfortune zapewnia graczom dost\u0119p do obszernej biblioteki gier, codziennych ofert i \u0142atwego zarz\u0105dzania kontem. To pierwszy krok w kierunku bezpiecznej i wysokiej jako\u015bci gry.<\/p>\n<h3>Utw\u00f3rz swoje konto<\/h3>\n<p>Przej\u015bcie przez proces rejestracji w serwisie Thor Fortune nie wymaga niesko\u0144czonej cierpliwo\u015bci. Mo\u017cna go podzieli\u0107 na kilka prostych krok\u00f3w:<\/p>\n<ol>\n<li>Znalezienie przycisku \u201eZarejestruj si\u0119\u201d na stronie g\u0142\u00f3wnej Thorfortune zajmuje oko\u0142o dw\u00f3ch sekund, poniewa\u017c umie\u015bcili\u015bmy go w widocznym miejscu.<\/li>\n<li>Wype\u0142nienie formularza rejestracyjnego wymaga podania dok\u0142adnych danych osobowych, takich jak adres e-mail i has\u0142o, kt\u00f3re b\u0119dziesz pami\u0119ta\u0107.<\/li>\n<li>Nast\u0119pnie nale\u017cy zaznaczy\u0107 pola, aby potwierdzi\u0107, \u017ce masz uko\u0144czone 18 lat i akceptujesz warunki u\u017cytkowania. Mamy nadziej\u0119, \u017ce zapozna\u0142e\u015b si\u0119 z tre\u015bci\u0105 warunk\u00f3w, a nie zaznaczy\u0142e\u015b pola na \u015blepo.<\/li>\n<li>Nast\u0119pnie mo\u017cesz zosta\u0107 poproszony o wprowadzenie kodu CAPTCHA w celu potwierdzenia, \u017ce jeste\u015b cz\u0142owiekiem, a nie botem tworz\u0105cym konta.<\/li>\n<li>Proces ko\u0144czy si\u0119 post\u0119powaniem zgodnie z instrukcjami zawartymi w wiadomo\u015bci e-mail z potwierdzeniem. Potwierdzenie wszystkich danych powoduje utworzenie konta w Thor Fortune Casino, co umo\u017cliwia natychmiastowe pierwsze logowanie.<\/li>\n<\/ol>\n<p>Ograniczenia wiekowe pozostaj\u0105 niezmienne i wynosz\u0105 minimum 18 lat, poniewa\u017c zasady odpowiedzialnej gry nie podlegaj\u0105 negocjacjom. Po zako\u0144czeniu weryfikacji mo\u017cna si\u0119 zalogowa\u0107 i bez dodatkowych przeszk\u00f3d zapozna\u0107 si\u0119 z szerok\u0105 gam\u0105 gier i bonus\u00f3w.<\/p>\n<p><img loading=\"lazy\" decoding=\"async\" class=\"alignnone size-full wp-image-2040\" src=\"https:\/\/thor-fortune.net\/wp-content\/uploads\/2026\/02\/Thorfortune-login-page.webp\" alt=\"Thorfortune login page\" width=\"1248\" height=\"536\" srcset=\"https:\/\/thorfortuneplay.com\/wp-content\/uploads\/2026\/02\/Thorfortune-login-page.webp 1248w, https:\/\/thorfortuneplay.com\/wp-content\/uploads\/2026\/02\/Thorfortune-login-page-300x129.webp 300w, https:\/\/thorfortuneplay.com\/wp-content\/uploads\/2026\/02\/Thorfortune-login-page-1024x440.webp 1024w, https:\/\/thorfortuneplay.com\/wp-content\/uploads\/2026\/02\/Thorfortune-login-page-768x330.webp 768w\" sizes=\"(max-width: 1248px) 100vw, 1248px\" \/><\/p>\n<h2>Zarz\u0105dzanie kontem Thorfortune<\/h2>\n<p>Po zako\u0144czeniu rejestracji mo\u017cesz zalogowa\u0107 si\u0119 do Thorfortune za ka\u017cdym razem, gdy masz ochot\u0119 na gr\u0119. Ten przejrzysty proces otwiera dost\u0119p do wszystkich funkcji platformy. Aby si\u0119 zalogowa\u0107, przejd\u017a do przycisku \u201eZaloguj si\u0119\u201d znajduj\u0105cego si\u0119 w prawym g\u00f3rnym rogu strony g\u0142\u00f3wnej. Wpisz sw\u00f3j zarejestrowany adres e-mail i has\u0142o, aby uzyska\u0107 dost\u0119p. Nast\u0119pnie zobaczysz pulpit nawigacyjny, kt\u00f3ry stworzyli\u015bmy, aby zapewni\u0107 Ci pe\u0142n\u0105 kontrol\u0119 nad wszystkim:<\/p>\n<ul>\n<li>Zamiast ogranicza\u0107 Ci\u0119 do jednej lub dw\u00f3ch opcji, oferujemy wiele bezpiecznych metod p\u0142atno\u015bci do wp\u0142acania i sprawdzania pieni\u0119dzy.<\/li>\n<li>\u0141atwo jest zrealizowa\u0107 bonusy i wprowadzi\u0107 kody promocyjne, bez konieczno\u015bci przeszukiwania menu.<\/li>\n<li>W dowolnym momencie mo\u017cesz wy\u015bwietli\u0107 histori\u0119 transakcji i aktywno\u015b\u0107 w grach.<\/li>\n<li>W razie potrzeby mo\u017cesz r\u00f3wnie\u017c edytowa\u0107 swoje dane osobowe, w tym dane kontaktowe i metody p\u0142atno\u015bci.<\/li>\n<\/ul>\n<h3>Nie pami\u0119tasz has\u0142a?<\/h3>\n<p>Utrata has\u0142a logowania do Thor Fortune mo\u017ce si\u0119 zdarzy\u0107 ka\u017cdemu. Zresetowanie has\u0142a jest proste.<\/p>\n<table>\n<tbody>\n<tr>\n<td>Krok<\/td>\n<td>Co nale\u017cy zrobi\u0107<\/td>\n<td>Dlaczego to wa\u017cne<\/td>\n<\/tr>\n<tr>\n<td>1<\/td>\n<td>Przede wszystkim u\u017cytkownicy powinni klikn\u0105\u0107 link \u201eNie pami\u0119tasz has\u0142a?\u201d na stronie logowania.<\/td>\n<td>Spowoduje to rozpocz\u0119cie procesu odzyskiwania has\u0142a bez konieczno\u015bci kontaktowania si\u0119 z pomoc\u0105 techniczn\u0105.<\/td>\n<\/tr>\n<tr>\n<td>2<\/td>\n<td>Nast\u0119pnie nale\u017cy wprowadzi\u0107 zarejestrowany adres e-mail.<\/td>\n<td>Spowoduje to powi\u0105zanie \u017c\u0105dania resetowania has\u0142a z konkretnym kontem.<\/td>\n<\/tr>\n<tr>\n<td>3<\/td>\n<td>Post\u0119puj zgodnie z instrukcjami przes\u0142anymi na Twoj\u0105 skrzynk\u0119 odbiorcz\u0105.<\/td>\n<td>W ten spos\u00f3b bezpiecznie zresetujesz has\u0142o.<\/td>\n<\/tr>\n<\/tbody>\n<\/table>\n<p>Proces ten gwarantuje szybkie odzyskanie dost\u0119pu przy zachowaniu wysokich standard\u00f3w bezpiecze\u0144stwa. Je\u015bli potrzebujesz pomocy w zakresie wykraczaj\u0105cym poza automatyczne resetowanie has\u0142a, zesp\u00f3\u0142 pomocy technicznej jest dost\u0119pny za po\u015brednictwem czatu na \u017cywo lub poczty elektronicznej.<\/p>\n<h2>Weryfikacja konta w kasynie Thorfortune<\/h2>\n<p>Kasyno Thorfortune stosuje surowe zasady weryfikacji, zapewniaj\u0105c wszystkim bezpieczne \u015brodowisko gry. Gracze musz\u0105 potwierdzi\u0107 swoj\u0105 to\u017csamo\u015b\u0107, przesy\u0142aj\u0105c oficjalne dokumenty, takie jak rachunki za media i dokumenty to\u017csamo\u015bci wydane przez rz\u0105d. \u015arodek ten spe\u0142nia wymogi regulacyjne Thorfortune, jednocze\u015bnie zwalczaj\u0105c oszustwa i pomagaj\u0105c wszystkim graczom zabezpieczy\u0107 swoje konta przed nieautoryzowanym dost\u0119pem.<\/p>\n<p>Ochrona danych osobowych i transakcyjnych obejmuje wiele system\u00f3w bezpiecze\u0144stwa, w tym szyfrowanie AES i SSL\/TLS, zapory ogniowe oraz sta\u0142e monitorowanie podejrzanych wzorc\u00f3w.<\/p>\n<h2>Dobre samopoczucie graczy<\/h2>\n<p>Thorfortune stawia na prostot\u0119, je\u015bli chodzi o odpowiedzialn\u0105 gr\u0119. Nie chodzi o pouczanie ani przerywanie zabawy, ale o zapewnienie graczom \u0142atwych sposob\u00f3w na zachowanie kontroli w wa\u017cnych momentach. Wszystkie te narz\u0119dzia znajduj\u0105 si\u0119 w ustawieniach konta i mo\u017cna je w\u0142\u0105czy\u0107 lub dostosowa\u0107 w dowolnym momencie.<\/p>\n<p>Mo\u017cesz ustawi\u0107 limity wp\u0142at, aby utrzyma\u0107 wydatki w komfortowym zakresie, oraz skorzysta\u0107 z limit\u00f3w strat, aby przerwa\u0107 gr\u0119 w dni, kt\u00f3re nie uk\u0142adaj\u0105 si\u0119 po Twojej my\u015bli. Limity zak\u0142ad\u00f3w pomagaj\u0105 utrzyma\u0107 rozs\u0105dny poziom poszczeg\u00f3lnych zak\u0142ad\u00f3w, a limity czasu sesji s\u0105 przydatne w momentach, gdy godziny mijaj\u0105 niepostrze\u017cenie. Je\u015bli chcesz zrobi\u0107 kr\u00f3tk\u0105 przerw\u0119, okresy och\u0142oni\u0119cia pozwalaj\u0105 Ci na chwil\u0119 si\u0119 wycofa\u0107. A je\u015bli potrzebujesz d\u0142u\u017cszej przerwy, zawsze mo\u017cesz skorzysta\u0107 z opcji samowykluczenia, w tym trwa\u0142ego zamkni\u0119cia konta.<\/p>\n<h2>FAQ<\/h2>\n<h3>Jak zaktualizowa\u0107 has\u0142o lub adres e-mail?<\/h3>\n<p>Aby zmieni\u0107 has\u0142o lub adres e-mail w Thor Fortune Casino, nale\u017cy zalogowa\u0107 si\u0119 na swoje konto i przej\u015b\u0107 do ustawie\u0144 zarz\u0105dzania kontem. Klikni\u0119cie opcji aktualizacji danych logowania do Thorfortune pozwala wprowadzi\u0107 nowe informacje i zweryfikowa\u0107 je poprzez wy\u015bwietlone kroki bezpiecze\u0144stwa.<\/p>\n<h3>Co nale\u017cy zrobi\u0107, je\u015bli moje konto zosta\u0142o zablokowane?<\/h3>\n<p>Blokady kont rzadko zdarzaj\u0105 si\u0119 bez wa\u017cnego powodu. Je\u015bli Twoje konto Thorfortune zostanie zablokowane, skontaktuj si\u0119 z zespo\u0142em pomocy technicznej za pomoc\u0105 przycisku czatu na \u017cywo znajduj\u0105cego si\u0119 na stronie kasyna. Proces weryfikacji jest bardzo wa\u017cny dla odblokowania konta, poniewa\u017c potwierdza, \u017ce jeste\u015b jego prawowitym w\u0142a\u015bcicielem.<\/p>\n<h3>Czy zesp\u00f3\u0142 pomocy technicznej Thorfortune Casino pos\u0142uguje si\u0119 wieloma j\u0119zykami, aby zapewni\u0107 pomoc?<\/h3>\n<p>Kasyno Thorfortune rozumie, \u017ce nie ka\u017cdy chce zmaga\u0107 si\u0119 z rozmowami pomocy technicznej w j\u0119zyku angielskim. Dlatego stworzyli\u015bmy wieloj\u0119zyczn\u0105 pomoc techniczn\u0105, aby gracze z ca\u0142ego \u015bwiata mogli si\u0119 swobodnie komunikowa\u0107. Zesp\u00f3\u0142 pomocy technicznej jest dost\u0119pny 24 godziny na dob\u0119, 7 dni w tygodniu, poprzez czat na \u017cywo, aby pom\u00f3c Ci, gdy potrzebujesz pomocy.<\/p>\n<\/div><\/div><\/p>\n","protected":false},"excerpt":{"rendered":"<p>Logowanie, rejestracja i zarz\u0105dzanie kontem w Thorfortune Thorfortune login zapewnia \u0142atwy dost\u0119p do kasyna online bez zb\u0119dnych barier blokuj\u0105cych drog\u0119 do gry. Nasza platforma zainwestowa\u0142a znaczne \u015brodki w zaawansowane zabezpieczenia, zachowuj\u0105c jednocze\u015bnie przyjazno\u015b\u0107 dla u\u017cytkownika. Wszyscy gracze z Polski mog\u0105 liczy\u0107 na solidn\u0105 atmosfer\u0119 gry w Thorfortune, kt\u00f3ra szanuje zasady odpowiedzialnej gry, nie pouczaj\u0105c o [&hellip;]<\/p>\n","protected":false},"author":1,"featured_media":0,"parent":0,"menu_order":0,"comment_status":"closed","ping_status":"closed","template":"template-builder.php","meta":{"_acf_changed":false,"inline_featured_image":false,"footnotes":""},"class_list":["post-1486","page","type-page","status-publish","hentry"],"acf":[],"yoast_head":"<!-- This site is optimized with the Yoast SEO plugin v24.4 - https:\/\/yoast.com\/wordpress\/plugins\/seo\/ -->\n<title>Thorfortune Login | Bezpieczny dost\u0119p do konta i rejestracja<\/title>\n<meta name=\"description\" content=\"Twoje konto Thorfortune to klucz do tysi\u0119cy gier. Zaloguj si\u0119, aby gra\u0107 lub zarejestruj nowe konto, przeprowad\u017a bezpieczn\u0105 weryfikacj\u0119, zarz\u0105dzaj swoimi \u015brodkami i skontaktuj si\u0119 z ca\u0142odobow\u0105 obs\u0142ug\u0105 klienta.\" \/>\n<meta name=\"robots\" content=\"index, follow, max-snippet:-1, max-image-preview:large, max-video-preview:-1\" \/>\n<link rel=\"canonical\" href=\"https:\/\/thorfortuneplay.com\/pl\/logowanie-i-rejestracja\/\" \/>\n<meta property=\"og:locale\" content=\"pl_PL\" \/>\n<meta property=\"og:type\" content=\"article\" \/>\n<meta property=\"og:title\" content=\"Thorfortune Login | Bezpieczny dost\u0119p do konta i rejestracja\" \/>\n<meta property=\"og:description\" content=\"Twoje konto Thorfortune to klucz do tysi\u0119cy gier. Zaloguj si\u0119, aby gra\u0107 lub zarejestruj nowe konto, przeprowad\u017a bezpieczn\u0105 weryfikacj\u0119, zarz\u0105dzaj swoimi \u015brodkami i skontaktuj si\u0119 z ca\u0142odobow\u0105 obs\u0142ug\u0105 klienta.\" \/>\n<meta property=\"og:url\" content=\"https:\/\/thorfortuneplay.com\/pl\/logowanie-i-rejestracja\/\" \/>\n<meta property=\"og:site_name\" content=\"thorfortune\" \/>\n<meta property=\"article:modified_time\" content=\"2026-02-26T12:18:44+00:00\" \/>\n<meta name=\"twitter:card\" content=\"summary_large_image\" \/>\n<meta name=\"twitter:label1\" content=\"Est. reading time\" \/>\n\t<meta name=\"twitter:data1\" content=\"1 minute\" \/>\n<script type=\"application\/ld+json\" class=\"yoast-schema-graph\">{\"@context\":\"https:\/\/schema.org\",\"@graph\":[{\"@type\":\"WebPage\",\"@id\":\"https:\/\/thorfortuneplay.com\/pl\/logowanie-i-rejestracja\/\",\"url\":\"https:\/\/thorfortuneplay.com\/pl\/logowanie-i-rejestracja\/\",\"name\":\"Thorfortune Login | Bezpieczny dost\u0119p do konta i rejestracja\",\"isPartOf\":{\"@id\":\"https:\/\/thorfortuneplay.com\/pl\/#website\"},\"datePublished\":\"2026-01-20T12:11:11+00:00\",\"dateModified\":\"2026-02-26T12:18:44+00:00\",\"description\":\"Twoje konto Thorfortune to klucz do tysi\u0119cy gier. Zaloguj si\u0119, aby gra\u0107 lub zarejestruj nowe konto, przeprowad\u017a bezpieczn\u0105 weryfikacj\u0119, zarz\u0105dzaj swoimi \u015brodkami i skontaktuj si\u0119 z ca\u0142odobow\u0105 obs\u0142ug\u0105 klienta.\",\"breadcrumb\":{\"@id\":\"https:\/\/thorfortuneplay.com\/pl\/logowanie-i-rejestracja\/#breadcrumb\"},\"inLanguage\":\"pl-PL\",\"potentialAction\":[{\"@type\":\"ReadAction\",\"target\":[\"https:\/\/thorfortuneplay.com\/pl\/logowanie-i-rejestracja\/\"]}]},{\"@type\":\"BreadcrumbList\",\"@id\":\"https:\/\/thorfortuneplay.com\/pl\/logowanie-i-rejestracja\/#breadcrumb\",\"itemListElement\":[{\"@type\":\"ListItem\",\"position\":1,\"name\":\"Thorfortune\",\"item\":\"https:\/\/thorfortuneplay.com\/pl\/\"},{\"@type\":\"ListItem\",\"position\":2,\"name\":\"Logowanie i rejestracja\"}]},{\"@type\":\"WebSite\",\"@id\":\"https:\/\/thorfortuneplay.com\/pl\/#website\",\"url\":\"https:\/\/thorfortuneplay.com\/pl\/\",\"name\":\"Thorfortune\",\"description\":\"\",\"publisher\":{\"@id\":\"https:\/\/thorfortuneplay.com\/pl\/#organization\"},\"potentialAction\":[{\"@type\":\"SearchAction\",\"target\":{\"@type\":\"EntryPoint\",\"urlTemplate\":\"https:\/\/thorfortuneplay.com\/pl\/?s={search_term_string}\"},\"query-input\":{\"@type\":\"PropertyValueSpecification\",\"valueRequired\":true,\"valueName\":\"search_term_string\"}}],\"inLanguage\":\"pl-PL\"},{\"@type\":\"Organization\",\"@id\":\"https:\/\/thorfortuneplay.com\/pl\/#organization\",\"name\":\"Thorfortune\",\"url\":\"https:\/\/thorfortuneplay.com\/pl\/\",\"logo\":{\"@type\":\"ImageObject\",\"inLanguage\":\"pl-PL\",\"@id\":\"https:\/\/thorfortuneplay.com\/pl\/#\/schema\/logo\/image\/\",\"url\":\"https:\/\/thorfortuneplay.com\/wp-content\/uploads\/2026\/02\/logo-1.png\",\"contentUrl\":\"https:\/\/thorfortuneplay.com\/wp-content\/uploads\/2026\/02\/logo-1.png\",\"width\":160,\"height\":37,\"caption\":\"Thorfortune\"},\"image\":{\"@id\":\"https:\/\/thorfortuneplay.com\/pl\/#\/schema\/logo\/image\/\"}}]}<\/script>\n<!-- \/ Yoast SEO plugin. -->","yoast_head_json":{"title":"Thorfortune Login | Bezpieczny dost\u0119p do konta i rejestracja","description":"Twoje konto Thorfortune to klucz do tysi\u0119cy gier. Zaloguj si\u0119, aby gra\u0107 lub zarejestruj nowe konto, przeprowad\u017a bezpieczn\u0105 weryfikacj\u0119, zarz\u0105dzaj swoimi \u015brodkami i skontaktuj si\u0119 z ca\u0142odobow\u0105 obs\u0142ug\u0105 klienta.","robots":{"index":"index","follow":"follow","max-snippet":"max-snippet:-1","max-image-preview":"max-image-preview:large","max-video-preview":"max-video-preview:-1"},"canonical":"https:\/\/thorfortuneplay.com\/pl\/logowanie-i-rejestracja\/","og_locale":"pl_PL","og_type":"article","og_title":"Thorfortune Login | Bezpieczny dost\u0119p do konta i rejestracja","og_description":"Twoje konto Thorfortune to klucz do tysi\u0119cy gier. Zaloguj si\u0119, aby gra\u0107 lub zarejestruj nowe konto, przeprowad\u017a bezpieczn\u0105 weryfikacj\u0119, zarz\u0105dzaj swoimi \u015brodkami i skontaktuj si\u0119 z ca\u0142odobow\u0105 obs\u0142ug\u0105 klienta.","og_url":"https:\/\/thorfortuneplay.com\/pl\/logowanie-i-rejestracja\/","og_site_name":"thorfortune","article_modified_time":"2026-02-26T12:18:44+00:00","twitter_card":"summary_large_image","twitter_misc":{"Est. reading time":"1 minute"},"schema":{"@context":"https:\/\/schema.org","@graph":[{"@type":"WebPage","@id":"https:\/\/thorfortuneplay.com\/pl\/logowanie-i-rejestracja\/","url":"https:\/\/thorfortuneplay.com\/pl\/logowanie-i-rejestracja\/","name":"Thorfortune Login | Bezpieczny dost\u0119p do konta i rejestracja","isPartOf":{"@id":"https:\/\/thorfortuneplay.com\/pl\/#website"},"datePublished":"2026-01-20T12:11:11+00:00","dateModified":"2026-02-26T12:18:44+00:00","description":"Twoje konto Thorfortune to klucz do tysi\u0119cy gier. Zaloguj si\u0119, aby gra\u0107 lub zarejestruj nowe konto, przeprowad\u017a bezpieczn\u0105 weryfikacj\u0119, zarz\u0105dzaj swoimi \u015brodkami i skontaktuj si\u0119 z ca\u0142odobow\u0105 obs\u0142ug\u0105 klienta.","breadcrumb":{"@id":"https:\/\/thorfortuneplay.com\/pl\/logowanie-i-rejestracja\/#breadcrumb"},"inLanguage":"pl-PL","potentialAction":[{"@type":"ReadAction","target":["https:\/\/thorfortuneplay.com\/pl\/logowanie-i-rejestracja\/"]}]},{"@type":"BreadcrumbList","@id":"https:\/\/thorfortuneplay.com\/pl\/logowanie-i-rejestracja\/#breadcrumb","itemListElement":[{"@type":"ListItem","position":1,"name":"Thorfortune","item":"https:\/\/thorfortuneplay.com\/pl\/"},{"@type":"ListItem","position":2,"name":"Logowanie i rejestracja"}]},{"@type":"WebSite","@id":"https:\/\/thorfortuneplay.com\/pl\/#website","url":"https:\/\/thorfortuneplay.com\/pl\/","name":"Thorfortune","description":"","publisher":{"@id":"https:\/\/thorfortuneplay.com\/pl\/#organization"},"potentialAction":[{"@type":"SearchAction","target":{"@type":"EntryPoint","urlTemplate":"https:\/\/thorfortuneplay.com\/pl\/?s={search_term_string}"},"query-input":{"@type":"PropertyValueSpecification","valueRequired":true,"valueName":"search_term_string"}}],"inLanguage":"pl-PL"},{"@type":"Organization","@id":"https:\/\/thorfortuneplay.com\/pl\/#organization","name":"Thorfortune","url":"https:\/\/thorfortuneplay.com\/pl\/","logo":{"@type":"ImageObject","inLanguage":"pl-PL","@id":"https:\/\/thorfortuneplay.com\/pl\/#\/schema\/logo\/image\/","url":"https:\/\/thorfortuneplay.com\/wp-content\/uploads\/2026\/02\/logo-1.png","contentUrl":"https:\/\/thorfortuneplay.com\/wp-content\/uploads\/2026\/02\/logo-1.png","width":160,"height":37,"caption":"Thorfortune"},"image":{"@id":"https:\/\/thorfortuneplay.com\/pl\/#\/schema\/logo\/image\/"}}]}},"_links":{"self":[{"href":"https:\/\/thorfortuneplay.com\/pl\/wp-json\/wp\/v2\/pages\/1486"}],"collection":[{"href":"https:\/\/thorfortuneplay.com\/pl\/wp-json\/wp\/v2\/pages"}],"about":[{"href":"https:\/\/thorfortuneplay.com\/pl\/wp-json\/wp\/v2\/types\/page"}],"author":[{"embeddable":true,"href":"https:\/\/thorfortuneplay.com\/pl\/wp-json\/wp\/v2\/users\/1"}],"replies":[{"embeddable":true,"href":"https:\/\/thorfortuneplay.com\/pl\/wp-json\/wp\/v2\/comments?post=1486"}],"version-history":[{"count":3,"href":"https:\/\/thorfortuneplay.com\/pl\/wp-json\/wp\/v2\/pages\/1486\/revisions"}],"predecessor-version":[{"id":2103,"href":"https:\/\/thorfortuneplay.com\/pl\/wp-json\/wp\/v2\/pages\/1486\/revisions\/2103"}],"wp:attachment":[{"href":"https:\/\/thorfortuneplay.com\/pl\/wp-json\/wp\/v2\/media?parent=1486"}],"curies":[{"name":"wp","href":"https:\/\/api.w.org\/{rel}","templated":true}]}}