{"id":1447,"date":"2026-01-20T12:08:23","date_gmt":"2026-01-20T12:08:23","guid":{"rendered":"https:\/\/bonuskongcasino.com\/app\/"},"modified":"2026-02-26T12:16:46","modified_gmt":"2026-02-26T12:16:46","slug":"aplikacja","status":"publish","type":"page","link":"https:\/\/thorfortuneplay.com\/pl\/aplikacja\/","title":{"rendered":"Aplikacja"},"content":{"rendered":"<h1>Thorfortune na urz\u0105dzeniach mobilnych<\/h1>\n<p>Thorfortune App przenosi gry kasynowe online prosto do Twojej kieszeni bez \u017cadnych kompromis\u00f3w. Obs\u0142uguje wydajno\u015b\u0107 i wygod\u0119 na tyle dobrze, \u017ce dost\u0119p do ulubionych gier kasynowych ze smartfon\u00f3w jest tak samo solidny, jak gra na komputerze stacjonarnym. Ka\u017cdy tytu\u0142, w tym automaty online, opcje z krupierem na \u017cywo, natychmiastowe wygrane i gry karciane, dost\u0119pne w wersji na komputery stacjonarne, dzia\u0142a w aplikacji mobilnej bez irytuj\u0105cych ogranicze\u0144.<\/p>\n<p>Kasyno Thorfortune zapewnia polskim graczom sta\u0142\u0105 jako\u015b\u0107 rozgrywki. Nie zmuszamy Ci\u0119 do planowania ca\u0142ego dnia wok\u00f3\u0142 dost\u0119pu do komputera.<\/p>\n<div class=\"banner-wrap\" aria-label=\"Banner\"><img src=\"https:\/\/thorfortuneplay.com\/wp-content\/uploads\/2026\/02\/Thorfortune-bnr-pc.webp\" class=\"w-100 d-none d-lg-block img-pc main-banner-img\" alt=\"thorfortune banner desktop\" fetchpriority=\"high\" decoding=\"async\"><img src=\"https:\/\/thorfortuneplay.com\/wp-content\/uploads\/2026\/02\/thorfortune-banner-mobile.webp\" class=\"w-100 d-none d-md-block d-lg-none main-banner-img\" alt=\"thorfortune banner mobile\" fetchpriority=\"high\" decoding=\"async\"><img src=\"https:\/\/thorfortuneplay.com\/wp-content\/uploads\/2026\/02\/thorfortune-banner-mobile.webp\" class=\"w-100 d-md-none\" alt=\"thorfortune banner mobile\" fetchpriority=\"high\" decoding=\"async\"><div class=\"banner-description\">\n<div class=\"banner-title\">Bonusy powitalne<\/div>\n<p class=\"banner-header-title\">1500 \u20ac<\/p>\n<div class=\"banner-header-AdditionalText\">+ 250 Darmowe spiny<\/div>\n<button data-item=\"homepage_banner_link\" class=\"goto m-button m-gradient-border m-button--primary m-button--large banner-button btn-orange\">\n            <div class=\"m-button-content\">\n                <span>Zarejestruj si\u0119 teraz<\/span>\n                <span><\/span>\n            <\/div>\n        <\/button>\n<\/div>\n<div class=\"WelcomePack\">\n<p><img loading=\"lazy\" decoding=\"async\" class=\"alignnone size-full wp-image-1848\" src=\"https:\/\/thor-fortune.net\/wp-content\/uploads\/2026\/02\/welcome-crown.png\" alt=\"welcome crown\" width=\"25\" height=\"26\" \/><\/p>\n<div class=\"WelcomePack-Info\">Cotygodniowy zwrot got\u00f3wki do 25%<\/div>\n<p><img loading=\"lazy\" decoding=\"async\" class=\"alignnone size-full wp-image-1848\" src=\"https:\/\/thor-fortune.net\/wp-content\/uploads\/2026\/02\/welcome-crown.png\" alt=\"welcome crown\" width=\"25\" height=\"26\" \/><\/p>\n<\/div>\n<\/div>\n<h2>Funkcje aplikacji mobilnej Thorfortune<\/h2>\n<p>Kasyno Thor Fortune dzia\u0142a na tyle niezawodnie, \u017ce wydajno\u015b\u0107 pozostaje stabilna, bezpiecze\u0144stwo nie budzi w\u0105tpliwo\u015bci, a obs\u0142uga jest naturalna, dzi\u0119ki czemu granie w ulubione gry nie zamienia si\u0119 w frustruj\u0105c\u0105 walk\u0119 z technologi\u0105.<\/p>\n<p>Aplikacja Thorfortune jest warta uwagi:<\/p>\n<ul>\n<li>Zamiast pozostawa\u0107 uwi\u0119zionym w miejscu, w kt\u00f3rym znajduje si\u0119 komputer, gry pod\u0105\u017caj\u0105 za Tob\u0105.<\/li>\n<li>Platformy mobilne dostosowane do szybkiego \u0142adowania i szybkich odpowiedzi zapewniaj\u0105 p\u0142ynne sesje w ka\u017cdym miejscu, w kt\u00f3rym masz zasi\u0119g.<\/li>\n<li>Nawigacja nie wymaga zapami\u0119tywania, gdzie wszystko si\u0119 znajduje, poniewa\u017c projekt jest przejrzysty i logiczny.<\/li>\n<li>Mo\u017cesz gra\u0107 w dowolnym momencie, poniewa\u017c aplikacja Thorfortune dzia\u0142a podczas dojazd\u00f3w do pracy, relaksu w domu, przerw w pracy, czyli praktycznie wsz\u0119dzie, bez ogranicze\u0144 lokalizacyjnych.<\/li>\n<li>Zabezpieczenia chroni\u0105ce transakcje i dane osobowe w Thorfortune Casino wykorzystuj\u0105 te same szyfrowanie i protoko\u0142y na urz\u0105dzeniach mobilnych, co na komputerach stacjonarnych, wi\u0119c zmiana platformy nie nara\u017ca Twoich danych na niebezpiecze\u0144stwo.<\/li>\n<li>Wyb\u00f3r urz\u0105dzenia nie ma znaczenia, poniewa\u017c telefony i tablety z systemem iOS i Android dzia\u0142aj\u0105 bez tajemniczych niezgodno\u015bci.<\/li>\n<\/ul>\n<p><div class=\"scrollable-content-wrap my-5\"><div class=\"scrollable-content-inner\"><h2>Aplikacja Thorfortune na iOS<\/h2>\n<p>Wersja aplikacji Thorfortune na iOS zapewnia p\u0142ynne, intuicyjne dzia\u0142anie dostosowane specjalnie do u\u017cytkownik\u00f3w urz\u0105dze\u0144 Apple. \u0141adowanie pozostaje szybkie, a bezpiecze\u0144stwo pozostaje niezawodne, dzi\u0119ki czemu sesje s\u0105 bezpieczne i sprawne. Pobieranie naszej aplikacji na iPhone&#8217;a lub iPada jest bardzo proste:<\/p>\n<ol>\n<li>Po za\u0142adowaniu strony Thorfortune Casino sp\u00f3jrz na d\u00f3\u0142 ekranu, gdzie znajduje si\u0119 przycisk \u201eUdost\u0119pnij\u201d, kt\u00f3ry wygl\u0105da jak kwadrat z wystaj\u0105c\u0105 z niego strza\u0142k\u0105 skierowan\u0105 do g\u00f3ry.<\/li>\n<li>Naci\u015bnij t\u0119 ma\u0142\u0105 ikon\u0119, a ca\u0142e menu wysunie si\u0119 z do\u0142u.<\/li>\n<li>Przewi\u0144 opcje w d\u00f3\u0142, a\u017c znajdziesz opcj\u0119 \u201eDodaj do ekranu g\u0142\u00f3wnego\u201d. Naci\u015bnij j\u0105, a Safari wy\u015bwietli podgl\u0105d tego, jak ikona b\u0119dzie wygl\u0105da\u0107 na ekranie g\u0142\u00f3wnym.<\/li>\n<li>Mo\u017cesz zmieni\u0107 nazw\u0119, je\u015bli chcesz, aby by\u0142a kr\u00f3tsza lub inna ni\u017c domy\u015blna, lub po prostu pozostawi\u0107 j\u0105 bez zmian. Naci\u015bnij \u201eDodaj\u201d w prawym g\u00f3rnym rogu, a ikona aplikacji Thor Fortune pojawi si\u0119 na ekranie g\u0142\u00f3wnym obok wszystkich innych aplikacji.<\/li>\n<\/ol>\n<p>Teraz, gdy chcesz zagra\u0107, po prostu dotknij tej ikony, tak jak w przypadku ka\u017cdej innej aplikacji.<\/p>\n<p><img loading=\"lazy\" decoding=\"async\" class=\"alignnone size-full wp-image-2024\" src=\"https:\/\/thor-fortune.net\/wp-content\/uploads\/2026\/02\/Thorfortune-iOS.webp\" alt=\"Thorfortune iOS\" width=\"1248\" height=\"536\" srcset=\"https:\/\/thorfortuneplay.com\/wp-content\/uploads\/2026\/02\/Thorfortune-iOS.webp 1248w, https:\/\/thorfortuneplay.com\/wp-content\/uploads\/2026\/02\/Thorfortune-iOS-300x129.webp 300w, https:\/\/thorfortuneplay.com\/wp-content\/uploads\/2026\/02\/Thorfortune-iOS-1024x440.webp 1024w, https:\/\/thorfortuneplay.com\/wp-content\/uploads\/2026\/02\/Thorfortune-iOS-768x330.webp 768w\" sizes=\"(max-width: 1248px) 100vw, 1248px\" \/><\/p>\n<\/div><\/div><div style=\"clear: both\"><\/div><div class=\"d-flex justify-content-center\"><button data-item=\"decouvrez_link\" data-group=\"website_links\" class=\"goto fw-bold rounded-pill btn btn-orange\" aria-label=\"Pobierz aplikacj\u0119 Thorfortune\" >Pobierz aplikacj\u0119 Thorfortune<\/button><\/div><div class=\"scrollable-content-wrap my-5\"><div class=\"scrollable-content-inner\"><h2>Aplikacja Thorfortune na Androida<\/h2>\n<p>Android otrzymuje aplikacj\u0119 Thorfortune jako pot\u0119\u017cn\u0105 progresywn\u0105 aplikacj\u0119 internetow\u0105 obs\u0142uguj\u0105c\u0105 ogromn\u0105 r\u00f3\u017cnorodno\u015b\u0107 telefon\u00f3w i tablet\u00f3w z systemem Android, zapewniaj\u0105c\u0105 stabilne po\u0142\u0105czenia i wysokiej jako\u015bci grafik\u0119.<\/p>\n<p>Aby pobra\u0107 nasz\u0105 platform\u0119, poszukaj paska adresu u g\u00f3ry strony Thorfortune Casino. Znajd\u017a trzy pionowe kropki po prawej stronie. To przycisk menu \u2013 dotknij go.<\/p>\n<p>Pojawi si\u0119 menu rozwijane z wieloma opcjami. Znajd\u017a na li\u015bcie opcj\u0119 \u201eDodaj do ekranu g\u0142\u00f3wnego\u201d i dotknij jej, gdy j\u0105 znajdziesz. Chrome wy\u015bwietli ma\u0142e okienko z pro\u015bb\u0105 o potwierdzenie, pokazuj\u0105ce, jak b\u0119dzie wygl\u0105da\u0107 ikona, i umo\u017cliwiaj\u0105ce zmian\u0119 jej nazwy, je\u015bli domy\u015blna nazwa Ci nie odpowiada. Dotknij \u201eDodaj\u201d, aby potwierdzi\u0107, a Chrome wykona swoje zadanie.<\/p>\n<p>Ikona aplikacji Thor Fortune pojawia si\u0119 na ekranie g\u0142\u00f3wnym niemal natychmiast. Mo\u017cesz j\u0105 przeci\u0105gn\u0105\u0107 w dowolne miejsce: przytrzymaj palec na ikonie, przeci\u0105gnij j\u0105 w inne miejsce i zdejmij palec, gdy znajdzie si\u0119 we w\u0142a\u015bciwym miejscu. Od tej pory, aby otworzy\u0107 kasyno, wystarczy klikn\u0105\u0107 t\u0119 ikon\u0119 i nic wi\u0119cej.<\/p>\n<h3>Od logowania do gry na urz\u0105dzeniu mobilnym<\/h3>\n<p>Rozpocz\u0119cie sesji w Thorfortune za pomoc\u0105 telefonu lub tabletu nie r\u00f3\u017cni si\u0119 niczym od korzystania z komputera stacjonarnego, jest tylko szybsze i bardziej elastyczne. Ekran logowania wymaga jedynie podania adresu e-mail i has\u0142a, a po zalogowaniu si\u0119 lobby \u0142aduje si\u0119 natychmiast.<\/p>\n<p>Wyszukiwanie gier w mobilnym kasynie Thor Fortune jest intuicyjne. Automaty, gry sto\u0142owe, gry kasynowe na \u017cywo i tytu\u0142y typu crash s\u0105 pogrupowane w uporz\u0105dkowane sekcje, takie jak Nowe, Popularne i Trendy. Znajdziesz tu wszystko, od klasycznych automat\u00f3w z trzema b\u0119bnami i nowoczesnych automat\u00f3w z pi\u0119cioma b\u0119bnami po gry 3D o wysokim RTP z funkcjami takimi jak kaskadowe b\u0119bny, Megaways, rozszerzaj\u0105ce si\u0119 symbole i opcje zakupu bonus\u00f3w.<\/p>\n<p><img loading=\"lazy\" decoding=\"async\" class=\"alignnone size-full wp-image-2008\" src=\"https:\/\/thor-fortune.net\/wp-content\/uploads\/2026\/02\/Thorfortune-Android.webp\" alt=\"Thorfortune Android\" width=\"1248\" height=\"536\" srcset=\"https:\/\/thorfortuneplay.com\/wp-content\/uploads\/2026\/02\/Thorfortune-Android.webp 1248w, https:\/\/thorfortuneplay.com\/wp-content\/uploads\/2026\/02\/Thorfortune-Android-300x129.webp 300w, https:\/\/thorfortuneplay.com\/wp-content\/uploads\/2026\/02\/Thorfortune-Android-1024x440.webp 1024w, https:\/\/thorfortuneplay.com\/wp-content\/uploads\/2026\/02\/Thorfortune-Android-768x330.webp 768w\" sizes=\"(max-width: 1248px) 100vw, 1248px\" \/><\/p>\n<\/div><\/div><div style=\"clear: both\"><\/div><div class=\"d-flex justify-content-center\"><button data-item=\"decouvrez_link\" data-group=\"website_links\" class=\"goto fw-bold rounded-pill btn btn-orange\" aria-label=\"Pobierz Thorfortune\" >Pobierz Thorfortune<\/button><\/div><div class=\"scrollable-content-wrap my-5\"><div class=\"scrollable-content-inner\"><h2>Aplikacje dla system\u00f3w Windows i Mac<\/h2>\n<p>Kasyno Thorfortune oferuje r\u00f3wnie\u017c wersje na komputery stacjonarne z systemem Windows i Mac, je\u015bli chcesz korzysta\u0107 z pe\u0142nego ekranu na odpowiednim monitorze. Aplikacje zoptymalizowane pod k\u0105tem wi\u0119kszych wy\u015bwietlaczy zapewniaj\u0105 grafik\u0119 w wysokiej rozdzielczo\u015bci i zaawansowane funkcje.<\/p>\n<p>Czat na \u017cywo z zespo\u0142em pomocy technicznej, usprawniony proces weryfikacji i podobne funkcje zapewniaj\u0105 graczom korzystaj\u0105cym z komputer\u00f3w stacjonarnych pe\u0142ni\u0119 wra\u017ce\u0144 z gry bez utraty elastyczno\u015bci dost\u0119pnej tylko w przypadku urz\u0105dze\u0144 mobilnych. Mobilna wersja kasyna i wersja na komputery stacjonarne p\u0142ynnie si\u0119 ze sob\u0105 komunikuj\u0105, wi\u0119c rozpocz\u0119cie sesji na laptopie, a nast\u0119pnie kontynuowanie jej kilka godzin p\u00f3\u017aniej na telefonie zapewnia pe\u0142n\u0105 synchronizacj\u0119. Nie musisz r\u0119cznie koordynowa\u0107 \u017cadnych dzia\u0142a\u0144.<\/p>\n<table>\n<tbody>\n<tr>\n<td>Platforma<\/td>\n<td>Jak to uzyska\u0107<\/td>\n<td>Wymagania pami\u0119ci<\/td>\n<td>B\u0105d\u017a na bie\u017c\u0105co<\/td>\n<td>Korzy\u015bci<\/td>\n<\/tr>\n<tr>\n<td>iOS<\/td>\n<td>Progresywna aplikacja internetowa poprzez Safari<\/td>\n<td>Praktycznie nic, poniewa\u017c \u0142aduje si\u0119 na \u017c\u0105danie<\/td>\n<td>Odbywa si\u0119 automatycznie za po\u015brednictwem przegl\u0105darki<\/td>\n<td>Dzia\u0142a doskonale z Face ID i Touch ID<\/td>\n<\/tr>\n<tr>\n<td>Android<\/td>\n<td>PWA przy u\u017cyciu przegl\u0105darki Chrome lub innej preferowanej przegl\u0105darki<\/td>\n<td>Minimalne, poniewa\u017c nie ma du\u017cych plik\u00f3w aplikacji zajmuj\u0105cych miejsce<\/td>\n<td>Dzia\u0142a automatycznie po od\u015bwie\u017ceniu przegl\u0105darki<\/td>\n<td>Ca\u0142kowicie omija ograniczenia i op\u00f3\u017anienia zwi\u0105zane z zatwierdzaniem w Sklepie Play<\/td>\n<\/tr>\n<tr>\n<td>Windows\/Mac<\/td>\n<td>PWA<\/td>\n<td>Minimalne<\/td>\n<td>Aktualizacje po stronie serwera obs\u0142ugiwane bez Twojego udzia\u0142u<\/td>\n<td>Stworzona z my\u015bl\u0105 o du\u017cych ekranach, z ulepszon\u0105 grafik\u0105 i funkcjami<\/td>\n<\/tr>\n<\/tbody>\n<\/table>\n<p>Zalety aplikacji Thor Fortune jako PWA staj\u0105 si\u0119 oczywiste, gdy tylko si\u0119 im przyjrzysz. Aktualizacje odbywaj\u0105 si\u0119 samodzielnie, wp\u0142yw na pami\u0119\u0107 jest znikomy, dost\u0119p do aplikacji omija biurokracj\u0119 rynku, a do\u015bwiadczenie pozostaje sp\u00f3jne na wszystkich u\u017cywanych urz\u0105dzeniach.<\/p>\n<p><img loading=\"lazy\" decoding=\"async\" class=\"alignnone size-full wp-image-2016\" src=\"https:\/\/thor-fortune.net\/wp-content\/uploads\/2026\/02\/Thorfortune-Desktop.webp\" alt=\"Thorfortune Desktop\" width=\"1248\" height=\"536\" srcset=\"https:\/\/thorfortuneplay.com\/wp-content\/uploads\/2026\/02\/Thorfortune-Desktop.webp 1248w, https:\/\/thorfortuneplay.com\/wp-content\/uploads\/2026\/02\/Thorfortune-Desktop-300x129.webp 300w, https:\/\/thorfortuneplay.com\/wp-content\/uploads\/2026\/02\/Thorfortune-Desktop-1024x440.webp 1024w, https:\/\/thorfortuneplay.com\/wp-content\/uploads\/2026\/02\/Thorfortune-Desktop-768x330.webp 768w\" sizes=\"(max-width: 1248px) 100vw, 1248px\" \/><\/p>\n<\/div><\/div><div style=\"clear: both\"><\/div><div class=\"d-flex justify-content-center\"><button data-item=\"decouvrez_link\" data-group=\"website_links\" class=\"goto fw-bold rounded-pill btn btn-orange\" aria-label=\"Pobierz aplikacj\u0119 Thorfortune\" >Pobierz aplikacj\u0119 Thorfortune<\/button><\/div><div class=\"scrollable-content-wrap my-5\"><div class=\"scrollable-content-inner\"><h2>FAQ<\/h2>\n<h3>Czy do korzystania z aplikacji Thorfortune wymagane jest utworzenie konta?<\/h3>\n<p>Aby w pe\u0142ni wykorzysta\u0107 mo\u017cliwo\u015bci aplikacji Thorfortune, konieczna jest rejestracja, poniewa\u017c bez logowania dost\u0119pne s\u0105 tylko gry demo. Wi\u0119kszo\u015b\u0107 os\u00f3b chce jednak wp\u0142aca\u0107 prawdziwe pieni\u0105dze i zdobywa\u0107 rzeczywiste wygrane, co wymaga utworzenia konta. Rejestracja umo\u017cliwia dokonywanie wp\u0142at, udzia\u0142 w promocjach i odbieranie bonus\u00f3w, a tak\u017ce uruchamia proces weryfikacji, zapewniaj\u0105c bezpiecze\u0144stwo i zgodno\u015b\u0107 z prawem. Konfiguracja zajmuje kilka minut, a nast\u0119pnie wszystkie funkcje kasyna Thorfortune staj\u0105 si\u0119 dost\u0119pne.<\/p>\n<h3>Czy aplikacja Thorfortune Casino oferuje obs\u0142ug\u0119 klienta?<\/h3>\n<p>Aplikacja Thor Fortune \u0142\u0105czy Ci\u0119 bezpo\u015brednio z zespo\u0142em wsparcia poprzez czat na \u017cywo i e-mail. Profesjonali\u015bci znaj\u0105cy si\u0119 na swojej dziedzinie zajmuj\u0105 si\u0119 problemami technicznymi, niejasno\u015bciami zwi\u0105zanymi z procesem weryfikacji, problemami z kontem, og\u00f3lnymi pytaniami, a wszystko to bez konieczno\u015bci wychodzenia z aplikacji lub uruchamiania osobnej przegl\u0105darki. Czat na \u017cywo dzia\u0142a szybciej ni\u017c e-mail, gdy co\u015b wymaga natychmiastowej naprawy, ale oba zapewniaj\u0105 kompetentn\u0105 pomoc, dzi\u0119ki kt\u00f3rej mo\u017cesz kontynuowa\u0107 gr\u0119.<\/p>\n<h3>Jak zaktualizowa\u0107 aplikacj\u0119 Thorfortune Casino?<\/h3>\n<p>Aktualizacje s\u0105 wprowadzane automatycznie dzi\u0119ki progresywnym aplikacjom internetowym, co eliminuje stres zwi\u0105zany z r\u0119czn\u0105 aktualizacj\u0105. Od\u015bwie\u017canie przegl\u0105darki od czasu do czasu lub czyszczenie pami\u0119ci podr\u0119cznej gwarantuje, \u017ce korzystasz z aktualnych wersji z wszelkimi wprowadzonymi ulepszeniami. Komputery stacjonarne dzia\u0142aj\u0105 w ten sam spos\u00f3b, poniewa\u017c aktualizacje odbywaj\u0105 si\u0119 po stronie serwera bez konieczno\u015bci pobierania lub instalacji. Najnowsze funkcje i poprawki bezpiecze\u0144stwa pozostaj\u0105 dost\u0119pne.<\/p>\n<\/div><\/div><\/p>\n","protected":false},"excerpt":{"rendered":"<p>Thorfortune na urz\u0105dzeniach mobilnych Thorfortune App przenosi gry kasynowe online prosto do Twojej kieszeni bez \u017cadnych kompromis\u00f3w. Obs\u0142uguje wydajno\u015b\u0107 i wygod\u0119 na tyle dobrze, \u017ce dost\u0119p do ulubionych gier kasynowych ze smartfon\u00f3w jest tak samo solidny, jak gra na komputerze stacjonarnym. Ka\u017cdy tytu\u0142, w tym automaty online, opcje z krupierem na \u017cywo, natychmiastowe wygrane i [&hellip;]<\/p>\n","protected":false},"author":1,"featured_media":0,"parent":0,"menu_order":0,"comment_status":"closed","ping_status":"closed","template":"template-builder.php","meta":{"_acf_changed":false,"inline_featured_image":false,"footnotes":""},"class_list":["post-1447","page","type-page","status-publish","hentry"],"acf":[],"yoast_head":"<!-- This site is optimized with the Yoast SEO plugin v24.4 - https:\/\/yoast.com\/wordpress\/plugins\/seo\/ -->\n<title>Thorfortune Aplikacja Casino | Pobierz na iOS i Androida<\/title>\n<meta name=\"description\" content=\"Zabierz kasyno ze sob\u0105! Pobierz aplikacj\u0119 Thorfortune Casino na urz\u0105dzenie z systemem Android lub iOS, aby uzyska\u0107 natychmiastowy i \u0142atwy dost\u0119p do wszystkich swoich ulubionych gier w podr\u00f3\u017cy.\" \/>\n<meta name=\"robots\" content=\"index, follow, max-snippet:-1, max-image-preview:large, max-video-preview:-1\" \/>\n<link rel=\"canonical\" href=\"https:\/\/thorfortuneplay.com\/pl\/aplikacja\/\" \/>\n<meta property=\"og:locale\" content=\"pl_PL\" \/>\n<meta property=\"og:type\" content=\"article\" \/>\n<meta property=\"og:title\" content=\"Thorfortune Aplikacja Casino | Pobierz na iOS i Androida\" \/>\n<meta property=\"og:description\" content=\"Zabierz kasyno ze sob\u0105! Pobierz aplikacj\u0119 Thorfortune Casino na urz\u0105dzenie z systemem Android lub iOS, aby uzyska\u0107 natychmiastowy i \u0142atwy dost\u0119p do wszystkich swoich ulubionych gier w podr\u00f3\u017cy.\" \/>\n<meta property=\"og:url\" content=\"https:\/\/thorfortuneplay.com\/pl\/aplikacja\/\" \/>\n<meta property=\"og:site_name\" content=\"thorfortune\" \/>\n<meta property=\"article:modified_time\" content=\"2026-02-26T12:16:46+00:00\" \/>\n<meta name=\"twitter:card\" content=\"summary_large_image\" \/>\n<meta name=\"twitter:label1\" content=\"Est. reading time\" \/>\n\t<meta name=\"twitter:data1\" content=\"2 minutes\" \/>\n<script type=\"application\/ld+json\" class=\"yoast-schema-graph\">{\"@context\":\"https:\/\/schema.org\",\"@graph\":[{\"@type\":\"WebPage\",\"@id\":\"https:\/\/thorfortuneplay.com\/pl\/aplikacja\/\",\"url\":\"https:\/\/thorfortuneplay.com\/pl\/aplikacja\/\",\"name\":\"Thorfortune Aplikacja Casino | Pobierz na iOS i Androida\",\"isPartOf\":{\"@id\":\"https:\/\/thorfortuneplay.com\/pl\/#website\"},\"datePublished\":\"2026-01-20T12:08:23+00:00\",\"dateModified\":\"2026-02-26T12:16:46+00:00\",\"description\":\"Zabierz kasyno ze sob\u0105! Pobierz aplikacj\u0119 Thorfortune Casino na urz\u0105dzenie z systemem Android lub iOS, aby uzyska\u0107 natychmiastowy i \u0142atwy dost\u0119p do wszystkich swoich ulubionych gier w podr\u00f3\u017cy.\",\"breadcrumb\":{\"@id\":\"https:\/\/thorfortuneplay.com\/pl\/aplikacja\/#breadcrumb\"},\"inLanguage\":\"pl-PL\",\"potentialAction\":[{\"@type\":\"ReadAction\",\"target\":[\"https:\/\/thorfortuneplay.com\/pl\/aplikacja\/\"]}]},{\"@type\":\"BreadcrumbList\",\"@id\":\"https:\/\/thorfortuneplay.com\/pl\/aplikacja\/#breadcrumb\",\"itemListElement\":[{\"@type\":\"ListItem\",\"position\":1,\"name\":\"Thorfortune\",\"item\":\"https:\/\/thorfortuneplay.com\/pl\/\"},{\"@type\":\"ListItem\",\"position\":2,\"name\":\"Aplikacja\"}]},{\"@type\":\"WebSite\",\"@id\":\"https:\/\/thorfortuneplay.com\/pl\/#website\",\"url\":\"https:\/\/thorfortuneplay.com\/pl\/\",\"name\":\"Thorfortune\",\"description\":\"\",\"publisher\":{\"@id\":\"https:\/\/thorfortuneplay.com\/pl\/#organization\"},\"potentialAction\":[{\"@type\":\"SearchAction\",\"target\":{\"@type\":\"EntryPoint\",\"urlTemplate\":\"https:\/\/thorfortuneplay.com\/pl\/?s={search_term_string}\"},\"query-input\":{\"@type\":\"PropertyValueSpecification\",\"valueRequired\":true,\"valueName\":\"search_term_string\"}}],\"inLanguage\":\"pl-PL\"},{\"@type\":\"Organization\",\"@id\":\"https:\/\/thorfortuneplay.com\/pl\/#organization\",\"name\":\"Thorfortune\",\"url\":\"https:\/\/thorfortuneplay.com\/pl\/\",\"logo\":{\"@type\":\"ImageObject\",\"inLanguage\":\"pl-PL\",\"@id\":\"https:\/\/thorfortuneplay.com\/pl\/#\/schema\/logo\/image\/\",\"url\":\"https:\/\/thorfortuneplay.com\/wp-content\/uploads\/2026\/02\/logo-1.png\",\"contentUrl\":\"https:\/\/thorfortuneplay.com\/wp-content\/uploads\/2026\/02\/logo-1.png\",\"width\":160,\"height\":37,\"caption\":\"Thorfortune\"},\"image\":{\"@id\":\"https:\/\/thorfortuneplay.com\/pl\/#\/schema\/logo\/image\/\"}}]}<\/script>\n<!-- \/ Yoast SEO plugin. -->","yoast_head_json":{"title":"Thorfortune Aplikacja Casino | Pobierz na iOS i Androida","description":"Zabierz kasyno ze sob\u0105! Pobierz aplikacj\u0119 Thorfortune Casino na urz\u0105dzenie z systemem Android lub iOS, aby uzyska\u0107 natychmiastowy i \u0142atwy dost\u0119p do wszystkich swoich ulubionych gier w podr\u00f3\u017cy.","robots":{"index":"index","follow":"follow","max-snippet":"max-snippet:-1","max-image-preview":"max-image-preview:large","max-video-preview":"max-video-preview:-1"},"canonical":"https:\/\/thorfortuneplay.com\/pl\/aplikacja\/","og_locale":"pl_PL","og_type":"article","og_title":"Thorfortune Aplikacja Casino | Pobierz na iOS i Androida","og_description":"Zabierz kasyno ze sob\u0105! Pobierz aplikacj\u0119 Thorfortune Casino na urz\u0105dzenie z systemem Android lub iOS, aby uzyska\u0107 natychmiastowy i \u0142atwy dost\u0119p do wszystkich swoich ulubionych gier w podr\u00f3\u017cy.","og_url":"https:\/\/thorfortuneplay.com\/pl\/aplikacja\/","og_site_name":"thorfortune","article_modified_time":"2026-02-26T12:16:46+00:00","twitter_card":"summary_large_image","twitter_misc":{"Est. reading time":"2 minutes"},"schema":{"@context":"https:\/\/schema.org","@graph":[{"@type":"WebPage","@id":"https:\/\/thorfortuneplay.com\/pl\/aplikacja\/","url":"https:\/\/thorfortuneplay.com\/pl\/aplikacja\/","name":"Thorfortune Aplikacja Casino | Pobierz na iOS i Androida","isPartOf":{"@id":"https:\/\/thorfortuneplay.com\/pl\/#website"},"datePublished":"2026-01-20T12:08:23+00:00","dateModified":"2026-02-26T12:16:46+00:00","description":"Zabierz kasyno ze sob\u0105! Pobierz aplikacj\u0119 Thorfortune Casino na urz\u0105dzenie z systemem Android lub iOS, aby uzyska\u0107 natychmiastowy i \u0142atwy dost\u0119p do wszystkich swoich ulubionych gier w podr\u00f3\u017cy.","breadcrumb":{"@id":"https:\/\/thorfortuneplay.com\/pl\/aplikacja\/#breadcrumb"},"inLanguage":"pl-PL","potentialAction":[{"@type":"ReadAction","target":["https:\/\/thorfortuneplay.com\/pl\/aplikacja\/"]}]},{"@type":"BreadcrumbList","@id":"https:\/\/thorfortuneplay.com\/pl\/aplikacja\/#breadcrumb","itemListElement":[{"@type":"ListItem","position":1,"name":"Thorfortune","item":"https:\/\/thorfortuneplay.com\/pl\/"},{"@type":"ListItem","position":2,"name":"Aplikacja"}]},{"@type":"WebSite","@id":"https:\/\/thorfortuneplay.com\/pl\/#website","url":"https:\/\/thorfortuneplay.com\/pl\/","name":"Thorfortune","description":"","publisher":{"@id":"https:\/\/thorfortuneplay.com\/pl\/#organization"},"potentialAction":[{"@type":"SearchAction","target":{"@type":"EntryPoint","urlTemplate":"https:\/\/thorfortuneplay.com\/pl\/?s={search_term_string}"},"query-input":{"@type":"PropertyValueSpecification","valueRequired":true,"valueName":"search_term_string"}}],"inLanguage":"pl-PL"},{"@type":"Organization","@id":"https:\/\/thorfortuneplay.com\/pl\/#organization","name":"Thorfortune","url":"https:\/\/thorfortuneplay.com\/pl\/","logo":{"@type":"ImageObject","inLanguage":"pl-PL","@id":"https:\/\/thorfortuneplay.com\/pl\/#\/schema\/logo\/image\/","url":"https:\/\/thorfortuneplay.com\/wp-content\/uploads\/2026\/02\/logo-1.png","contentUrl":"https:\/\/thorfortuneplay.com\/wp-content\/uploads\/2026\/02\/logo-1.png","width":160,"height":37,"caption":"Thorfortune"},"image":{"@id":"https:\/\/thorfortuneplay.com\/pl\/#\/schema\/logo\/image\/"}}]}},"_links":{"self":[{"href":"https:\/\/thorfortuneplay.com\/pl\/wp-json\/wp\/v2\/pages\/1447"}],"collection":[{"href":"https:\/\/thorfortuneplay.com\/pl\/wp-json\/wp\/v2\/pages"}],"about":[{"href":"https:\/\/thorfortuneplay.com\/pl\/wp-json\/wp\/v2\/types\/page"}],"author":[{"embeddable":true,"href":"https:\/\/thorfortuneplay.com\/pl\/wp-json\/wp\/v2\/users\/1"}],"replies":[{"embeddable":true,"href":"https:\/\/thorfortuneplay.com\/pl\/wp-json\/wp\/v2\/comments?post=1447"}],"version-history":[{"count":3,"href":"https:\/\/thorfortuneplay.com\/pl\/wp-json\/wp\/v2\/pages\/1447\/revisions"}],"predecessor-version":[{"id":2101,"href":"https:\/\/thorfortuneplay.com\/pl\/wp-json\/wp\/v2\/pages\/1447\/revisions\/2101"}],"wp:attachment":[{"href":"https:\/\/thorfortuneplay.com\/pl\/wp-json\/wp\/v2\/media?parent=1447"}],"curies":[{"name":"wp","href":"https:\/\/api.w.org\/{rel}","templated":true}]}}