{"id":1445,"date":"2026-01-20T12:08:23","date_gmt":"2026-01-20T12:08:23","guid":{"rendered":"https:\/\/bonuskongcasino.com\/app\/"},"modified":"2026-02-26T11:53:32","modified_gmt":"2026-02-26T11:53:32","slug":"applicazione","status":"publish","type":"page","link":"https:\/\/thorfortuneplay.com\/it\/applicazione\/","title":{"rendered":"Applicazione"},"content":{"rendered":"<h1>Thorfortune sui dispositivi mobili<\/h1>\n<p>Thorfortune App porta il gioco del casin\u00f2 online direttamente nella tua tasca senza compromessi. Gestisce le prestazioni e la comodit\u00e0 in modo tale che l&#8217;accesso ai tuoi giochi da casin\u00f2 preferiti dagli smartphone sia solido quanto il gioco da desktop. Tutti i titoli, comprese le slot online, le opzioni con croupier dal vivo, le vincite immediate e i giochi di carte, disponibili nella versione desktop, funzionano attraverso l&#8217;app mobile senza fastidiose restrizioni.<\/p>\n<p>Thorfortune Casino mantiene costante la qualit\u00e0 dell&#8217;esperienza di gioco per i giocatori italiani. Non ti costringiamo a pianificare l&#8217;intera giornata in base al momento in cui puoi accedere a un computer.<\/p>\n<div class=\"banner-wrap\" aria-label=\"Banner\"><img src=\"https:\/\/thorfortuneplay.com\/wp-content\/uploads\/2026\/02\/Thorfortune-bnr-pc.webp\" class=\"w-100 d-none d-lg-block img-pc main-banner-img\" alt=\"thorfortune banner desktop\" fetchpriority=\"high\" decoding=\"async\"><img src=\"https:\/\/thorfortuneplay.com\/wp-content\/uploads\/2026\/02\/thorfortune-banner-mobile.webp\" class=\"w-100 d-none d-md-block d-lg-none main-banner-img\" alt=\"thorfortune banner mobile\" fetchpriority=\"high\" decoding=\"async\"><img src=\"https:\/\/thorfortuneplay.com\/wp-content\/uploads\/2026\/02\/thorfortune-banner-mobile.webp\" class=\"w-100 d-md-none\" alt=\"thorfortune banner mobile\" fetchpriority=\"high\" decoding=\"async\"><div class=\"banner-description\">\n<div class=\"banner-title\">Bonus di benvenuto<\/div>\n<p class=\"banner-header-title\">1500 \u20ac<\/p>\n<div class=\"banner-header-AdditionalText\">+ 250 Giri gratuiti<\/div>\n<button data-item=\"homepage_banner_link\" class=\"goto m-button m-gradient-border m-button--primary m-button--large banner-button btn-orange\">\n            <div class=\"m-button-content\">\n                <span>Iscriviti ora<\/span>\n                <span><\/span>\n            <\/div>\n        <\/button>\n<\/div>\n<div class=\"WelcomePack\">\n<p><img loading=\"lazy\" decoding=\"async\" class=\"alignnone size-full wp-image-1847\" src=\"https:\/\/thor-fortune.net\/wp-content\/uploads\/2026\/02\/welcome-crown.png\" alt=\"welcome crown\" width=\"25\" height=\"26\" \/><\/p>\n<div class=\"WelcomePack-Info\">Cashback settimanale fino al 25%<\/div>\n<p><img loading=\"lazy\" decoding=\"async\" class=\"alignnone size-full wp-image-1847\" src=\"https:\/\/thor-fortune.net\/wp-content\/uploads\/2026\/02\/welcome-crown.png\" alt=\"welcome crown\" width=\"25\" height=\"26\" \/><\/p>\n<\/div>\n<\/div>\n<h2>Caratteristiche dell&#8217;app mobile Thorfortune<\/h2>\n<p>Thor Fortune Casino funziona in modo sufficientemente affidabile da garantire prestazioni solide, sicurezza indiscutibile e usabilit\u00e0 naturale, cos\u00ec giocare ai tuoi giochi preferiti non si trasforma in una frustrante battaglia tecnica.<\/p>\n<p>L&#8217;app Thorfortune merita di essere provata:<\/p>\n<ul>\n<li>Invece di rimanere intrappolati dove si trova il tuo computer, i tuoi giochi ti seguono ovunque.<\/li>\n<li>Le piattaforme mobili ottimizzate per un caricamento veloce e risposte rapide garantiscono sessioni fluide ovunque ci sia segnale.<\/li>\n<li>La navigazione non richiede di memorizzare dove si trova tutto, perch\u00e9 il design rimane pulito e logico.<\/li>\n<li>Puoi giocare in qualsiasi momento, poich\u00e9 l&#8217;app Thorfortune funziona durante i spostamenti, a casa, durante le pause di lavoro, praticamente ovunque senza limiti di posizione.<\/li>\n<li>La sicurezza che protegge le transazioni e le informazioni personali su Thorfortune Casino utilizza la stessa crittografia e gli stessi protocolli sia su dispositivi mobili che su desktop, quindi il passaggio da una piattaforma all&#8217;altra non espone improvvisamente i tuoi dati.<\/li>\n<li>La scelta del dispositivo diventa irrilevante perch\u00e9 i telefoni e i tablet iOS e Android funzionano tutti senza misteriose incompatibilit\u00e0.<\/li>\n<\/ul>\n<p><div class=\"scrollable-content-wrap my-5\"><div class=\"scrollable-content-inner\"><h2>App Thorfortune per iOS<\/h2>\n<p>La versione iOS dell&#8217;app Thorfortune offre un&#8217;esperienza fluida e intuitiva, pensata appositamente per gli utenti di dispositivi Apple. Il caricamento \u00e8 veloce e la sicurezza \u00e8 garantita, rendendo le sessioni sicure e scattanti. Scaricare la nostra app sul tuo iPhone o iPad \u00e8 semplicissimo:<\/p>\n<ol>\n<li>Una volta caricata la pagina di Thorfortune Casino, cerca in fondo allo schermo il pulsante Condividi, quello che assomiglia a un quadrato con una freccia che punta verso l&#8217;alto.<\/li>\n<li>Tocca quella piccola icona e un intero menu scivoler\u00e0 verso l&#8217;alto dalla parte inferiore.<\/li>\n<li>Scorri le opzioni fino a trovare &#8220;Aggiungi alla schermata Home&#8221;. Toccala e Safari ti mostrer\u00e0 un&#8217;anteprima di come apparir\u00e0 l&#8217;icona sulla tua schermata Home.<\/li>\n<li>Puoi rinominarla se desideri un nome pi\u00f9 breve o diverso da quello predefinito, oppure lasciarla cos\u00ec com&#8217;\u00e8. Premi &#8220;Aggiungi&#8221; nell&#8217;angolo in alto a destra e l&#8217;icona dell&#8217;app Thor Fortune apparir\u00e0 sulla tua schermata iniziale insieme a tutte le altre app.<\/li>\n<\/ol>\n<p>Ora, ogni volta che vuoi giocare, basta toccare quell&#8217;icona come qualsiasi altra app normale.<\/p>\n<p><img loading=\"lazy\" decoding=\"async\" class=\"alignnone size-full wp-image-2023\" src=\"https:\/\/thor-fortune.net\/wp-content\/uploads\/2026\/02\/Thorfortune-iOS.webp\" alt=\"Thorfortune iOS\" width=\"1248\" height=\"536\" srcset=\"https:\/\/thorfortuneplay.com\/wp-content\/uploads\/2026\/02\/Thorfortune-iOS.webp 1248w, https:\/\/thorfortuneplay.com\/wp-content\/uploads\/2026\/02\/Thorfortune-iOS-300x129.webp 300w, https:\/\/thorfortuneplay.com\/wp-content\/uploads\/2026\/02\/Thorfortune-iOS-1024x440.webp 1024w, https:\/\/thorfortuneplay.com\/wp-content\/uploads\/2026\/02\/Thorfortune-iOS-768x330.webp 768w\" sizes=\"(max-width: 1248px) 100vw, 1248px\" \/><\/p>\n<\/div><\/div><div style=\"clear: both\"><\/div><div class=\"d-flex justify-content-center\"><button data-item=\"decouvrez_link\" data-group=\"website_links\" class=\"goto fw-bold rounded-pill btn btn-orange\" aria-label=\"Scarica l&#039;app Thorfortune\" >Scarica l&#039;app Thorfortune<\/button><\/div><div class=\"scrollable-content-wrap my-5\"><div class=\"scrollable-content-inner\"><h2>App Thorfortune per Android<\/h2>\n<p>Android ottiene l&#8217;app Thorfortune come una potente applicazione web progressiva che serve l&#8217;enorme variet\u00e0 di telefoni e tablet Android disponibili con connessioni stabili e grafica di qualit\u00e0.<\/p>\n<p>Per scaricare la nostra piattaforma, cerca la barra degli indirizzi nella parte superiore di Thorfortune Casino. Trova tre puntini verticali sul lato destro. Quello \u00e8 il pulsante del menu: toccalo.<\/p>\n<p>Apparir\u00e0 un menu a tendina che ti mostrer\u00e0 una serie di opzioni. Cerca &#8220;Aggiungi alla schermata Home&#8221; in quell&#8217;elenco e toccalo quando lo trovi. Chrome aprir\u00e0 una piccola finestra di dialogo che ti chieder\u00e0 di confermare, mostrandoti come apparir\u00e0 l&#8217;icona e permettendoti di rinominarla se il nome predefinito non ti piace. Tocca &#8220;Aggiungi&#8221; per confermare e Chrome far\u00e0 il suo lavoro.<\/p>\n<p>L&#8217;icona dell&#8217;app Thor Fortune appare quasi immediatamente sulla schermata iniziale. Puoi trascinarla dove vuoi: tieni premuto il dito su di essa, trascinala in un altro punto e solleva il dito quando \u00e8 nella posizione giusta. D&#8217;ora in poi, per aprire il casin\u00f2 baster\u00e0 toccare quell&#8217;icona e nient&#8217;altro.<\/p>\n<h3>Dal login al gioco su dispositivo mobile<\/h3>\n<p>Avviare una sessione su Thorfortune tramite telefono o tablet non \u00e8 diverso dall&#8217;utilizzare un computer desktop, solo pi\u00f9 veloce e flessibile. La schermata di accesso richiede solo la tua e-mail e la password e, una volta effettuato l&#8217;accesso, la lobby si carica immediatamente.<\/p>\n<p>Trovare i giochi sul casin\u00f2 mobile Thor Fortune \u00e8 intuitivo. Slot, giochi da tavolo, giochi da casin\u00f2 dal vivo e titoli crash sono raggruppati in sezioni organizzate come Nuovi, Di tendenza e Popolari. Troverai di tutto, dalle classiche slot a tre rulli e le moderne versioni a cinque rulli ai giochi 3D ad alto RTP con caratteristiche come rulli a cascata, Megaways, simboli espandibili e opzioni di acquisto bonus.<\/p>\n<p><img loading=\"lazy\" decoding=\"async\" class=\"alignnone size-full wp-image-2007\" src=\"https:\/\/thor-fortune.net\/wp-content\/uploads\/2026\/02\/Thorfortune-Android.webp\" alt=\"Thorfortune Android\" width=\"1248\" height=\"536\" srcset=\"https:\/\/thorfortuneplay.com\/wp-content\/uploads\/2026\/02\/Thorfortune-Android.webp 1248w, https:\/\/thorfortuneplay.com\/wp-content\/uploads\/2026\/02\/Thorfortune-Android-300x129.webp 300w, https:\/\/thorfortuneplay.com\/wp-content\/uploads\/2026\/02\/Thorfortune-Android-1024x440.webp 1024w, https:\/\/thorfortuneplay.com\/wp-content\/uploads\/2026\/02\/Thorfortune-Android-768x330.webp 768w\" sizes=\"(max-width: 1248px) 100vw, 1248px\" \/><\/p>\n<\/div><\/div><div style=\"clear: both\"><\/div><div class=\"d-flex justify-content-center\"><button data-item=\"decouvrez_link\" data-group=\"website_links\" class=\"goto fw-bold rounded-pill btn btn-orange\" aria-label=\"Scarica Thorfortune\" >Scarica Thorfortune<\/button><\/div><div class=\"scrollable-content-wrap my-5\"><div class=\"scrollable-content-inner\"><h2>Applicazioni per Windows e Mac<\/h2>\n<p>Thorfortune Casino offre anche versioni desktop per Windows e Mac, per chi desidera uno schermo pi\u00f9 grande su un monitor adeguato. Le applicazioni ottimizzate per schermi pi\u00f9 grandi offrono una grafica ad alta risoluzione e funzionalit\u00e0 sofisticate.<\/p>\n<p>La chat live con il team di assistenza, un processo di verifica semplificato e funzionalit\u00e0 come queste garantiscono ai giocatori desktop un&#8217;esperienza di gioco completa senza i costi di flessibilit\u00e0 dell&#8217;accesso solo da dispositivo mobile. Il casin\u00f2 mobile e le versioni desktop comunicano tra loro senza soluzione di continuit\u00e0, quindi avviare le sessioni sul tuo laptop e poi riprenderle ore dopo sul tuo telefono mantiene tutto sincronizzato. E non devi coordinare manualmente nulla.<\/p>\n<table>\n<tbody>\n<tr>\n<td>Piattaforma<\/td>\n<td>Come ottenerla<\/td>\n<td>Impatto sulla memoria<\/td>\n<td>Rimanere aggiornati<\/td>\n<td>Vantaggi<\/td>\n<\/tr>\n<tr>\n<td>iOS<\/td>\n<td>App web progressiva tramite Safari<\/td>\n<td>Quasi nulla, poich\u00e9 si carica su richiesta<\/td>\n<td>Avviene automaticamente tramite il browser<\/td>\n<td>Funziona perfettamente con Face ID e Touch ID<\/td>\n<\/tr>\n<tr>\n<td>Android<\/td>\n<td>PWA utilizzando Chrome o un altro browser a scelta<\/td>\n<td>Minimo, poich\u00e9 non occupa spazio con file di app di grandi dimensioni<\/td>\n<td>Automatico quando il browser si aggiorna<\/td>\n<td>Elude completamente le restrizioni e i ritardi di approvazione del Play Store<\/td>\n<\/tr>\n<tr>\n<td>Windows\/Mac<\/td>\n<td>PWA<\/td>\n<td>Minimo<\/td>\n<td>Gli aggiornamenti lato server gestiscono il tutto senza disturbarti<\/td>\n<td>Progettato per schermi di grandi dimensioni con grafica e funzionalit\u00e0 migliorate<\/td>\n<\/tr>\n<\/tbody>\n<\/table>\n<p>I vantaggi dell&#8217;app Thor Fortune come PWA diventano evidenti una volta che li si esamina nel dettaglio. Gli aggiornamenti vengono gestiti automaticamente, l&#8217;impatto sulla memoria rimane trascurabile, l&#8217;accesso evita le lungaggini burocratiche del marketplace e l&#8217;esperienza rimane coerente su tutti i dispositivi utilizzati.<\/p>\n<p><img loading=\"lazy\" decoding=\"async\" class=\"alignnone size-full wp-image-2015\" src=\"https:\/\/thor-fortune.net\/wp-content\/uploads\/2026\/02\/Thorfortune-Desktop.webp\" alt=\"Thorfortune Desktop\" width=\"1248\" height=\"536\" srcset=\"https:\/\/thorfortuneplay.com\/wp-content\/uploads\/2026\/02\/Thorfortune-Desktop.webp 1248w, https:\/\/thorfortuneplay.com\/wp-content\/uploads\/2026\/02\/Thorfortune-Desktop-300x129.webp 300w, https:\/\/thorfortuneplay.com\/wp-content\/uploads\/2026\/02\/Thorfortune-Desktop-1024x440.webp 1024w, https:\/\/thorfortuneplay.com\/wp-content\/uploads\/2026\/02\/Thorfortune-Desktop-768x330.webp 768w\" sizes=\"(max-width: 1248px) 100vw, 1248px\" \/><\/p>\n<\/div><\/div><div style=\"clear: both\"><\/div><div class=\"d-flex justify-content-center\"><button data-item=\"decouvrez_link\" data-group=\"website_links\" class=\"goto fw-bold rounded-pill btn btn-orange\" aria-label=\"Scarica l&#039;app Thorfortune\" >Scarica l&#039;app Thorfortune<\/button><\/div><div class=\"scrollable-content-wrap my-5\"><div class=\"scrollable-content-inner\"><h2>Domande frequenti<\/h2>\n<h3>\u00c8 necessario creare un account per utilizzare l&#8217;app Thorfortune?<\/h3>\n<p>Per sfruttare appieno il valore dell&#8217;app Thorfortune \u00e8 necessaria la registrazione, poich\u00e9 i giochi demo sono le uniche attivit\u00e0 accessibili senza effettuare il login. La maggior parte delle persone desidera depositare denaro reale e perseguire vincite effettive, il che richiede la creazione di un account. La registrazione consente di effettuare depositi, partecipare a promozioni e richiedere bonus, oltre ad avviare il processo di verifica, garantendo la sicurezza e la conformit\u00e0 legale. La configurazione richiede pochi minuti, dopodich\u00e9 tutto ci\u00f2 che Thorfortune Casino offre diventa disponibile.<\/p>\n<h3>L&#8217;app Thorfortune Casino offre assistenza clienti?<\/h3>\n<p>L&#8217;app Thor Fortune ti mette direttamente in contatto con il team di assistenza tramite live chat ed e-mail. Professionisti esperti nel loro campo gestiscono problemi tecnici, confusione nel processo di verifica, problemi con l&#8217;account, domande generali, il tutto senza costringerti a uscire dall&#8217;app o ad avviare un browser separato. La live chat \u00e8 pi\u00f9 veloce dell&#8217;e-mail quando c&#8217;\u00e8 bisogno di risolvere qualcosa immediatamente, ma entrambe ti forniscono un&#8217;assistenza competente per mantenere fluida la tua esperienza di gioco.<\/p>\n<h3>Come aggiornare l&#8217;app Thorfortune Casino?<\/h3>\n<p>Gli aggiornamenti vengono distribuiti automaticamente con le applicazioni web progressive, eliminando lo stress degli aggiornamenti manuali. Aggiornando il browser di tanto in tanto o svuotando la cache ogni tanto, avrai la garanzia di utilizzare le versioni pi\u00f9 recenti con tutti i miglioramenti appena rilasciati. Il desktop funziona allo stesso modo, poich\u00e9 gli aggiornamenti avvengono lato server senza download o installazioni. Le ultime funzionalit\u00e0 e le patch di sicurezza rimangono accessibili.<\/p>\n<\/div><\/div><\/p>\n","protected":false},"excerpt":{"rendered":"<p>Thorfortune sui dispositivi mobili Thorfortune App porta il gioco del casin\u00f2 online direttamente nella tua tasca senza compromessi. Gestisce le prestazioni e la comodit\u00e0 in modo tale che l&#8217;accesso ai tuoi giochi da casin\u00f2 preferiti dagli smartphone sia solido quanto il gioco da desktop. Tutti i titoli, comprese le slot online, le opzioni con croupier [&hellip;]<\/p>\n","protected":false},"author":1,"featured_media":0,"parent":0,"menu_order":0,"comment_status":"closed","ping_status":"closed","template":"template-builder.php","meta":{"_acf_changed":false,"inline_featured_image":false,"footnotes":""},"class_list":["post-1445","page","type-page","status-publish","hentry"],"acf":[],"yoast_head":"<!-- This site is optimized with the Yoast SEO plugin v24.4 - https:\/\/yoast.com\/wordpress\/plugins\/seo\/ -->\n<title>Thorfortune App Casino | Scarica per iOS e Android<\/title>\n<meta name=\"description\" content=\"Porta il casin\u00f2 sempre con te! Scarica l&#039;app Thorfortune Casino sul tuo dispositivo Android o iOS per accedere in modo facile e immediato a tutti i tuoi giochi preferiti ovunque ti trovi.\" \/>\n<meta name=\"robots\" content=\"index, follow, max-snippet:-1, max-image-preview:large, max-video-preview:-1\" \/>\n<link rel=\"canonical\" href=\"https:\/\/thorfortuneplay.com\/it\/applicazione\/\" \/>\n<meta property=\"og:locale\" content=\"it_IT\" \/>\n<meta property=\"og:type\" content=\"article\" \/>\n<meta property=\"og:title\" content=\"Thorfortune App Casino | Scarica per iOS e Android\" \/>\n<meta property=\"og:description\" content=\"Porta il casin\u00f2 sempre con te! Scarica l&#039;app Thorfortune Casino sul tuo dispositivo Android o iOS per accedere in modo facile e immediato a tutti i tuoi giochi preferiti ovunque ti trovi.\" \/>\n<meta property=\"og:url\" content=\"https:\/\/thorfortuneplay.com\/it\/applicazione\/\" \/>\n<meta property=\"og:site_name\" content=\"thorfortune\" \/>\n<meta property=\"article:modified_time\" content=\"2026-02-26T11:53:32+00:00\" \/>\n<meta name=\"twitter:card\" content=\"summary_large_image\" \/>\n<meta name=\"twitter:label1\" content=\"Est. reading time\" \/>\n\t<meta name=\"twitter:data1\" content=\"2 minutes\" \/>\n<script type=\"application\/ld+json\" class=\"yoast-schema-graph\">{\"@context\":\"https:\/\/schema.org\",\"@graph\":[{\"@type\":\"WebPage\",\"@id\":\"https:\/\/thorfortuneplay.com\/it\/applicazione\/\",\"url\":\"https:\/\/thorfortuneplay.com\/it\/applicazione\/\",\"name\":\"Thorfortune App Casino | Scarica per iOS e Android\",\"isPartOf\":{\"@id\":\"https:\/\/thorfortuneplay.com\/it\/#website\"},\"datePublished\":\"2026-01-20T12:08:23+00:00\",\"dateModified\":\"2026-02-26T11:53:32+00:00\",\"description\":\"Porta il casin\u00f2 sempre con te! Scarica l'app Thorfortune Casino sul tuo dispositivo Android o iOS per accedere in modo facile e immediato a tutti i tuoi giochi preferiti ovunque ti trovi.\",\"breadcrumb\":{\"@id\":\"https:\/\/thorfortuneplay.com\/it\/applicazione\/#breadcrumb\"},\"inLanguage\":\"it-IT\",\"potentialAction\":[{\"@type\":\"ReadAction\",\"target\":[\"https:\/\/thorfortuneplay.com\/it\/applicazione\/\"]}]},{\"@type\":\"BreadcrumbList\",\"@id\":\"https:\/\/thorfortuneplay.com\/it\/applicazione\/#breadcrumb\",\"itemListElement\":[{\"@type\":\"ListItem\",\"position\":1,\"name\":\"Thorfortune\",\"item\":\"https:\/\/thorfortuneplay.com\/it\/\"},{\"@type\":\"ListItem\",\"position\":2,\"name\":\"Applicazione\"}]},{\"@type\":\"WebSite\",\"@id\":\"https:\/\/thorfortuneplay.com\/it\/#website\",\"url\":\"https:\/\/thorfortuneplay.com\/it\/\",\"name\":\"Thorfortune\",\"description\":\"\",\"publisher\":{\"@id\":\"https:\/\/thorfortuneplay.com\/it\/#organization\"},\"potentialAction\":[{\"@type\":\"SearchAction\",\"target\":{\"@type\":\"EntryPoint\",\"urlTemplate\":\"https:\/\/thorfortuneplay.com\/it\/?s={search_term_string}\"},\"query-input\":{\"@type\":\"PropertyValueSpecification\",\"valueRequired\":true,\"valueName\":\"search_term_string\"}}],\"inLanguage\":\"it-IT\"},{\"@type\":\"Organization\",\"@id\":\"https:\/\/thorfortuneplay.com\/it\/#organization\",\"name\":\"Thorfortune\",\"url\":\"https:\/\/thorfortuneplay.com\/it\/\",\"logo\":{\"@type\":\"ImageObject\",\"inLanguage\":\"it-IT\",\"@id\":\"https:\/\/thorfortuneplay.com\/it\/#\/schema\/logo\/image\/\",\"url\":\"https:\/\/thorfortuneplay.com\/wp-content\/uploads\/2026\/02\/logo-1.png\",\"contentUrl\":\"https:\/\/thorfortuneplay.com\/wp-content\/uploads\/2026\/02\/logo-1.png\",\"width\":160,\"height\":37,\"caption\":\"Thorfortune\"},\"image\":{\"@id\":\"https:\/\/thorfortuneplay.com\/it\/#\/schema\/logo\/image\/\"}}]}<\/script>\n<!-- \/ Yoast SEO plugin. -->","yoast_head_json":{"title":"Thorfortune App Casino | Scarica per iOS e Android","description":"Porta il casin\u00f2 sempre con te! Scarica l'app Thorfortune Casino sul tuo dispositivo Android o iOS per accedere in modo facile e immediato a tutti i tuoi giochi preferiti ovunque ti trovi.","robots":{"index":"index","follow":"follow","max-snippet":"max-snippet:-1","max-image-preview":"max-image-preview:large","max-video-preview":"max-video-preview:-1"},"canonical":"https:\/\/thorfortuneplay.com\/it\/applicazione\/","og_locale":"it_IT","og_type":"article","og_title":"Thorfortune App Casino | Scarica per iOS e Android","og_description":"Porta il casin\u00f2 sempre con te! Scarica l'app Thorfortune Casino sul tuo dispositivo Android o iOS per accedere in modo facile e immediato a tutti i tuoi giochi preferiti ovunque ti trovi.","og_url":"https:\/\/thorfortuneplay.com\/it\/applicazione\/","og_site_name":"thorfortune","article_modified_time":"2026-02-26T11:53:32+00:00","twitter_card":"summary_large_image","twitter_misc":{"Est. reading time":"2 minutes"},"schema":{"@context":"https:\/\/schema.org","@graph":[{"@type":"WebPage","@id":"https:\/\/thorfortuneplay.com\/it\/applicazione\/","url":"https:\/\/thorfortuneplay.com\/it\/applicazione\/","name":"Thorfortune App Casino | Scarica per iOS e Android","isPartOf":{"@id":"https:\/\/thorfortuneplay.com\/it\/#website"},"datePublished":"2026-01-20T12:08:23+00:00","dateModified":"2026-02-26T11:53:32+00:00","description":"Porta il casin\u00f2 sempre con te! Scarica l'app Thorfortune Casino sul tuo dispositivo Android o iOS per accedere in modo facile e immediato a tutti i tuoi giochi preferiti ovunque ti trovi.","breadcrumb":{"@id":"https:\/\/thorfortuneplay.com\/it\/applicazione\/#breadcrumb"},"inLanguage":"it-IT","potentialAction":[{"@type":"ReadAction","target":["https:\/\/thorfortuneplay.com\/it\/applicazione\/"]}]},{"@type":"BreadcrumbList","@id":"https:\/\/thorfortuneplay.com\/it\/applicazione\/#breadcrumb","itemListElement":[{"@type":"ListItem","position":1,"name":"Thorfortune","item":"https:\/\/thorfortuneplay.com\/it\/"},{"@type":"ListItem","position":2,"name":"Applicazione"}]},{"@type":"WebSite","@id":"https:\/\/thorfortuneplay.com\/it\/#website","url":"https:\/\/thorfortuneplay.com\/it\/","name":"Thorfortune","description":"","publisher":{"@id":"https:\/\/thorfortuneplay.com\/it\/#organization"},"potentialAction":[{"@type":"SearchAction","target":{"@type":"EntryPoint","urlTemplate":"https:\/\/thorfortuneplay.com\/it\/?s={search_term_string}"},"query-input":{"@type":"PropertyValueSpecification","valueRequired":true,"valueName":"search_term_string"}}],"inLanguage":"it-IT"},{"@type":"Organization","@id":"https:\/\/thorfortuneplay.com\/it\/#organization","name":"Thorfortune","url":"https:\/\/thorfortuneplay.com\/it\/","logo":{"@type":"ImageObject","inLanguage":"it-IT","@id":"https:\/\/thorfortuneplay.com\/it\/#\/schema\/logo\/image\/","url":"https:\/\/thorfortuneplay.com\/wp-content\/uploads\/2026\/02\/logo-1.png","contentUrl":"https:\/\/thorfortuneplay.com\/wp-content\/uploads\/2026\/02\/logo-1.png","width":160,"height":37,"caption":"Thorfortune"},"image":{"@id":"https:\/\/thorfortuneplay.com\/it\/#\/schema\/logo\/image\/"}}]}},"_links":{"self":[{"href":"https:\/\/thorfortuneplay.com\/it\/wp-json\/wp\/v2\/pages\/1445"}],"collection":[{"href":"https:\/\/thorfortuneplay.com\/it\/wp-json\/wp\/v2\/pages"}],"about":[{"href":"https:\/\/thorfortuneplay.com\/it\/wp-json\/wp\/v2\/types\/page"}],"author":[{"embeddable":true,"href":"https:\/\/thorfortuneplay.com\/it\/wp-json\/wp\/v2\/users\/1"}],"replies":[{"embeddable":true,"href":"https:\/\/thorfortuneplay.com\/it\/wp-json\/wp\/v2\/comments?post=1445"}],"version-history":[{"count":3,"href":"https:\/\/thorfortuneplay.com\/it\/wp-json\/wp\/v2\/pages\/1445\/revisions"}],"predecessor-version":[{"id":2093,"href":"https:\/\/thorfortuneplay.com\/it\/wp-json\/wp\/v2\/pages\/1445\/revisions\/2093"}],"wp:attachment":[{"href":"https:\/\/thorfortuneplay.com\/it\/wp-json\/wp\/v2\/media?parent=1445"}],"curies":[{"name":"wp","href":"https:\/\/api.w.org\/{rel}","templated":true}]}}