{"id":1482,"date":"2026-01-20T12:11:11","date_gmt":"2026-01-20T12:11:11","guid":{"rendered":"https:\/\/bonuskongcasino.com\/login-and-registration\/"},"modified":"2026-02-26T11:03:50","modified_gmt":"2026-02-26T11:03:50","slug":"connexion-et-inscription","status":"publish","type":"page","link":"https:\/\/thorfortuneplay.com\/fr\/connexion-et-inscription\/","title":{"rendered":"Connexion et inscription"},"content":{"rendered":"<h1>Connexion, inscription et gestion de compte Thorfortune<\/h1>\n<p>Thorfortune login vous permet d&rsquo;acc\u00e9der facilement au casino en ligne sans obstacles inutiles qui vous emp\u00eachent de jouer. Notre plateforme a investi massivement dans des mesures de s\u00e9curit\u00e9 sophistiqu\u00e9es tout en conservant des services conviviaux. Vous b\u00e9n\u00e9ficiez d&rsquo;une atmosph\u00e8re de jeu solide chez Thorfortune, qui respecte les principes du jeu responsable sans pour autant \u00eatre moralisateur.<\/p>\n<p><div class=\"banner-wrap\" aria-label=\"Banner\"><img src=\"https:\/\/thorfortuneplay.com\/wp-content\/uploads\/2026\/02\/Thorfortune-bnr-pc.webp\" class=\"w-100 d-none d-lg-block img-pc main-banner-img\" alt=\"thorfortune banner desktop\" fetchpriority=\"high\" decoding=\"async\"><img src=\"https:\/\/thorfortuneplay.com\/wp-content\/uploads\/2026\/02\/thorfortune-banner-mobile.webp\" class=\"w-100 d-none d-md-block d-lg-none main-banner-img\" alt=\"thorfortune banner mobile\" fetchpriority=\"high\" decoding=\"async\"><img src=\"https:\/\/thorfortuneplay.com\/wp-content\/uploads\/2026\/02\/thorfortune-banner-mobile.webp\" class=\"w-100 d-md-none\" alt=\"thorfortune banner mobile\" fetchpriority=\"high\" decoding=\"async\"><div class=\"banner-description\">\n<div class=\"banner-title\">Bonus de bienvenue<\/div>\n<p class=\"banner-header-title\">1500 \u20ac<\/p>\n<div class=\"banner-header-AdditionalText\">+ 250 Tours gratuits<\/div>\n<button data-item=\"homepage_banner_link\" class=\"goto m-button m-gradient-border m-button--primary m-button--large banner-button btn-orange\">\n            <div class=\"m-button-content\">\n                <span>Inscrivez-vous d\u00e8s maintenant<\/span>\n                <span><\/span>\n            <\/div>\n        <\/button>\n<\/div>\n<div class=\"WelcomePack\">\n<p><img loading=\"lazy\" decoding=\"async\" class=\"alignnone size-full wp-image-1844\" src=\"https:\/\/thor-fortune.net\/wp-content\/uploads\/2026\/02\/welcome-crown.png\" alt=\"welcome crown\" width=\"25\" height=\"26\" \/><\/p>\n<div class=\"WelcomePack-Info\">Cashback hebdomadaire jusqu&rsquo;\u00e0 25 %<\/div>\n<p><img loading=\"lazy\" decoding=\"async\" class=\"alignnone size-full wp-image-1844\" src=\"https:\/\/thor-fortune.net\/wp-content\/uploads\/2026\/02\/welcome-crown.png\" alt=\"welcome crown\" width=\"25\" height=\"26\" \/><\/p>\n<\/div>\n<\/div><div class=\"scrollable-content-wrap my-5\"><div class=\"scrollable-content-inner\"><h2>Inscription d&rsquo;un nouvel utilisateur sur Thor Fortune<\/h2>\n<p>En rejoignant Thorfortune Casino, vous b\u00e9n\u00e9ficiez d&rsquo;un acc\u00e8s complet \u00e0 toutes les fonctionnalit\u00e9s, ce qui rend votre exp\u00e9rience de jeu vraiment divertissante, et pas seulement fonctionnelle. Les nouveaux inscrits b\u00e9n\u00e9ficient d&rsquo;un bonus de bienvenue sp\u00e9cial (pouvant atteindre 1 500 \u20ac avec 250 tours suppl\u00e9mentaires). La participation \u00e0 des tournois promotionnels et au programme de fid\u00e9lit\u00e9 gratifiant est \u00e9galement imm\u00e9diatement possible. La connexion \u00e0 Thorfortune permet aux joueurs d&rsquo;acc\u00e9der \u00e0 une vaste biblioth\u00e8que de jeux, \u00e0 des offres quotidiennes et \u00e0 une gestion facile de leur compte. Elle repr\u00e9sente votre premier pas vers un jeu s\u00e9curis\u00e9 et de qualit\u00e9.<\/p>\n<h3>Cr\u00e9ez votre compte<\/h3>\n<p>La configuration de la connexion \u00e0 Thor Fortune ne n\u00e9cessite pas une patience infinie. Elle se d\u00e9compose en \u00e9tapes faciles \u00e0 suivre :<\/p>\n<ol>\n<li>Trouver le bouton \u00ab S&rsquo;inscrire \u00bb sur la page d&rsquo;accueil de Thorfortune ne prend que deux secondes, car nous l&rsquo;avons plac\u00e9 bien en \u00e9vidence.<\/li>\n<li>Pour remplir le formulaire d&rsquo;inscription, vous devez fournir des informations personnelles pr\u00e9cises, telles que votre adresse e-mail et un mot de passe dont vous vous souviendrez plus tard.<\/li>\n<li>Ensuite, vous devrez cocher des cases pour confirmer que vous avez plus de 18 ans et accepter les conditions g\u00e9n\u00e9rales. Nous esp\u00e9rons que vous aurez parcouru ce que vous acceptez, plut\u00f4t que de cocher les cases aveugl\u00e9ment.<\/li>\n<li>Il vous sera ensuite demand\u00e9 de saisir un code CAPTCHA afin de v\u00e9rifier que vous \u00eates bien un \u00eatre humain et non un robot cr\u00e9ant des comptes.<\/li>\n<li>Le processus se termine en suivant les instructions contenues dans l&rsquo;e-mail de confirmation. Une fois tout confirm\u00e9, votre compte Thor Fortune Casino est cr\u00e9\u00e9 et vous pouvez vous connecter imm\u00e9diatement.<\/li>\n<\/ol>\n<p>L&rsquo;\u00e2ge minimum requis reste fix\u00e9 \u00e0 18 ans, car les politiques de jeu responsable ne sont pas n\u00e9gociables. Une fois la v\u00e9rification effectu\u00e9e, vous pouvez vous connecter et explorer la grande vari\u00e9t\u00e9 de jeux et de bonus sans obstacle suppl\u00e9mentaire.<\/p>\n<p><img loading=\"lazy\" decoding=\"async\" class=\"alignnone size-full wp-image-2036\" src=\"https:\/\/thor-fortune.net\/wp-content\/uploads\/2026\/02\/Thorfortune-login-page.webp\" alt=\"Thorfortune login page\" width=\"1248\" height=\"536\" srcset=\"https:\/\/thorfortuneplay.com\/wp-content\/uploads\/2026\/02\/Thorfortune-login-page.webp 1248w, https:\/\/thorfortuneplay.com\/wp-content\/uploads\/2026\/02\/Thorfortune-login-page-300x129.webp 300w, https:\/\/thorfortuneplay.com\/wp-content\/uploads\/2026\/02\/Thorfortune-login-page-1024x440.webp 1024w, https:\/\/thorfortuneplay.com\/wp-content\/uploads\/2026\/02\/Thorfortune-login-page-768x330.webp 768w\" sizes=\"(max-width: 1248px) 100vw, 1248px\" \/><\/p>\n<h2>G\u00e9rer un compte Thorfortune<\/h2>\n<p>Une fois l&rsquo;inscription termin\u00e9e, vous pouvez vous connecter \u00e0 Thorfortune chaque fois que vous avez envie de jouer. Ce processus transparent vous donne acc\u00e8s \u00e0 toutes les fonctionnalit\u00e9s de la plateforme. Pour vous connecter, cliquez sur le bouton \u00ab Se connecter \u00bb situ\u00e9 dans le coin sup\u00e9rieur droit de la page d&rsquo;accueil. Il vous suffit d&rsquo;entrer votre adresse e-mail et votre mot de passe pour acc\u00e9der \u00e0 votre compte. Vous verrez alors appara\u00eetre le tableau de bord, que nous avons cr\u00e9\u00e9 pour vous donner un contr\u00f4le total sur tout :<\/p>\n<ul>\n<li>Au lieu de vous limiter \u00e0 une ou deux options, de nombreux modes de paiement s\u00e9curis\u00e9s sont disponibles pour d\u00e9poser et v\u00e9rifier votre argent.<\/li>\n<li>Il est facile d&rsquo;utiliser vos bonus et de saisir vos codes promotionnels, sans avoir \u00e0 parcourir les menus.<\/li>\n<li>Vous pouvez consulter l&rsquo;historique de vos transactions et votre activit\u00e9 de jeu \u00e0 tout moment.<\/li>\n<li>Vous pouvez \u00e9galement modifier vos donn\u00e9es personnelles, y compris vos coordonn\u00e9es et vos m\u00e9thodes de paiement, selon vos besoins.<\/li>\n<\/ul>\n<h3>Vous avez oubli\u00e9 votre mot de passe ?<\/h3>\n<p>Tout le monde peut perdre son mot de passe de connexion \u00e0 Thor Fortune. La r\u00e9initialisation de votre mot de passe est simple.<\/p>\n<table>\n<tbody>\n<tr>\n<td>\u00c9tape<\/td>\n<td>Ce que vous devez faire<\/td>\n<td>Pourquoi est-ce important<\/td>\n<\/tr>\n<tr>\n<td>1<\/td>\n<td>Tout d&rsquo;abord, les utilisateurs doivent cliquer sur le lien \u00ab Mot de passe oubli\u00e9 ? \u00bb sur la page de connexion.<\/td>\n<td>Cela lance le processus de r\u00e9cup\u00e9ration sans que vous ayez \u00e0 contacter le service d&rsquo;assistance.<\/td>\n<\/tr>\n<tr>\n<td>2<\/td>\n<td>Vous pouvez ensuite saisir votre adresse e-mail enregistr\u00e9e.<\/td>\n<td>Cela permet de relier la demande de r\u00e9initialisation \u00e0 votre compte sp\u00e9cifique.<\/td>\n<\/tr>\n<tr>\n<td>3<\/td>\n<td>Suivez les instructions envoy\u00e9es dans votre bo\u00eete de r\u00e9ception.<\/td>\n<td>La r\u00e9initialisation du mot de passe est alors effectu\u00e9e en toute s\u00e9curit\u00e9.<\/td>\n<\/tr>\n<\/tbody>\n<\/table>\n<p>Ce processus garantit une r\u00e9cup\u00e9ration rapide de l&rsquo;acc\u00e8s tout en maintenant des normes de s\u00e9curit\u00e9 \u00e9lev\u00e9es. Si vous avez besoin d&rsquo;aide pour toute autre question que la r\u00e9initialisation automatique du mot de passe, l&rsquo;\u00e9quipe d&rsquo;assistance est disponible par chat en direct ou par e-mail.<\/p>\n<h2>V\u00e9rification du compte Thorfortune Casino<\/h2>\n<p>Thorfortune Casino applique des politiques de v\u00e9rification strictes afin de maintenir un environnement de jeu s\u00fbr pour tous. Les joueurs doivent confirmer leur identit\u00e9 en fournissant des documents officiels tels que des factures de services publics et des pi\u00e8ces d&rsquo;identit\u00e9 d\u00e9livr\u00e9es par le gouvernement. Cette mesure r\u00e9pond aux exigences r\u00e9glementaires de Thorfortune tout en luttant contre la fraude et en aidant tous les joueurs \u00e0 s\u00e9curiser leurs comptes contre tout acc\u00e8s non autoris\u00e9.<\/p>\n<p>La protection des donn\u00e9es personnelles et des transactions implique plusieurs syst\u00e8mes de s\u00e9curit\u00e9, notamment le cryptage AES et SSL\/TLS, des pare-feu et une surveillance constante des comportements suspects.<\/p>\n<h2>Bien-\u00eatre des joueurs<\/h2>\n<p>Thorfortune simplifie les choses lorsqu&rsquo;il s&rsquo;agit de jouer de mani\u00e8re responsable. L&rsquo;id\u00e9e n&rsquo;est pas de faire la le\u00e7on ou d&rsquo;interrompre le plaisir, mais de donner aux joueurs des moyens faciles de garder le contr\u00f4le lorsque cela est n\u00e9cessaire. Tous ces outils se trouvent dans les param\u00e8tres de votre compte et peuvent \u00eatre activ\u00e9s ou ajust\u00e9s d\u00e8s que vous en ressentez le besoin.<\/p>\n<p>Vous pouvez fixer des limites de d\u00e9p\u00f4t pour maintenir vos d\u00e9penses dans une fourchette confortable et utiliser des limites de perte pour arr\u00eater de jouer les jours o\u00f9 la chance ne vous sourit pas. Les limites de mise permettent de garder des paris individuels raisonnables, tandis que les limites de temps de session sont l\u00e0 pour les moments o\u00f9 les heures commencent \u00e0 s&rsquo;\u00e9couler sans que vous vous en rendiez compte. Si vous souhaitez faire une courte pause, les p\u00e9riodes de r\u00e9flexion vous permettent de prendre du recul pendant un certain temps. Et si une pause plus longue vous semble n\u00e9cessaire, l&rsquo;auto-exclusion, y compris la fermeture d\u00e9finitive du compte, est toujours possible.<\/p>\n<h2>FAQ<\/h2>\n<h3>Comment mettre \u00e0 jour le mot de passe ou l&rsquo;adresse e-mail ?<\/h3>\n<p>Pour modifier votre mot de passe ou votre adresse e-mail sur Thor Fortune Casino, connectez-vous \u00e0 votre compte et acc\u00e9dez aux param\u00e8tres de gestion du compte. En cliquant sur l&rsquo;option permettant de mettre \u00e0 jour vos informations de connexion \u00e0 Thorfortune, vous pouvez saisir de nouvelles informations et les v\u00e9rifier \u00e0 l&rsquo;aide des \u00e9tapes de s\u00e9curit\u00e9 qui s&rsquo;affichent.<\/p>\n<h3>Que dois-je faire si mon compte est bloqu\u00e9 ?<\/h3>\n<p>Les blocages de compte sont rarement sans raison valable. Si votre compte Thorfortune est bloqu\u00e9, contactez l&rsquo;\u00e9quipe d&rsquo;assistance via le bouton de chat en direct situ\u00e9 sur la page du casino. Le processus de v\u00e9rification est tr\u00e8s important pour d\u00e9bloquer votre compte, car il permet de confirmer que vous en \u00eates le propri\u00e9taire l\u00e9gitime.<\/p>\n<h3>L&rsquo;\u00e9quipe d&rsquo;assistance du casino Thorfortune parle-t-elle plusieurs langues pour vous aider ?<\/h3>\n<p>Thorfortune Casino comprend que tout le monde ne souhaite pas avoir \u00e0 se d\u00e9battre avec des conversations d&rsquo;assistance en anglais. C&rsquo;est pourquoi nous avons mis en place une assistance multilingue, afin que les joueurs du monde entier puissent communiquer confortablement. L&rsquo;\u00e9quipe d&rsquo;assistance est disponible 24 heures sur 24 et 7 jours sur 7 via le chat en direct pour vous aider lorsque vous en avez besoin.<\/p>\n<\/div><\/div><\/p>\n","protected":false},"excerpt":{"rendered":"<p>Connexion, inscription et gestion de compte Thorfortune Thorfortune login vous permet d&rsquo;acc\u00e9der facilement au casino en ligne sans obstacles inutiles qui vous emp\u00eachent de jouer. Notre plateforme a investi massivement dans des mesures de s\u00e9curit\u00e9 sophistiqu\u00e9es tout en conservant des services conviviaux. Vous b\u00e9n\u00e9ficiez d&rsquo;une atmosph\u00e8re de jeu solide chez Thorfortune, qui respecte les principes [&hellip;]<\/p>\n","protected":false},"author":1,"featured_media":0,"parent":0,"menu_order":0,"comment_status":"closed","ping_status":"closed","template":"template-builder.php","meta":{"_acf_changed":false,"inline_featured_image":false,"footnotes":""},"class_list":["post-1482","page","type-page","status-publish","hentry"],"acf":[],"yoast_head":"<!-- This site is optimized with the Yoast SEO plugin v24.4 - https:\/\/yoast.com\/wordpress\/plugins\/seo\/ -->\n<title>Thorfortune Login | Acc\u00e8s s\u00e9curis\u00e9 au compte et inscription<\/title>\n<meta name=\"description\" content=\"Votre identifiant Thorfortune vous donne acc\u00e8s \u00e0 des milliers de jeux. Connectez-vous pour jouer ou cr\u00e9er un nouveau compte, effectuer une v\u00e9rification s\u00e9curis\u00e9e, g\u00e9rer vos fonds et contacter notre service d&#039;assistance disponible 24 h\/24, 7 j\/7.\" \/>\n<meta name=\"robots\" content=\"index, follow, max-snippet:-1, max-image-preview:large, max-video-preview:-1\" \/>\n<link rel=\"canonical\" href=\"https:\/\/thorfortuneplay.com\/fr\/connexion-et-inscription\/\" \/>\n<meta property=\"og:locale\" content=\"fr_FR\" \/>\n<meta property=\"og:type\" content=\"article\" \/>\n<meta property=\"og:title\" content=\"Thorfortune Login | Acc\u00e8s s\u00e9curis\u00e9 au compte et inscription\" \/>\n<meta property=\"og:description\" content=\"Votre identifiant Thorfortune vous donne acc\u00e8s \u00e0 des milliers de jeux. Connectez-vous pour jouer ou cr\u00e9er un nouveau compte, effectuer une v\u00e9rification s\u00e9curis\u00e9e, g\u00e9rer vos fonds et contacter notre service d&#039;assistance disponible 24 h\/24, 7 j\/7.\" \/>\n<meta property=\"og:url\" content=\"https:\/\/thorfortuneplay.com\/fr\/connexion-et-inscription\/\" \/>\n<meta property=\"og:site_name\" content=\"thorfortune\" \/>\n<meta property=\"article:modified_time\" content=\"2026-02-26T11:03:50+00:00\" \/>\n<meta name=\"twitter:card\" content=\"summary_large_image\" \/>\n<meta name=\"twitter:label1\" content=\"Dur\u00e9e de lecture estim\u00e9e\" \/>\n\t<meta name=\"twitter:data1\" content=\"1 minute\" \/>\n<script type=\"application\/ld+json\" class=\"yoast-schema-graph\">{\"@context\":\"https:\/\/schema.org\",\"@graph\":[{\"@type\":\"WebPage\",\"@id\":\"https:\/\/thorfortuneplay.com\/fr\/connexion-et-inscription\/\",\"url\":\"https:\/\/thorfortuneplay.com\/fr\/connexion-et-inscription\/\",\"name\":\"Thorfortune Login | Acc\u00e8s s\u00e9curis\u00e9 au compte et inscription\",\"isPartOf\":{\"@id\":\"https:\/\/thorfortuneplay.com\/fr\/#website\"},\"datePublished\":\"2026-01-20T12:11:11+00:00\",\"dateModified\":\"2026-02-26T11:03:50+00:00\",\"description\":\"Votre identifiant Thorfortune vous donne acc\u00e8s \u00e0 des milliers de jeux. Connectez-vous pour jouer ou cr\u00e9er un nouveau compte, effectuer une v\u00e9rification s\u00e9curis\u00e9e, g\u00e9rer vos fonds et contacter notre service d'assistance disponible 24 h\/24, 7 j\/7.\",\"breadcrumb\":{\"@id\":\"https:\/\/thorfortuneplay.com\/fr\/connexion-et-inscription\/#breadcrumb\"},\"inLanguage\":\"fr-FR\",\"potentialAction\":[{\"@type\":\"ReadAction\",\"target\":[\"https:\/\/thorfortuneplay.com\/fr\/connexion-et-inscription\/\"]}]},{\"@type\":\"BreadcrumbList\",\"@id\":\"https:\/\/thorfortuneplay.com\/fr\/connexion-et-inscription\/#breadcrumb\",\"itemListElement\":[{\"@type\":\"ListItem\",\"position\":1,\"name\":\"Thorfortune\",\"item\":\"https:\/\/thorfortuneplay.com\/fr\/\"},{\"@type\":\"ListItem\",\"position\":2,\"name\":\"Connexion et inscription\"}]},{\"@type\":\"WebSite\",\"@id\":\"https:\/\/thorfortuneplay.com\/fr\/#website\",\"url\":\"https:\/\/thorfortuneplay.com\/fr\/\",\"name\":\"Thorfortune\",\"description\":\"\",\"publisher\":{\"@id\":\"https:\/\/thorfortuneplay.com\/fr\/#organization\"},\"potentialAction\":[{\"@type\":\"SearchAction\",\"target\":{\"@type\":\"EntryPoint\",\"urlTemplate\":\"https:\/\/thorfortuneplay.com\/fr\/?s={search_term_string}\"},\"query-input\":{\"@type\":\"PropertyValueSpecification\",\"valueRequired\":true,\"valueName\":\"search_term_string\"}}],\"inLanguage\":\"fr-FR\"},{\"@type\":\"Organization\",\"@id\":\"https:\/\/thorfortuneplay.com\/fr\/#organization\",\"name\":\"Thorfortune\",\"url\":\"https:\/\/thorfortuneplay.com\/fr\/\",\"logo\":{\"@type\":\"ImageObject\",\"inLanguage\":\"fr-FR\",\"@id\":\"https:\/\/thorfortuneplay.com\/fr\/#\/schema\/logo\/image\/\",\"url\":\"https:\/\/thorfortuneplay.com\/wp-content\/uploads\/2026\/02\/logo-1.png\",\"contentUrl\":\"https:\/\/thorfortuneplay.com\/wp-content\/uploads\/2026\/02\/logo-1.png\",\"width\":160,\"height\":37,\"caption\":\"Thorfortune\"},\"image\":{\"@id\":\"https:\/\/thorfortuneplay.com\/fr\/#\/schema\/logo\/image\/\"}}]}<\/script>\n<!-- \/ Yoast SEO plugin. -->","yoast_head_json":{"title":"Thorfortune Login | Acc\u00e8s s\u00e9curis\u00e9 au compte et inscription","description":"Votre identifiant Thorfortune vous donne acc\u00e8s \u00e0 des milliers de jeux. Connectez-vous pour jouer ou cr\u00e9er un nouveau compte, effectuer une v\u00e9rification s\u00e9curis\u00e9e, g\u00e9rer vos fonds et contacter notre service d'assistance disponible 24 h\/24, 7 j\/7.","robots":{"index":"index","follow":"follow","max-snippet":"max-snippet:-1","max-image-preview":"max-image-preview:large","max-video-preview":"max-video-preview:-1"},"canonical":"https:\/\/thorfortuneplay.com\/fr\/connexion-et-inscription\/","og_locale":"fr_FR","og_type":"article","og_title":"Thorfortune Login | Acc\u00e8s s\u00e9curis\u00e9 au compte et inscription","og_description":"Votre identifiant Thorfortune vous donne acc\u00e8s \u00e0 des milliers de jeux. Connectez-vous pour jouer ou cr\u00e9er un nouveau compte, effectuer une v\u00e9rification s\u00e9curis\u00e9e, g\u00e9rer vos fonds et contacter notre service d'assistance disponible 24 h\/24, 7 j\/7.","og_url":"https:\/\/thorfortuneplay.com\/fr\/connexion-et-inscription\/","og_site_name":"thorfortune","article_modified_time":"2026-02-26T11:03:50+00:00","twitter_card":"summary_large_image","twitter_misc":{"Dur\u00e9e de lecture estim\u00e9e":"1 minute"},"schema":{"@context":"https:\/\/schema.org","@graph":[{"@type":"WebPage","@id":"https:\/\/thorfortuneplay.com\/fr\/connexion-et-inscription\/","url":"https:\/\/thorfortuneplay.com\/fr\/connexion-et-inscription\/","name":"Thorfortune Login | Acc\u00e8s s\u00e9curis\u00e9 au compte et inscription","isPartOf":{"@id":"https:\/\/thorfortuneplay.com\/fr\/#website"},"datePublished":"2026-01-20T12:11:11+00:00","dateModified":"2026-02-26T11:03:50+00:00","description":"Votre identifiant Thorfortune vous donne acc\u00e8s \u00e0 des milliers de jeux. Connectez-vous pour jouer ou cr\u00e9er un nouveau compte, effectuer une v\u00e9rification s\u00e9curis\u00e9e, g\u00e9rer vos fonds et contacter notre service d'assistance disponible 24 h\/24, 7 j\/7.","breadcrumb":{"@id":"https:\/\/thorfortuneplay.com\/fr\/connexion-et-inscription\/#breadcrumb"},"inLanguage":"fr-FR","potentialAction":[{"@type":"ReadAction","target":["https:\/\/thorfortuneplay.com\/fr\/connexion-et-inscription\/"]}]},{"@type":"BreadcrumbList","@id":"https:\/\/thorfortuneplay.com\/fr\/connexion-et-inscription\/#breadcrumb","itemListElement":[{"@type":"ListItem","position":1,"name":"Thorfortune","item":"https:\/\/thorfortuneplay.com\/fr\/"},{"@type":"ListItem","position":2,"name":"Connexion et inscription"}]},{"@type":"WebSite","@id":"https:\/\/thorfortuneplay.com\/fr\/#website","url":"https:\/\/thorfortuneplay.com\/fr\/","name":"Thorfortune","description":"","publisher":{"@id":"https:\/\/thorfortuneplay.com\/fr\/#organization"},"potentialAction":[{"@type":"SearchAction","target":{"@type":"EntryPoint","urlTemplate":"https:\/\/thorfortuneplay.com\/fr\/?s={search_term_string}"},"query-input":{"@type":"PropertyValueSpecification","valueRequired":true,"valueName":"search_term_string"}}],"inLanguage":"fr-FR"},{"@type":"Organization","@id":"https:\/\/thorfortuneplay.com\/fr\/#organization","name":"Thorfortune","url":"https:\/\/thorfortuneplay.com\/fr\/","logo":{"@type":"ImageObject","inLanguage":"fr-FR","@id":"https:\/\/thorfortuneplay.com\/fr\/#\/schema\/logo\/image\/","url":"https:\/\/thorfortuneplay.com\/wp-content\/uploads\/2026\/02\/logo-1.png","contentUrl":"https:\/\/thorfortuneplay.com\/wp-content\/uploads\/2026\/02\/logo-1.png","width":160,"height":37,"caption":"Thorfortune"},"image":{"@id":"https:\/\/thorfortuneplay.com\/fr\/#\/schema\/logo\/image\/"}}]}},"_links":{"self":[{"href":"https:\/\/thorfortuneplay.com\/fr\/wp-json\/wp\/v2\/pages\/1482"}],"collection":[{"href":"https:\/\/thorfortuneplay.com\/fr\/wp-json\/wp\/v2\/pages"}],"about":[{"href":"https:\/\/thorfortuneplay.com\/fr\/wp-json\/wp\/v2\/types\/page"}],"author":[{"embeddable":true,"href":"https:\/\/thorfortuneplay.com\/fr\/wp-json\/wp\/v2\/users\/1"}],"replies":[{"embeddable":true,"href":"https:\/\/thorfortuneplay.com\/fr\/wp-json\/wp\/v2\/comments?post=1482"}],"version-history":[{"count":3,"href":"https:\/\/thorfortuneplay.com\/fr\/wp-json\/wp\/v2\/pages\/1482\/revisions"}],"predecessor-version":[{"id":2071,"href":"https:\/\/thorfortuneplay.com\/fr\/wp-json\/wp\/v2\/pages\/1482\/revisions\/2071"}],"wp:attachment":[{"href":"https:\/\/thorfortuneplay.com\/fr\/wp-json\/wp\/v2\/media?parent=1482"}],"curies":[{"name":"wp","href":"https:\/\/api.w.org\/{rel}","templated":true}]}}