{"id":1440,"date":"2026-01-20T12:08:23","date_gmt":"2026-01-20T12:08:23","guid":{"rendered":"https:\/\/bonuskongcasino.com\/app\/"},"modified":"2026-02-26T11:01:17","modified_gmt":"2026-02-26T11:01:17","slug":"app","status":"publish","type":"page","link":"https:\/\/thorfortuneplay.com\/fr\/app\/","title":{"rendered":"App"},"content":{"rendered":"<h1>Thorfortune sur les appareils mobiles<\/h1>\n<p>Thorfortune App vous permet de jouer au casino en ligne directement depuis votre poche, sans aucun compromis. Elle offre des performances et une commodit\u00e9 telles que l&rsquo;acc\u00e8s \u00e0 vos jeux de casino pr\u00e9f\u00e9r\u00e9s depuis votre smartphone est aussi fluide que sur votre ordinateur. Tous les titres disponibles sur la version pour ordinateur, y compris les machines \u00e0 sous en ligne, les options avec croupier en direct, les gains instantan\u00e9s et les jeux de cartes, fonctionnent sur l&rsquo;application mobile sans aucune restriction g\u00eanante.<\/p>\n<p>Thorfortune Casino maintient une qualit\u00e9 d&rsquo;exp\u00e9rience de jeu constante, o\u00f9 que vous soyez. Nous ne vous obligeons pas \u00e0 planifier toute votre journ\u00e9e en fonction de l&rsquo;acc\u00e8s \u00e0 un ordinateur.<\/p>\n<div class=\"banner-wrap\" aria-label=\"Banner\"><img src=\"https:\/\/thorfortuneplay.com\/wp-content\/uploads\/2026\/02\/Thorfortune-bnr-pc.webp\" class=\"w-100 d-none d-lg-block img-pc main-banner-img\" alt=\"thorfortune banner desktop\" fetchpriority=\"high\" decoding=\"async\"><img src=\"https:\/\/thorfortuneplay.com\/wp-content\/uploads\/2026\/02\/thorfortune-banner-mobile.webp\" class=\"w-100 d-none d-md-block d-lg-none main-banner-img\" alt=\"thorfortune banner mobile\" fetchpriority=\"high\" decoding=\"async\"><img src=\"https:\/\/thorfortuneplay.com\/wp-content\/uploads\/2026\/02\/thorfortune-banner-mobile.webp\" class=\"w-100 d-md-none\" alt=\"thorfortune banner mobile\" fetchpriority=\"high\" decoding=\"async\"><div class=\"banner-description\">\n<div class=\"banner-title\">Bonus de bienvenue<\/div>\n<p class=\"banner-header-title\">1500 \u20ac<\/p>\n<div class=\"banner-header-AdditionalText\">+ 250 Tours gratuits<\/div>\n<button data-item=\"homepage_banner_link\" class=\"goto m-button m-gradient-border m-button--primary m-button--large banner-button btn-orange\">\n            <div class=\"m-button-content\">\n                <span>Inscrivez-vous d\u00e8s maintenant<\/span>\n                <span><\/span>\n            <\/div>\n        <\/button>\n<\/div>\n<div class=\"WelcomePack\">\n<p><img loading=\"lazy\" decoding=\"async\" class=\"alignnone size-full wp-image-1844\" src=\"https:\/\/thor-fortune.net\/wp-content\/uploads\/2026\/02\/welcome-crown.png\" alt=\"welcome crown\" width=\"25\" height=\"26\" \/><\/p>\n<div class=\"WelcomePack-Info\">Cashback hebdomadaire jusqu&rsquo;\u00e0 25 %<\/div>\n<p><img loading=\"lazy\" decoding=\"async\" class=\"alignnone size-full wp-image-1844\" src=\"https:\/\/thor-fortune.net\/wp-content\/uploads\/2026\/02\/welcome-crown.png\" alt=\"welcome crown\" width=\"25\" height=\"26\" \/><\/p>\n<\/div>\n<\/div>\n<h2>Fonctionnalit\u00e9s de l&rsquo;application mobile Thorfortune<\/h2>\n<p>Thor Fortune Casino fonctionne de mani\u00e8re suffisamment fiable pour que les performances restent solides, que la s\u00e9curit\u00e9 ne soit pas remise en question et que l&rsquo;utilisation soit naturelle, afin que jouer \u00e0 vos jeux pr\u00e9f\u00e9r\u00e9s ne se transforme pas en une bataille technique frustrante.<\/p>\n<p>L&rsquo;application Thorfortune vaut la peine d&rsquo;\u00eatre essay\u00e9e :<\/p>\n<ul>\n<li>plut\u00f4t que de rester coinc\u00e9 l\u00e0 o\u00f9 se trouve votre ordinateur, vos jeux vous suivent partout.<\/li>\n<li>Les plateformes mobiles optimis\u00e9es pour un chargement rapide et des r\u00e9ponses rapides vous garantissent des sessions fluides partout o\u00f9 vous disposez d&rsquo;un signal suffisamment puissant.<\/li>\n<li>La navigation ne n\u00e9cessite pas de m\u00e9moriser l&#8217;emplacement de chaque \u00e9l\u00e9ment, car la conception reste claire et logique.<\/li>\n<li>Vous pouvez jouer \u00e0 tout moment, puisque l&rsquo;application Thorfortune fonctionne pendant vos trajets, lorsque vous vous d\u00e9tendez chez vous, pendant vos pauses au travail, en gros partout sans restriction de lieu.<\/li>\n<li>La s\u00e9curit\u00e9 des transactions et des informations personnelles sur Thorfortune Casino utilise les m\u00eames protocoles et le m\u00eame cryptage sur mobile que sur ordinateur, donc changer de plateforme n&rsquo;expose pas soudainement vos donn\u00e9es.<\/li>\n<li>Le choix de l&rsquo;appareil n&rsquo;a plus d&rsquo;importance, car les t\u00e9l\u00e9phones et tablettes iOS et Android fonctionnent tous sans incompatibilit\u00e9s myst\u00e9rieuses.<\/li>\n<\/ul>\n<p><div class=\"scrollable-content-wrap my-5\"><div class=\"scrollable-content-inner\"><h2>Application iOS Thorfortune<\/h2>\n<p>La version iOS de l&rsquo;application Thorfortune offre une exp\u00e9rience fluide et intuitive, sp\u00e9cialement con\u00e7ue pour les utilisateurs d&rsquo;appareils Apple. Le chargement reste rapide et la s\u00e9curit\u00e9 est optimale, ce qui rend les sessions s\u00fbres et rapides. Il est tr\u00e8s facile d&rsquo;installer notre application sur votre iPhone ou iPad :<\/p>\n<ol>\n<li>Une fois la page Thorfortune Casino charg\u00e9e, regardez en bas de votre \u00e9cran pour trouver le bouton Partager, celui qui ressemble \u00e0 un carr\u00e9 avec une fl\u00e8che pointant vers le haut.<\/li>\n<li>Appuyez sur cette petite ic\u00f4ne et un menu complet appara\u00eetra en bas de l&rsquo;\u00e9cran.<\/li>\n<li>Faites d\u00e9filer les options jusqu&rsquo;\u00e0 ce que vous trouviez \u00ab Ajouter \u00e0 l&rsquo;\u00e9cran d&rsquo;accueil \u00bb. Appuyez dessus et Safari vous montrera un aper\u00e7u de ce \u00e0 quoi ressemblera l&rsquo;ic\u00f4ne sur votre \u00e9cran d&rsquo;accueil.<\/li>\n<li>Vous pouvez la renommer si vous souhaitez un nom plus court ou diff\u00e9rent du nom par d\u00e9faut, ou simplement la laisser telle quelle. Appuyez sur \u00ab Ajouter \u00bb dans le coin sup\u00e9rieur droit, et l&rsquo;ic\u00f4ne de l&rsquo;application Thor Fortune appara\u00eetra sur votre \u00e9cran d&rsquo;accueil, \u00e0 c\u00f4t\u00e9 de toutes vos autres applications.<\/li>\n<\/ol>\n<p>D\u00e9sormais, lorsque vous souhaitez jouer, il vous suffit d&rsquo;appuyer sur cette ic\u00f4ne comme sur n&rsquo;importe quelle autre application.<\/p>\n<p><img loading=\"lazy\" decoding=\"async\" class=\"alignnone size-full wp-image-2020\" src=\"https:\/\/thor-fortune.net\/wp-content\/uploads\/2026\/02\/Thorfortune-iOS.webp\" alt=\"Thorfortune iOS\" width=\"1248\" height=\"536\" srcset=\"https:\/\/thorfortuneplay.com\/wp-content\/uploads\/2026\/02\/Thorfortune-iOS.webp 1248w, https:\/\/thorfortuneplay.com\/wp-content\/uploads\/2026\/02\/Thorfortune-iOS-300x129.webp 300w, https:\/\/thorfortuneplay.com\/wp-content\/uploads\/2026\/02\/Thorfortune-iOS-1024x440.webp 1024w, https:\/\/thorfortuneplay.com\/wp-content\/uploads\/2026\/02\/Thorfortune-iOS-768x330.webp 768w\" sizes=\"(max-width: 1248px) 100vw, 1248px\" \/><\/p>\n<\/div><\/div><div style=\"clear: both\"><\/div><div class=\"d-flex justify-content-center\"><button data-item=\"decouvrez_link\" data-group=\"website_links\" class=\"goto fw-bold rounded-pill btn btn-orange\" aria-label=\"T\u00e9l\u00e9chargez l&#039;application Thorfortune\" >T\u00e9l\u00e9chargez l&#039;application Thorfortune<\/button><\/div><div class=\"scrollable-content-wrap my-5\"><div class=\"scrollable-content-inner\"><h2>Application Android Thorfortune<\/h2>\n<p>Android b\u00e9n\u00e9ficie de l&rsquo;application Thorfortune, une puissante application web progressive qui dessert la grande vari\u00e9t\u00e9 de t\u00e9l\u00e9phones et de tablettes Android existants avec des connexions stables et des graphismes de qualit\u00e9.<\/p>\n<p>Pour t\u00e9l\u00e9charger notre plateforme, recherchez la barre d&rsquo;adresse tout en haut de Thorfortune Casino. Vous trouverez trois points verticaux sur le c\u00f4t\u00e9 droit. Il s&rsquo;agit du bouton de menu. Appuyez dessus.<\/p>\n<p>Un menu d\u00e9roulant appara\u00eet, vous proposant plusieurs options. Recherchez \u00ab Ajouter \u00e0 l&rsquo;\u00e9cran d&rsquo;accueil \u00bb dans cette liste et appuyez dessus lorsque vous l&rsquo;avez trouv\u00e9. Chrome affichera une petite bo\u00eete de dialogue vous demandant de confirmer, vous montrant \u00e0 quoi ressemblera l&rsquo;ic\u00f4ne et vous permettant de la renommer si le nom par d\u00e9faut ne vous convient pas. Appuyez sur \u00ab Ajouter \u00bb pour confirmer, et Chrome fera le n\u00e9cessaire.<\/p>\n<p>L&rsquo;ic\u00f4ne de l&rsquo;application Thor Fortune appara\u00eet presque imm\u00e9diatement sur votre \u00e9cran d&rsquo;accueil. Vous pouvez la d\u00e9placer o\u00f9 vous le souhaitez : maintenez votre doigt dessus, faites-la glisser vers un autre emplacement et rel\u00e2chez votre doigt lorsqu&rsquo;elle est bien positionn\u00e9e. D\u00e9sormais, pour ouvrir le casino, il vous suffit d&rsquo;appuyer sur cette ic\u00f4ne.<\/p>\n<h3>De la connexion au jeu sur mobile<\/h3>\n<p>Commencer une session sur Thorfortune via un t\u00e9l\u00e9phone ou une tablette ne diff\u00e8re en rien de l&rsquo;utilisation d&rsquo;un ordinateur de bureau ; c&rsquo;est juste plus rapide et plus flexible. L&rsquo;\u00e9cran de connexion ne vous demande que votre adresse e-mail et votre mot de passe, et une fois que vous \u00eates connect\u00e9, le lobby se charge imm\u00e9diatement.<\/p>\n<p>La recherche de jeux sur le casino mobile Thor Fortune est intuitive. Les machines \u00e0 sous, les jeux de table, les jeux de casino en direct et les titres crash sont regroup\u00e9s dans des sections organis\u00e9es telles que Nouveau, Tendance et Populaire. Vous trouverez tout, des machines \u00e0 sous classiques \u00e0 trois rouleaux et des versions modernes \u00e0 cinq rouleaux aux jeux 3D \u00e0 RTP \u00e9lev\u00e9 avec des fonctionnalit\u00e9s telles que les rouleaux en cascade, les Megaways, les symboles expansifs et les options d&rsquo;achat de bonus.<\/p>\n<p><img loading=\"lazy\" decoding=\"async\" class=\"alignnone size-full wp-image-2004\" src=\"https:\/\/thor-fortune.net\/wp-content\/uploads\/2026\/02\/Thorfortune-Android.webp\" alt=\"Thorfortune Android\" width=\"1248\" height=\"536\" srcset=\"https:\/\/thorfortuneplay.com\/wp-content\/uploads\/2026\/02\/Thorfortune-Android.webp 1248w, https:\/\/thorfortuneplay.com\/wp-content\/uploads\/2026\/02\/Thorfortune-Android-300x129.webp 300w, https:\/\/thorfortuneplay.com\/wp-content\/uploads\/2026\/02\/Thorfortune-Android-1024x440.webp 1024w, https:\/\/thorfortuneplay.com\/wp-content\/uploads\/2026\/02\/Thorfortune-Android-768x330.webp 768w\" sizes=\"(max-width: 1248px) 100vw, 1248px\" \/><\/p>\n<\/div><\/div><div style=\"clear: both\"><\/div><div class=\"d-flex justify-content-center\"><button data-item=\"decouvrez_link\" data-group=\"website_links\" class=\"goto fw-bold rounded-pill btn btn-orange\" aria-label=\"T\u00e9l\u00e9charger Thorfortune\" >T\u00e9l\u00e9charger Thorfortune<\/button><\/div><div class=\"scrollable-content-wrap my-5\"><div class=\"scrollable-content-inner\"><h2>Applications Windows et Mac<\/h2>\n<p>Thorfortune Casino propose \u00e9galement des versions de bureau pour Windows et Mac si vous souhaitez disposer d&rsquo;un \u00e9cran plus grand sur un moniteur appropri\u00e9. Les applications optimis\u00e9es pour les \u00e9crans plus grands offrent des graphismes haute r\u00e9solution et des fonctionnalit\u00e9s sophistiqu\u00e9es.<\/p>\n<p>Le chat en direct avec l&rsquo;\u00e9quipe d&rsquo;assistance, un processus de v\u00e9rification simplifi\u00e9 et des fonctionnalit\u00e9s comme celles-ci garantissent aux joueurs sur ordinateur de bureau une exp\u00e9rience de jeu compl\u00e8te sans les inconv\u00e9nients li\u00e9s \u00e0 la flexibilit\u00e9 d&rsquo;un acc\u00e8s uniquement mobile. Le casino mobile et les versions pour ordinateur de bureau communiquent entre eux de mani\u00e8re transparente, de sorte que lorsque vous commencez une session sur votre ordinateur portable et que vous la reprenez quelques heures plus tard sur votre t\u00e9l\u00e9phone, tout reste synchronis\u00e9. Et vous n&rsquo;avez rien \u00e0 coordonner manuellement.<\/p>\n<table>\n<tbody>\n<tr>\n<td>Plateforme<\/td>\n<td>Comment l&rsquo;obtenir<\/td>\n<td>Stockage<\/td>\n<td>Rester \u00e0 jour<\/td>\n<td>Avantages<\/td>\n<\/tr>\n<tr>\n<td>iOS<\/td>\n<td>Application web progressive via Safari<\/td>\n<td>Presque rien, puisqu&rsquo;elle se charge \u00e0 la demande<\/td>\n<td>Se fait automatiquement via votre navigateur<\/td>\n<td>Fonctionne parfaitement avec Face ID et Touch ID<\/td>\n<\/tr>\n<tr>\n<td>Android<\/td>\n<td>PWA via Chrome ou un autre navigateur de votre choix<\/td>\n<td>Minimal, car aucun fichier d&rsquo;application volumineux n&rsquo;occupe votre espace<\/td>\n<td>Automatique lorsque votre navigateur se rafra\u00eechit<\/td>\n<td>Contourne compl\u00e8tement les restrictions et les d\u00e9lais d&rsquo;approbation du Play Store<\/td>\n<\/tr>\n<tr>\n<td>Windows\/Mac<\/td>\n<td>PWA<\/td>\n<td>Minimal<\/td>\n<td>Les mises \u00e0 jour c\u00f4t\u00e9 serveur s&rsquo;effectuent sans vous d\u00e9ranger<\/td>\n<td>Con\u00e7u pour les grands \u00e9crans avec des graphismes et des fonctionnalit\u00e9s am\u00e9lior\u00e9s<\/td>\n<\/tr>\n<\/tbody>\n<\/table>\n<p>Les avantages de l&rsquo;application Thor Fortune en tant que PWA deviennent \u00e9vidents d\u00e8s que vous les voyez pr\u00e9sent\u00e9s. Les mises \u00e0 jour se g\u00e8rent toutes seules, l&rsquo;impact sur le stockage reste n\u00e9gligeable, l&rsquo;acc\u00e8s \u00e0 l&rsquo;application \u00e9vite les formalit\u00e9s administratives du march\u00e9 et l&rsquo;exp\u00e9rience reste coh\u00e9rente sur tous les appareils que vous utilisez.<\/p>\n<p><img loading=\"lazy\" decoding=\"async\" class=\"alignnone size-full wp-image-2012\" src=\"https:\/\/thor-fortune.net\/wp-content\/uploads\/2026\/02\/Thorfortune-Desktop.webp\" alt=\"Thorfortune Desktop\" width=\"1248\" height=\"536\" srcset=\"https:\/\/thorfortuneplay.com\/wp-content\/uploads\/2026\/02\/Thorfortune-Desktop.webp 1248w, https:\/\/thorfortuneplay.com\/wp-content\/uploads\/2026\/02\/Thorfortune-Desktop-300x129.webp 300w, https:\/\/thorfortuneplay.com\/wp-content\/uploads\/2026\/02\/Thorfortune-Desktop-1024x440.webp 1024w, https:\/\/thorfortuneplay.com\/wp-content\/uploads\/2026\/02\/Thorfortune-Desktop-768x330.webp 768w\" sizes=\"(max-width: 1248px) 100vw, 1248px\" \/><\/p>\n<\/div><\/div><div style=\"clear: both\"><\/div><div class=\"d-flex justify-content-center\"><button data-item=\"decouvrez_link\" data-group=\"website_links\" class=\"goto fw-bold rounded-pill btn btn-orange\" aria-label=\"T\u00e9l\u00e9chargez l&#039;application Thorfortune\" >T\u00e9l\u00e9chargez l&#039;application Thorfortune<\/button><\/div><div class=\"scrollable-content-wrap my-5\"><div class=\"scrollable-content-inner\"><h2>FAQ<\/h2>\n<h3>Faut-il cr\u00e9er un compte pour utiliser l&rsquo;application Thorfortune ?<\/h3>\n<p>Pour profiter pleinement de l&rsquo;application Thorfortune, il est n\u00e9cessaire de s&rsquo;inscrire, car les jeux de d\u00e9monstration sont les seules activit\u00e9s accessibles sans connexion. Cependant, la plupart des gens souhaitent d\u00e9poser de l&rsquo;argent r\u00e9el et remporter des gains r\u00e9els, ce qui n\u00e9cessite la cr\u00e9ation d&rsquo;un compte. L&rsquo;inscription vous permet d&rsquo;effectuer des d\u00e9p\u00f4ts, de participer \u00e0 des promotions et de r\u00e9clamer des bonus, et lance le processus de v\u00e9rification, garantissant ainsi la s\u00e9curit\u00e9 et la conformit\u00e9 l\u00e9gale. La configuration ne prend que quelques minutes, apr\u00e8s quoi toutes les fonctionnalit\u00e9s de Thorfortune Casino sont disponibles.<\/p>\n<h3>L&rsquo;application Thorfortune Casino offre-t-elle un service client ?<\/h3>\n<p>L&rsquo;application Thor Fortune vous met directement en relation avec l&rsquo;\u00e9quipe d&rsquo;assistance par chat en direct et par e-mail. Des professionnels qui connaissent leur domaine s&rsquo;occupent des probl\u00e8mes techniques, des confusions li\u00e9es au processus de v\u00e9rification, des probl\u00e8mes de compte et des questions g\u00e9n\u00e9rales, sans vous obliger \u00e0 quitter l&rsquo;application ou \u00e0 ouvrir un autre navigateur. Le chat en direct est plus rapide que l&rsquo;e-mail lorsqu&rsquo;il faut r\u00e9gler un probl\u00e8me imm\u00e9diatement, mais les deux vous permettent d&rsquo;obtenir une aide comp\u00e9tente pour que votre exp\u00e9rience de jeu se poursuive.<\/p>\n<h3>Comment mettre \u00e0 jour l&rsquo;application Thorfortune Casino ?<\/h3>\n<p>Les mises \u00e0 jour se font automatiquement gr\u00e2ce aux applications web progressives, ce qui \u00e9limine le stress li\u00e9 aux mises \u00e0 jour manuelles. En actualisant votre navigateur de temps en temps ou en vidant le cache de temps en temps, vous \u00eates s\u00fbr de disposer des versions actuelles avec toutes les am\u00e9liorations qui viennent d&rsquo;\u00eatre apport\u00e9es. Le bureau fonctionne de la m\u00eame mani\u00e8re, car les mises \u00e0 jour se font c\u00f4t\u00e9 serveur, sans t\u00e9l\u00e9chargement ni installation. Les derni\u00e8res fonctionnalit\u00e9s et les correctifs de s\u00e9curit\u00e9 restent accessibles.<\/p>\n<\/div><\/div><\/p>\n","protected":false},"excerpt":{"rendered":"<p>Thorfortune sur les appareils mobiles Thorfortune App vous permet de jouer au casino en ligne directement depuis votre poche, sans aucun compromis. Elle offre des performances et une commodit\u00e9 telles que l&rsquo;acc\u00e8s \u00e0 vos jeux de casino pr\u00e9f\u00e9r\u00e9s depuis votre smartphone est aussi fluide que sur votre ordinateur. Tous les titres disponibles sur la version [&hellip;]<\/p>\n","protected":false},"author":1,"featured_media":0,"parent":0,"menu_order":0,"comment_status":"closed","ping_status":"closed","template":"template-builder.php","meta":{"_acf_changed":false,"inline_featured_image":false,"footnotes":""},"class_list":["post-1440","page","type-page","status-publish","hentry"],"acf":[],"yoast_head":"<!-- This site is optimized with the Yoast SEO plugin v24.4 - https:\/\/yoast.com\/wordpress\/plugins\/seo\/ -->\n<title>Thorfortune Application Casino | T\u00e9l\u00e9charger pour iOS et Android<\/title>\n<meta name=\"description\" content=\"Emportez le casino avec vous ! T\u00e9l\u00e9chargez l&#039;application Thorfortune Casino sur votre appareil Android ou iOS pour acc\u00e9der instantan\u00e9ment et facilement \u00e0 tous vos jeux pr\u00e9f\u00e9r\u00e9s o\u00f9 que vous soyez.\" \/>\n<meta name=\"robots\" content=\"index, follow, max-snippet:-1, max-image-preview:large, max-video-preview:-1\" \/>\n<link rel=\"canonical\" href=\"https:\/\/thorfortuneplay.com\/fr\/app\/\" \/>\n<meta property=\"og:locale\" content=\"fr_FR\" \/>\n<meta property=\"og:type\" content=\"article\" \/>\n<meta property=\"og:title\" content=\"Thorfortune Application Casino | T\u00e9l\u00e9charger pour iOS et Android\" \/>\n<meta property=\"og:description\" content=\"Emportez le casino avec vous ! T\u00e9l\u00e9chargez l&#039;application Thorfortune Casino sur votre appareil Android ou iOS pour acc\u00e9der instantan\u00e9ment et facilement \u00e0 tous vos jeux pr\u00e9f\u00e9r\u00e9s o\u00f9 que vous soyez.\" \/>\n<meta property=\"og:url\" content=\"https:\/\/thorfortuneplay.com\/fr\/app\/\" \/>\n<meta property=\"og:site_name\" content=\"thorfortune\" \/>\n<meta property=\"article:modified_time\" content=\"2026-02-26T11:01:17+00:00\" \/>\n<meta name=\"twitter:card\" content=\"summary_large_image\" \/>\n<meta name=\"twitter:label1\" content=\"Dur\u00e9e de lecture estim\u00e9e\" \/>\n\t<meta name=\"twitter:data1\" content=\"2 minutes\" \/>\n<script type=\"application\/ld+json\" class=\"yoast-schema-graph\">{\"@context\":\"https:\/\/schema.org\",\"@graph\":[{\"@type\":\"WebPage\",\"@id\":\"https:\/\/thorfortuneplay.com\/fr\/app\/\",\"url\":\"https:\/\/thorfortuneplay.com\/fr\/app\/\",\"name\":\"Thorfortune Application Casino | T\u00e9l\u00e9charger pour iOS et Android\",\"isPartOf\":{\"@id\":\"https:\/\/thorfortuneplay.com\/fr\/#website\"},\"datePublished\":\"2026-01-20T12:08:23+00:00\",\"dateModified\":\"2026-02-26T11:01:17+00:00\",\"description\":\"Emportez le casino avec vous ! T\u00e9l\u00e9chargez l'application Thorfortune Casino sur votre appareil Android ou iOS pour acc\u00e9der instantan\u00e9ment et facilement \u00e0 tous vos jeux pr\u00e9f\u00e9r\u00e9s o\u00f9 que vous soyez.\",\"breadcrumb\":{\"@id\":\"https:\/\/thorfortuneplay.com\/fr\/app\/#breadcrumb\"},\"inLanguage\":\"fr-FR\",\"potentialAction\":[{\"@type\":\"ReadAction\",\"target\":[\"https:\/\/thorfortuneplay.com\/fr\/app\/\"]}]},{\"@type\":\"BreadcrumbList\",\"@id\":\"https:\/\/thorfortuneplay.com\/fr\/app\/#breadcrumb\",\"itemListElement\":[{\"@type\":\"ListItem\",\"position\":1,\"name\":\"Thorfortune\",\"item\":\"https:\/\/thorfortuneplay.com\/fr\/\"},{\"@type\":\"ListItem\",\"position\":2,\"name\":\"App\"}]},{\"@type\":\"WebSite\",\"@id\":\"https:\/\/thorfortuneplay.com\/fr\/#website\",\"url\":\"https:\/\/thorfortuneplay.com\/fr\/\",\"name\":\"Thorfortune\",\"description\":\"\",\"publisher\":{\"@id\":\"https:\/\/thorfortuneplay.com\/fr\/#organization\"},\"potentialAction\":[{\"@type\":\"SearchAction\",\"target\":{\"@type\":\"EntryPoint\",\"urlTemplate\":\"https:\/\/thorfortuneplay.com\/fr\/?s={search_term_string}\"},\"query-input\":{\"@type\":\"PropertyValueSpecification\",\"valueRequired\":true,\"valueName\":\"search_term_string\"}}],\"inLanguage\":\"fr-FR\"},{\"@type\":\"Organization\",\"@id\":\"https:\/\/thorfortuneplay.com\/fr\/#organization\",\"name\":\"Thorfortune\",\"url\":\"https:\/\/thorfortuneplay.com\/fr\/\",\"logo\":{\"@type\":\"ImageObject\",\"inLanguage\":\"fr-FR\",\"@id\":\"https:\/\/thorfortuneplay.com\/fr\/#\/schema\/logo\/image\/\",\"url\":\"https:\/\/thorfortuneplay.com\/wp-content\/uploads\/2026\/02\/logo-1.png\",\"contentUrl\":\"https:\/\/thorfortuneplay.com\/wp-content\/uploads\/2026\/02\/logo-1.png\",\"width\":160,\"height\":37,\"caption\":\"Thorfortune\"},\"image\":{\"@id\":\"https:\/\/thorfortuneplay.com\/fr\/#\/schema\/logo\/image\/\"}}]}<\/script>\n<!-- \/ Yoast SEO plugin. -->","yoast_head_json":{"title":"Thorfortune Application Casino | T\u00e9l\u00e9charger pour iOS et Android","description":"Emportez le casino avec vous ! T\u00e9l\u00e9chargez l'application Thorfortune Casino sur votre appareil Android ou iOS pour acc\u00e9der instantan\u00e9ment et facilement \u00e0 tous vos jeux pr\u00e9f\u00e9r\u00e9s o\u00f9 que vous soyez.","robots":{"index":"index","follow":"follow","max-snippet":"max-snippet:-1","max-image-preview":"max-image-preview:large","max-video-preview":"max-video-preview:-1"},"canonical":"https:\/\/thorfortuneplay.com\/fr\/app\/","og_locale":"fr_FR","og_type":"article","og_title":"Thorfortune Application Casino | T\u00e9l\u00e9charger pour iOS et Android","og_description":"Emportez le casino avec vous ! T\u00e9l\u00e9chargez l'application Thorfortune Casino sur votre appareil Android ou iOS pour acc\u00e9der instantan\u00e9ment et facilement \u00e0 tous vos jeux pr\u00e9f\u00e9r\u00e9s o\u00f9 que vous soyez.","og_url":"https:\/\/thorfortuneplay.com\/fr\/app\/","og_site_name":"thorfortune","article_modified_time":"2026-02-26T11:01:17+00:00","twitter_card":"summary_large_image","twitter_misc":{"Dur\u00e9e de lecture estim\u00e9e":"2 minutes"},"schema":{"@context":"https:\/\/schema.org","@graph":[{"@type":"WebPage","@id":"https:\/\/thorfortuneplay.com\/fr\/app\/","url":"https:\/\/thorfortuneplay.com\/fr\/app\/","name":"Thorfortune Application Casino | T\u00e9l\u00e9charger pour iOS et Android","isPartOf":{"@id":"https:\/\/thorfortuneplay.com\/fr\/#website"},"datePublished":"2026-01-20T12:08:23+00:00","dateModified":"2026-02-26T11:01:17+00:00","description":"Emportez le casino avec vous ! T\u00e9l\u00e9chargez l'application Thorfortune Casino sur votre appareil Android ou iOS pour acc\u00e9der instantan\u00e9ment et facilement \u00e0 tous vos jeux pr\u00e9f\u00e9r\u00e9s o\u00f9 que vous soyez.","breadcrumb":{"@id":"https:\/\/thorfortuneplay.com\/fr\/app\/#breadcrumb"},"inLanguage":"fr-FR","potentialAction":[{"@type":"ReadAction","target":["https:\/\/thorfortuneplay.com\/fr\/app\/"]}]},{"@type":"BreadcrumbList","@id":"https:\/\/thorfortuneplay.com\/fr\/app\/#breadcrumb","itemListElement":[{"@type":"ListItem","position":1,"name":"Thorfortune","item":"https:\/\/thorfortuneplay.com\/fr\/"},{"@type":"ListItem","position":2,"name":"App"}]},{"@type":"WebSite","@id":"https:\/\/thorfortuneplay.com\/fr\/#website","url":"https:\/\/thorfortuneplay.com\/fr\/","name":"Thorfortune","description":"","publisher":{"@id":"https:\/\/thorfortuneplay.com\/fr\/#organization"},"potentialAction":[{"@type":"SearchAction","target":{"@type":"EntryPoint","urlTemplate":"https:\/\/thorfortuneplay.com\/fr\/?s={search_term_string}"},"query-input":{"@type":"PropertyValueSpecification","valueRequired":true,"valueName":"search_term_string"}}],"inLanguage":"fr-FR"},{"@type":"Organization","@id":"https:\/\/thorfortuneplay.com\/fr\/#organization","name":"Thorfortune","url":"https:\/\/thorfortuneplay.com\/fr\/","logo":{"@type":"ImageObject","inLanguage":"fr-FR","@id":"https:\/\/thorfortuneplay.com\/fr\/#\/schema\/logo\/image\/","url":"https:\/\/thorfortuneplay.com\/wp-content\/uploads\/2026\/02\/logo-1.png","contentUrl":"https:\/\/thorfortuneplay.com\/wp-content\/uploads\/2026\/02\/logo-1.png","width":160,"height":37,"caption":"Thorfortune"},"image":{"@id":"https:\/\/thorfortuneplay.com\/fr\/#\/schema\/logo\/image\/"}}]}},"_links":{"self":[{"href":"https:\/\/thorfortuneplay.com\/fr\/wp-json\/wp\/v2\/pages\/1440"}],"collection":[{"href":"https:\/\/thorfortuneplay.com\/fr\/wp-json\/wp\/v2\/pages"}],"about":[{"href":"https:\/\/thorfortuneplay.com\/fr\/wp-json\/wp\/v2\/types\/page"}],"author":[{"embeddable":true,"href":"https:\/\/thorfortuneplay.com\/fr\/wp-json\/wp\/v2\/users\/1"}],"replies":[{"embeddable":true,"href":"https:\/\/thorfortuneplay.com\/fr\/wp-json\/wp\/v2\/comments?post=1440"}],"version-history":[{"count":3,"href":"https:\/\/thorfortuneplay.com\/fr\/wp-json\/wp\/v2\/pages\/1440\/revisions"}],"predecessor-version":[{"id":2069,"href":"https:\/\/thorfortuneplay.com\/fr\/wp-json\/wp\/v2\/pages\/1440\/revisions\/2069"}],"wp:attachment":[{"href":"https:\/\/thorfortuneplay.com\/fr\/wp-json\/wp\/v2\/media?parent=1440"}],"curies":[{"name":"wp","href":"https:\/\/api.w.org\/{rel}","templated":true}]}}