{"id":1487,"date":"2026-01-20T12:11:11","date_gmt":"2026-01-20T12:11:11","guid":{"rendered":"https:\/\/bonuskongcasino.com\/login-and-registration\/"},"modified":"2026-02-26T12:42:02","modified_gmt":"2026-02-26T12:42:02","slug":"inicio-de-sesion-y-registro","status":"publish","type":"page","link":"https:\/\/thorfortuneplay.com\/es\/inicio-de-sesion-y-registro\/","title":{"rendered":"Inicio de sesi\u00f3n y Registro"},"content":{"rendered":"<h1>Inicio de sesi\u00f3n, registro y gesti\u00f3n de cuentas en Thorfortune<\/h1>\n<p>El Thorfortune login te permite acceder f\u00e1cilmente al casino en l\u00ednea sin barreras innecesarias que bloqueen tu camino hacia el juego. Nuestra plataforma ha invertido mucho en sofisticadas medidas de seguridad, al tiempo que mantiene la facilidad de uso de los servicios. Todos los jugadores espa\u00f1oles disfrutan de un ambiente de juego s\u00f3lido en Thorfortune, que respeta los principios del juego responsable sin ser moralista al respecto.<\/p>\n<p><div class=\"banner-wrap\" aria-label=\"Banner\"><img src=\"https:\/\/thorfortuneplay.com\/wp-content\/uploads\/2026\/02\/Thorfortune-bnr-pc.webp\" class=\"w-100 d-none d-lg-block img-pc main-banner-img\" alt=\"thorfortune banner desktop\" fetchpriority=\"high\" decoding=\"async\"><img src=\"https:\/\/thorfortuneplay.com\/wp-content\/uploads\/2026\/02\/thorfortune-banner-mobile.webp\" class=\"w-100 d-none d-md-block d-lg-none main-banner-img\" alt=\"thorfortune banner mobile\" fetchpriority=\"high\" decoding=\"async\"><img src=\"https:\/\/thorfortuneplay.com\/wp-content\/uploads\/2026\/02\/thorfortune-banner-mobile.webp\" class=\"w-100 d-md-none\" alt=\"thorfortune banner mobile\" fetchpriority=\"high\" decoding=\"async\"><div class=\"banner-description\">\n<div class=\"banner-title\">Bonos de bienvenida<\/div>\n<p class=\"banner-header-title\">1500 \u20ac<\/p>\n<div class=\"banner-header-AdditionalText\">+ 250 Tiradas gratis<\/div>\n<button data-item=\"homepage_banner_link\" class=\"goto m-button m-gradient-border m-button--primary m-button--large banner-button btn-orange\">\n            <div class=\"m-button-content\">\n                <span>Reg\u00edstrate ahora<\/span>\n                <span><\/span>\n            <\/div>\n        <\/button>\n<\/div>\n<div class=\"WelcomePack\">\n<p><img loading=\"lazy\" decoding=\"async\" class=\"alignnone size-full wp-image-1849\" src=\"https:\/\/thor-fortune.net\/wp-content\/uploads\/2026\/02\/welcome-crown.png\" alt=\"welcome crown\" width=\"25\" height=\"26\" \/><\/p>\n<div class=\"WelcomePack-Info\">Reembolso semanal de hasta el 25 %<\/div>\n<p><img loading=\"lazy\" decoding=\"async\" class=\"alignnone size-full wp-image-1849\" src=\"https:\/\/thor-fortune.net\/wp-content\/uploads\/2026\/02\/welcome-crown.png\" alt=\"welcome crown\" width=\"25\" height=\"26\" \/><\/p>\n<\/div>\n<\/div><div class=\"scrollable-content-wrap my-5\"><div class=\"scrollable-content-inner\"><h2>Registro de nuevos usuarios en Thor Fortune<\/h2>\n<p>Al unirte a Thorfortune Casino, obtienes acceso completo a todas las funciones, lo que hace que tu experiencia de juego sea realmente entretenida, no solo funcional. Los nuevos usuarios reciben un bono de bienvenida especial (de hasta 1.500 \u20ac con 250 tiradas adicionales). La participaci\u00f3n en torneos promocionales y el gratificante programa de fidelidad tambi\u00e9n se activan de inmediato. El inicio de sesi\u00f3n en Thorfortune conecta a los jugadores con una amplia biblioteca de juegos, ofertas diarias y una f\u00e1cil gesti\u00f3n de la cuenta. Representa tu primer paso hacia un juego seguro y de calidad.<\/p>\n<h3>Crea tu cuenta<\/h3>\n<p>Completar la configuraci\u00f3n de inicio de sesi\u00f3n en Thor Fortune no requiere una paciencia infinita. Se divide en pasos sencillos:<\/p>\n<ol>\n<li>Encontrar el bot\u00f3n \u00abRegistrarse\u00bb en la p\u00e1gina de inicio de Thorfortune te llevar\u00e1 unos dos segundos, ya que lo hemos colocado en un lugar destacado.<\/li>\n<li>Para completar el formulario de registro, se necesita informaci\u00f3n personal precisa, como tu direcci\u00f3n de correo electr\u00f3nico y una contrase\u00f1a que puedas recordar m\u00e1s adelante.<\/li>\n<li>A continuaci\u00f3n, deber\u00e1 marcar las casillas para confirmar que es mayor de 18 a\u00f1os y que acepta los t\u00e9rminos y condiciones. Esperamos que haya le\u00eddo lo que est\u00e1 aceptando y no haya marcado las casillas a ciegas.<\/li>\n<li>A continuaci\u00f3n, es posible que se le pida que introduzca un c\u00f3digo CAPTCHA para verificar que es una persona y no un bot creando cuentas.<\/li>\n<li>El proceso finaliza siguiendo las instrucciones del correo electr\u00f3nico de confirmaci\u00f3n. Al confirmar todo, se crea su cuenta en Thor Fortune Casino, lo que le permite iniciar sesi\u00f3n inmediatamente.<\/li>\n<\/ol>\n<p>Las restricciones de edad se mantienen firmes en un m\u00ednimo de 18 a\u00f1os, ya que las pol\u00edticas de juego responsable no son negociables. Una vez completada la verificaci\u00f3n, podr\u00e1 iniciar sesi\u00f3n y explorar la amplia variedad de juegos y bonificaciones sin barreras adicionales.<\/p>\n<p><img loading=\"lazy\" decoding=\"async\" class=\"alignnone size-full wp-image-2041\" src=\"https:\/\/thor-fortune.net\/wp-content\/uploads\/2026\/02\/Thorfortune-login-page.webp\" alt=\"Thorfortune login page\" width=\"1248\" height=\"536\" srcset=\"https:\/\/thorfortuneplay.com\/wp-content\/uploads\/2026\/02\/Thorfortune-login-page.webp 1248w, https:\/\/thorfortuneplay.com\/wp-content\/uploads\/2026\/02\/Thorfortune-login-page-300x129.webp 300w, https:\/\/thorfortuneplay.com\/wp-content\/uploads\/2026\/02\/Thorfortune-login-page-1024x440.webp 1024w, https:\/\/thorfortuneplay.com\/wp-content\/uploads\/2026\/02\/Thorfortune-login-page-768x330.webp 768w\" sizes=\"(max-width: 1248px) 100vw, 1248px\" \/><\/p>\n<h2>Gesti\u00f3n de una cuenta Thorfortune<\/h2>\n<p>Una vez completado el registro, podr\u00e1s iniciar sesi\u00f3n en Thorfortune cada vez que te apetezca jugar. Este proceso transparente te da acceso a todas las funciones de la plataforma. Para iniciar sesi\u00f3n, ve al bot\u00f3n \u00abEntrar\u00bb situado en la esquina superior derecha de la p\u00e1gina de inicio. Introduce tu direcci\u00f3n de correo electr\u00f3nico y contrase\u00f1a registradas para acceder. A continuaci\u00f3n, ver\u00e1s el panel de control, que hemos creado para que tengas un control total sobre todo:<\/p>\n<ul>\n<li>En lugar de limitarte a una o dos opciones, hay numerosos m\u00e9todos de pago seguros disponibles para depositar y consultar tu dinero.<\/li>\n<li>Es f\u00e1cil canjear bonificaciones e introducir c\u00f3digos promocionales, sin necesidad de buscar en los men\u00fas.<\/li>\n<li>Puede ver su historial de transacciones y su actividad de juego en cualquier momento.<\/li>\n<li>Tambi\u00e9n puede editar sus datos personales, incluidos sus datos de contacto y m\u00e9todos de pago, seg\u00fan sea necesario.<\/li>\n<\/ul>\n<h3>\u00bfHa olvidado su contrase\u00f1a?<\/h3>\n<p>A cualquiera le puede pasar que se le olvide la contrase\u00f1a de inicio de sesi\u00f3n de Thor Fortune. Restablecer la contrase\u00f1a es muy sencillo.<\/p>\n<table>\n<tbody>\n<tr>\n<td>Paso<\/td>\n<td>Qu\u00e9 debe hacer<\/td>\n<td>Por qu\u00e9 es importante<\/td>\n<\/tr>\n<tr>\n<td>1<\/td>\n<td>En primer lugar, los usuarios deben hacer clic en el enlace \u00ab\u00bfHa olvidado su contrase\u00f1a?\u00bb de la p\u00e1gina de inicio de sesi\u00f3n.<\/td>\n<td>Esto inicia el proceso de recuperaci\u00f3n sin que tengas que ponerte en contacto con el servicio de asistencia.<\/td>\n<\/tr>\n<tr>\n<td>2<\/td>\n<td>A continuaci\u00f3n, puede introducir su direcci\u00f3n de correo electr\u00f3nico registrada.<\/td>\n<td>Esto conecta la solicitud de restablecimiento con su cuenta espec\u00edfica.<\/td>\n<\/tr>\n<tr>\n<td>3<\/td>\n<td>Siga las instrucciones enviadas a su bandeja de entrada.<\/td>\n<td>Esto completar\u00e1 el restablecimiento de la contrase\u00f1a de forma segura.<\/td>\n<\/tr>\n<\/tbody>\n<\/table>\n<p>El proceso garantiza una r\u00e1pida recuperaci\u00f3n del acceso, al tiempo que mantiene altos est\u00e1ndares de seguridad. Si necesita ayuda con cualquier cosa que vaya m\u00e1s all\u00e1 del restablecimiento autom\u00e1tico de la contrase\u00f1a, el equipo de asistencia est\u00e1 disponible a trav\u00e9s del chat en vivo o del correo electr\u00f3nico.<\/p>\n<h2>Verificaci\u00f3n de la cuenta de Thorfortune Casino<\/h2>\n<p>Thorfortune Casino aplica estrictas pol\u00edticas de verificaci\u00f3n, manteniendo entornos de juego seguros para todos. Los jugadores deben confirmar su identidad enviando documentos oficiales, como facturas de servicios p\u00fablicos y documentos de identidad emitidos por el gobierno. Esta medida cumple con los requisitos normativos de Thorfortune, al tiempo que combate el fraude y ayuda a todos los jugadores a proteger sus cuentas contra el acceso no autorizado.<\/p>\n<p>La protecci\u00f3n de los datos personales y de las transacciones implica m\u00faltiples sistemas de seguridad, incluyendo el cifrado AES y SSL\/TLS, cortafuegos y la supervisi\u00f3n constante de patrones sospechosos.<\/p>\n<h2>Bienestar de los jugadores<\/h2>\n<p>Thorfortune simplifica las cosas cuando se trata de jugar de forma responsable. La idea no es dar lecciones ni interrumpir la diversi\u00f3n, sino ofrecer a los jugadores formas sencillas de mantener el control cuando es necesario. Todas estas herramientas se encuentran en la configuraci\u00f3n de tu cuenta y se pueden activar o ajustar cuando lo consideres necesario.<\/p>\n<p>Puedes establecer l\u00edmites de dep\u00f3sito para mantener el gasto dentro de un rango c\u00f3modo y utilizar l\u00edmites de p\u00e9rdidas para dejar de jugar en los d\u00edas en los que no te va bien. Los l\u00edmites de apuesta ayudan a mantener las apuestas individuales dentro de unos l\u00edmites razonables, mientras que los l\u00edmites de tiempo de sesi\u00f3n est\u00e1n ah\u00ed para esos momentos en los que las horas pasan sin que te des cuenta. Si quieres hacer una breve pausa, los periodos de reflexi\u00f3n te permiten dar un paso atr\u00e1s durante un tiempo. Y si necesitas un descanso m\u00e1s largo, siempre puedes recurrir a la autoexclusi\u00f3n, incluido el cierre permanente de la cuenta.<\/p>\n<h2>Preguntas frecuentes<\/h2>\n<h3>\u00bfC\u00f3mo actualizar la contrase\u00f1a o la direcci\u00f3n de correo electr\u00f3nico?<\/h3>\n<p>Para cambiar tu contrase\u00f1a o direcci\u00f3n de correo electr\u00f3nico de Thor Fortune Casino, primero debes iniciar sesi\u00f3n en tu cuenta y dirigirte a la configuraci\u00f3n de gesti\u00f3n de la cuenta. Al hacer clic en la opci\u00f3n para actualizar tus datos de inicio de sesi\u00f3n en Thorfortune, podr\u00e1s introducir la nueva informaci\u00f3n y verificarla mediante los pasos de seguridad que aparecer\u00e1n.<\/p>\n<h3>\u00bfQu\u00e9 debo hacer si mi cuenta est\u00e1 bloqueada?<\/h3>\n<p>Los bloqueos de cuentas rara vez se producen sin una buena raz\u00f3n. Si tu cuenta de Thorfortune se bloquea, busca al equipo de asistencia a trav\u00e9s del bot\u00f3n de chat en vivo que se encuentra en la p\u00e1gina del casino. El proceso de verificaci\u00f3n es muy importante para desbloquear tu cuenta, ya que confirma que eres el propietario leg\u00edtimo.<\/p>\n<h3>\u00bfEl equipo de asistencia de Thorfortune Casino habla varios idiomas para poder ayudar?<\/h3>\n<p>Thorfortune Casino entiende que no todo el mundo quiere tener que esforzarse por mantener conversaciones de asistencia en ingl\u00e9s. Por eso hemos creado un servicio de asistencia multiling\u00fce, para que los jugadores de todo el mundo puedan comunicarse c\u00f3modamente. El equipo de asistencia est\u00e1 disponible las 24 horas del d\u00eda, los 7 d\u00edas de la semana, a trav\u00e9s del chat en vivo para ayudarte cuando lo necesites.<\/p>\n<\/div><\/div><\/p>\n","protected":false},"excerpt":{"rendered":"<p>Inicio de sesi\u00f3n, registro y gesti\u00f3n de cuentas en Thorfortune El Thorfortune login te permite acceder f\u00e1cilmente al casino en l\u00ednea sin barreras innecesarias que bloqueen tu camino hacia el juego. Nuestra plataforma ha invertido mucho en sofisticadas medidas de seguridad, al tiempo que mantiene la facilidad de uso de los servicios. Todos los jugadores [&hellip;]<\/p>\n","protected":false},"author":1,"featured_media":0,"parent":0,"menu_order":0,"comment_status":"closed","ping_status":"closed","template":"template-builder.php","meta":{"_acf_changed":false,"inline_featured_image":false,"footnotes":""},"class_list":["post-1487","page","type-page","status-publish","hentry"],"acf":[],"yoast_head":"<!-- This site is optimized with the Yoast SEO plugin v24.4 - https:\/\/yoast.com\/wordpress\/plugins\/seo\/ -->\n<title>Thorfortune Login | Acceso seguro a la cuenta y registro<\/title>\n<meta name=\"description\" content=\"Tu inicio de sesi\u00f3n en Thorfortune es la llave que te da acceso a miles de juegos. Inicia sesi\u00f3n para jugar o registrar una nueva cuenta, completar la verificaci\u00f3n segura, gestionar tus fondos y ponerte en contacto con el servicio de asistencia 24\/7.\" \/>\n<meta name=\"robots\" content=\"index, follow, max-snippet:-1, max-image-preview:large, max-video-preview:-1\" \/>\n<link rel=\"canonical\" href=\"https:\/\/thorfortuneplay.com\/es\/inicio-de-sesion-y-registro\/\" \/>\n<meta property=\"og:locale\" content=\"es_ES\" \/>\n<meta property=\"og:type\" content=\"article\" \/>\n<meta property=\"og:title\" content=\"Thorfortune Login | Acceso seguro a la cuenta y registro\" \/>\n<meta property=\"og:description\" content=\"Tu inicio de sesi\u00f3n en Thorfortune es la llave que te da acceso a miles de juegos. Inicia sesi\u00f3n para jugar o registrar una nueva cuenta, completar la verificaci\u00f3n segura, gestionar tus fondos y ponerte en contacto con el servicio de asistencia 24\/7.\" \/>\n<meta property=\"og:url\" content=\"https:\/\/thorfortuneplay.com\/es\/inicio-de-sesion-y-registro\/\" \/>\n<meta property=\"og:site_name\" content=\"thorfortune\" \/>\n<meta property=\"article:modified_time\" content=\"2026-02-26T12:42:02+00:00\" \/>\n<meta name=\"twitter:card\" content=\"summary_large_image\" \/>\n<meta name=\"twitter:label1\" content=\"Est. reading time\" \/>\n\t<meta name=\"twitter:data1\" content=\"1 minute\" \/>\n<script type=\"application\/ld+json\" class=\"yoast-schema-graph\">{\"@context\":\"https:\/\/schema.org\",\"@graph\":[{\"@type\":\"WebPage\",\"@id\":\"https:\/\/thorfortuneplay.com\/es\/inicio-de-sesion-y-registro\/\",\"url\":\"https:\/\/thorfortuneplay.com\/es\/inicio-de-sesion-y-registro\/\",\"name\":\"Thorfortune Login | Acceso seguro a la cuenta y registro\",\"isPartOf\":{\"@id\":\"https:\/\/thorfortuneplay.com\/es\/#website\"},\"datePublished\":\"2026-01-20T12:11:11+00:00\",\"dateModified\":\"2026-02-26T12:42:02+00:00\",\"description\":\"Tu inicio de sesi\u00f3n en Thorfortune es la llave que te da acceso a miles de juegos. Inicia sesi\u00f3n para jugar o registrar una nueva cuenta, completar la verificaci\u00f3n segura, gestionar tus fondos y ponerte en contacto con el servicio de asistencia 24\/7.\",\"breadcrumb\":{\"@id\":\"https:\/\/thorfortuneplay.com\/es\/inicio-de-sesion-y-registro\/#breadcrumb\"},\"inLanguage\":\"es-ES\",\"potentialAction\":[{\"@type\":\"ReadAction\",\"target\":[\"https:\/\/thorfortuneplay.com\/es\/inicio-de-sesion-y-registro\/\"]}]},{\"@type\":\"BreadcrumbList\",\"@id\":\"https:\/\/thorfortuneplay.com\/es\/inicio-de-sesion-y-registro\/#breadcrumb\",\"itemListElement\":[{\"@type\":\"ListItem\",\"position\":1,\"name\":\"Thorfortune\",\"item\":\"https:\/\/thorfortuneplay.com\/es\/\"},{\"@type\":\"ListItem\",\"position\":2,\"name\":\"Inicio de sesi\u00f3n y Registro\"}]},{\"@type\":\"WebSite\",\"@id\":\"https:\/\/thorfortuneplay.com\/es\/#website\",\"url\":\"https:\/\/thorfortuneplay.com\/es\/\",\"name\":\"Thorfortune\",\"description\":\"\",\"publisher\":{\"@id\":\"https:\/\/thorfortuneplay.com\/es\/#organization\"},\"potentialAction\":[{\"@type\":\"SearchAction\",\"target\":{\"@type\":\"EntryPoint\",\"urlTemplate\":\"https:\/\/thorfortuneplay.com\/es\/?s={search_term_string}\"},\"query-input\":{\"@type\":\"PropertyValueSpecification\",\"valueRequired\":true,\"valueName\":\"search_term_string\"}}],\"inLanguage\":\"es-ES\"},{\"@type\":\"Organization\",\"@id\":\"https:\/\/thorfortuneplay.com\/es\/#organization\",\"name\":\"Thorfortune\",\"url\":\"https:\/\/thorfortuneplay.com\/es\/\",\"logo\":{\"@type\":\"ImageObject\",\"inLanguage\":\"es-ES\",\"@id\":\"https:\/\/thorfortuneplay.com\/es\/#\/schema\/logo\/image\/\",\"url\":\"https:\/\/thorfortuneplay.com\/wp-content\/uploads\/2026\/02\/logo-1.png\",\"contentUrl\":\"https:\/\/thorfortuneplay.com\/wp-content\/uploads\/2026\/02\/logo-1.png\",\"width\":160,\"height\":37,\"caption\":\"Thorfortune\"},\"image\":{\"@id\":\"https:\/\/thorfortuneplay.com\/es\/#\/schema\/logo\/image\/\"}}]}<\/script>\n<!-- \/ Yoast SEO plugin. -->","yoast_head_json":{"title":"Thorfortune Login | Acceso seguro a la cuenta y registro","description":"Tu inicio de sesi\u00f3n en Thorfortune es la llave que te da acceso a miles de juegos. Inicia sesi\u00f3n para jugar o registrar una nueva cuenta, completar la verificaci\u00f3n segura, gestionar tus fondos y ponerte en contacto con el servicio de asistencia 24\/7.","robots":{"index":"index","follow":"follow","max-snippet":"max-snippet:-1","max-image-preview":"max-image-preview:large","max-video-preview":"max-video-preview:-1"},"canonical":"https:\/\/thorfortuneplay.com\/es\/inicio-de-sesion-y-registro\/","og_locale":"es_ES","og_type":"article","og_title":"Thorfortune Login | Acceso seguro a la cuenta y registro","og_description":"Tu inicio de sesi\u00f3n en Thorfortune es la llave que te da acceso a miles de juegos. Inicia sesi\u00f3n para jugar o registrar una nueva cuenta, completar la verificaci\u00f3n segura, gestionar tus fondos y ponerte en contacto con el servicio de asistencia 24\/7.","og_url":"https:\/\/thorfortuneplay.com\/es\/inicio-de-sesion-y-registro\/","og_site_name":"thorfortune","article_modified_time":"2026-02-26T12:42:02+00:00","twitter_card":"summary_large_image","twitter_misc":{"Est. reading time":"1 minute"},"schema":{"@context":"https:\/\/schema.org","@graph":[{"@type":"WebPage","@id":"https:\/\/thorfortuneplay.com\/es\/inicio-de-sesion-y-registro\/","url":"https:\/\/thorfortuneplay.com\/es\/inicio-de-sesion-y-registro\/","name":"Thorfortune Login | Acceso seguro a la cuenta y registro","isPartOf":{"@id":"https:\/\/thorfortuneplay.com\/es\/#website"},"datePublished":"2026-01-20T12:11:11+00:00","dateModified":"2026-02-26T12:42:02+00:00","description":"Tu inicio de sesi\u00f3n en Thorfortune es la llave que te da acceso a miles de juegos. Inicia sesi\u00f3n para jugar o registrar una nueva cuenta, completar la verificaci\u00f3n segura, gestionar tus fondos y ponerte en contacto con el servicio de asistencia 24\/7.","breadcrumb":{"@id":"https:\/\/thorfortuneplay.com\/es\/inicio-de-sesion-y-registro\/#breadcrumb"},"inLanguage":"es-ES","potentialAction":[{"@type":"ReadAction","target":["https:\/\/thorfortuneplay.com\/es\/inicio-de-sesion-y-registro\/"]}]},{"@type":"BreadcrumbList","@id":"https:\/\/thorfortuneplay.com\/es\/inicio-de-sesion-y-registro\/#breadcrumb","itemListElement":[{"@type":"ListItem","position":1,"name":"Thorfortune","item":"https:\/\/thorfortuneplay.com\/es\/"},{"@type":"ListItem","position":2,"name":"Inicio de sesi\u00f3n y Registro"}]},{"@type":"WebSite","@id":"https:\/\/thorfortuneplay.com\/es\/#website","url":"https:\/\/thorfortuneplay.com\/es\/","name":"Thorfortune","description":"","publisher":{"@id":"https:\/\/thorfortuneplay.com\/es\/#organization"},"potentialAction":[{"@type":"SearchAction","target":{"@type":"EntryPoint","urlTemplate":"https:\/\/thorfortuneplay.com\/es\/?s={search_term_string}"},"query-input":{"@type":"PropertyValueSpecification","valueRequired":true,"valueName":"search_term_string"}}],"inLanguage":"es-ES"},{"@type":"Organization","@id":"https:\/\/thorfortuneplay.com\/es\/#organization","name":"Thorfortune","url":"https:\/\/thorfortuneplay.com\/es\/","logo":{"@type":"ImageObject","inLanguage":"es-ES","@id":"https:\/\/thorfortuneplay.com\/es\/#\/schema\/logo\/image\/","url":"https:\/\/thorfortuneplay.com\/wp-content\/uploads\/2026\/02\/logo-1.png","contentUrl":"https:\/\/thorfortuneplay.com\/wp-content\/uploads\/2026\/02\/logo-1.png","width":160,"height":37,"caption":"Thorfortune"},"image":{"@id":"https:\/\/thorfortuneplay.com\/es\/#\/schema\/logo\/image\/"}}]}},"_links":{"self":[{"href":"https:\/\/thorfortuneplay.com\/es\/wp-json\/wp\/v2\/pages\/1487"}],"collection":[{"href":"https:\/\/thorfortuneplay.com\/es\/wp-json\/wp\/v2\/pages"}],"about":[{"href":"https:\/\/thorfortuneplay.com\/es\/wp-json\/wp\/v2\/types\/page"}],"author":[{"embeddable":true,"href":"https:\/\/thorfortuneplay.com\/es\/wp-json\/wp\/v2\/users\/1"}],"replies":[{"embeddable":true,"href":"https:\/\/thorfortuneplay.com\/es\/wp-json\/wp\/v2\/comments?post=1487"}],"version-history":[{"count":3,"href":"https:\/\/thorfortuneplay.com\/es\/wp-json\/wp\/v2\/pages\/1487\/revisions"}],"predecessor-version":[{"id":2111,"href":"https:\/\/thorfortuneplay.com\/es\/wp-json\/wp\/v2\/pages\/1487\/revisions\/2111"}],"wp:attachment":[{"href":"https:\/\/thorfortuneplay.com\/es\/wp-json\/wp\/v2\/media?parent=1487"}],"curies":[{"name":"wp","href":"https:\/\/api.w.org\/{rel}","templated":true}]}}