{"id":1449,"date":"2026-01-20T12:08:23","date_gmt":"2026-01-20T12:08:23","guid":{"rendered":"https:\/\/bonuskongcasino.com\/app-2\/"},"modified":"2026-02-26T12:38:59","modified_gmt":"2026-02-26T12:38:59","slug":"aplicacion","status":"publish","type":"page","link":"https:\/\/thorfortuneplay.com\/es\/aplicacion\/","title":{"rendered":"Aplicaci\u00f3n"},"content":{"rendered":"<h1>Thorfortune en dispositivos m\u00f3viles<\/h1>\n<p>Thorfortune App te lleva los juegos de casino online directamente a tu bolsillo sin renunciar a nada. Ofrece un rendimiento y una comodidad tan buenos que acceder a tus juegos de casino favoritos desde el smartphone es tan sencillo como jugar desde el ordenador. Todos los t\u00edtulos, incluidas las tragaperras online, las opciones con crupier en vivo, las ganancias instant\u00e1neas y los juegos de cartas, disponibles en la versi\u00f3n de escritorio, funcionan a trav\u00e9s de la aplicaci\u00f3n m\u00f3vil sin molestas restricciones.<\/p>\n<p>Thorfortune Casino mantiene la calidad de la experiencia de juego constante para los jugadores espa\u00f1oles. No te obligamos a planificar todo tu d\u00eda en funci\u00f3n de cu\u00e1ndo puedes acceder a un ordenador.<\/p>\n<div class=\"banner-wrap\" aria-label=\"Banner\"><img src=\"https:\/\/thorfortuneplay.com\/wp-content\/uploads\/2026\/02\/Thorfortune-bnr-pc.webp\" class=\"w-100 d-none d-lg-block img-pc main-banner-img\" alt=\"thorfortune banner desktop\" fetchpriority=\"high\" decoding=\"async\"><img src=\"https:\/\/thorfortuneplay.com\/wp-content\/uploads\/2026\/02\/thorfortune-banner-mobile.webp\" class=\"w-100 d-none d-md-block d-lg-none main-banner-img\" alt=\"thorfortune banner mobile\" fetchpriority=\"high\" decoding=\"async\"><img src=\"https:\/\/thorfortuneplay.com\/wp-content\/uploads\/2026\/02\/thorfortune-banner-mobile.webp\" class=\"w-100 d-md-none\" alt=\"thorfortune banner mobile\" fetchpriority=\"high\" decoding=\"async\"><div class=\"banner-description\">\n<div class=\"banner-title\">Bonos de bienvenida<\/div>\n<p class=\"banner-header-title\">1500 \u20ac<\/p>\n<div class=\"banner-header-AdditionalText\">+ 250 Tiradas gratis<\/div>\n<button data-item=\"homepage_banner_link\" class=\"goto m-button m-gradient-border m-button--primary m-button--large banner-button btn-orange\">\n            <div class=\"m-button-content\">\n                <span>Reg\u00edstrate ahora<\/span>\n                <span><\/span>\n            <\/div>\n        <\/button>\n<\/div>\n<div class=\"WelcomePack\">\n<p><img loading=\"lazy\" decoding=\"async\" class=\"alignnone size-full wp-image-1849\" src=\"https:\/\/thor-fortune.net\/wp-content\/uploads\/2026\/02\/welcome-crown.png\" alt=\"welcome crown\" width=\"25\" height=\"26\" \/><\/p>\n<div class=\"WelcomePack-Info\">Reembolso semanal de hasta el 25 %<\/div>\n<p><img loading=\"lazy\" decoding=\"async\" class=\"alignnone size-full wp-image-1849\" src=\"https:\/\/thor-fortune.net\/wp-content\/uploads\/2026\/02\/welcome-crown.png\" alt=\"welcome crown\" width=\"25\" height=\"26\" \/><\/p>\n<\/div>\n<\/div>\n<h2>Caracter\u00edsticas de la aplicaci\u00f3n m\u00f3vil Thorfortune<\/h2>\n<p>Thor Fortune Casino funciona con suficiente fiabilidad como para que el rendimiento se mantenga s\u00f3lido, la seguridad no sea cuestionable y la usabilidad resulte natural, de modo que jugar a tus juegos favoritos no se convierta en una frustrante batalla t\u00e9cnica.<\/p>\n<p>Vale la pena probar la aplicaci\u00f3n Thorfortune:<\/p>\n<ul>\n<li>En lugar de quedarte atrapado donde est\u00e1 tu ordenador, tus juegos te siguen a todas partes.<\/li>\n<li>Las plataformas m\u00f3viles, optimizadas para una carga r\u00e1pida y respuestas \u00e1giles, te permiten disfrutar de sesiones fluidas en cualquier lugar donde tengas cobertura.<\/li>\n<li>La navegaci\u00f3n no requiere memorizar d\u00f3nde se esconde todo, ya que el dise\u00f1o es limpio y l\u00f3gico.<\/li>\n<li>Puedes jugar en cualquier momento que te apetezca, ya que la aplicaci\u00f3n Thorfortune funciona durante los desplazamientos, en casa, en los descansos del trabajo, b\u00e1sicamente en cualquier lugar sin restricciones de ubicaci\u00f3n.<\/li>\n<li>La seguridad que protege las transacciones y la informaci\u00f3n personal en Thorfortune Casino utiliza el mismo cifrado y los mismos protocolos en los dispositivos m\u00f3viles que en los ordenadores, por lo que cambiar de plataforma no expone tus datos de forma repentina.<\/li>\n<li>La elecci\u00f3n del dispositivo es irrelevante, ya que los tel\u00e9fonos y tabletas iOS y Android funcionan sin incompatibilidades misteriosas.<\/li>\n<\/ul>\n<p><div class=\"scrollable-content-wrap my-5\"><div class=\"scrollable-content-inner\"><h2>Aplicaci\u00f3n Thorfortune para iOS<\/h2>\n<p>La versi\u00f3n iOS de la aplicaci\u00f3n Thorfortune crea experiencias fluidas e intuitivas dise\u00f1adas espec\u00edficamente para los usuarios de dispositivos Apple. La carga es r\u00e1pida y la seguridad es herm\u00e9tica, lo que hace que las sesiones sean seguras y \u00e1giles. Instalar nuestra aplicaci\u00f3n en tu iPhone o iPad es muy f\u00e1cil:<\/p>\n<ol>\n<li>Una vez que se cargue la p\u00e1gina de Thorfortune Casino, busca en la parte inferior de la pantalla el bot\u00f3n Compartir, que tiene el aspecto de un cuadrado con una flecha que sale disparada hacia arriba.<\/li>\n<li>Toca ese peque\u00f1o icono y aparecer\u00e1 un men\u00fa completo desde la parte inferior.<\/li>\n<li>Despl\u00e1zate hacia abajo por las opciones hasta que encuentres \u00abA\u00f1adir a la pantalla de inicio\u00bb. T\u00f3calo y Safari te mostrar\u00e1 una vista previa de c\u00f3mo quedar\u00e1 el icono en tu pantalla de inicio.<\/li>\n<li>Puedes cambiarle el nombre si quieres algo m\u00e1s corto o diferente al nombre predeterminado, o simplemente dejarlo como est\u00e1. Pulsa \u00abA\u00f1adir\u00bb en la esquina superior derecha y el icono de la aplicaci\u00f3n Thor Fortune aparecer\u00e1 en tu pantalla de inicio junto al resto de tus aplicaciones.<\/li>\n<\/ol>\n<p>Ahora, cada vez que quieras jugar, solo tienes que pulsar ese icono como si fuera una aplicaci\u00f3n normal.<\/p>\n<p><img loading=\"lazy\" decoding=\"async\" class=\"alignnone size-full wp-image-2025\" src=\"https:\/\/thor-fortune.net\/wp-content\/uploads\/2026\/02\/Thorfortune-iOS.webp\" alt=\"Thorfortune iOS\" width=\"1248\" height=\"536\" srcset=\"https:\/\/thorfortuneplay.com\/wp-content\/uploads\/2026\/02\/Thorfortune-iOS.webp 1248w, https:\/\/thorfortuneplay.com\/wp-content\/uploads\/2026\/02\/Thorfortune-iOS-300x129.webp 300w, https:\/\/thorfortuneplay.com\/wp-content\/uploads\/2026\/02\/Thorfortune-iOS-1024x440.webp 1024w, https:\/\/thorfortuneplay.com\/wp-content\/uploads\/2026\/02\/Thorfortune-iOS-768x330.webp 768w\" sizes=\"(max-width: 1248px) 100vw, 1248px\" \/><\/p>\n<\/div><\/div><div style=\"clear: both\"><\/div><div class=\"d-flex justify-content-center\"><button data-item=\"decouvrez_link\" data-group=\"website_links\" class=\"goto fw-bold rounded-pill btn btn-orange\" aria-label=\"Descarga la aplicaci\u00f3n Thorfortune\" >Descarga la aplicaci\u00f3n Thorfortune<\/button><\/div><div class=\"scrollable-content-wrap my-5\"><div class=\"scrollable-content-inner\"><h2>Aplicaci\u00f3n Thorfortune para Android<\/h2>\n<p>Android obtiene la aplicaci\u00f3n Thorfortune como una potente aplicaci\u00f3n web progresiva que sirve a la enorme variedad de tel\u00e9fonos y tabletas Android que existen con conexiones estables y gr\u00e1ficos de calidad.<\/p>\n<p>Para descargar nuestra plataforma, busca la barra de direcciones en la parte superior de Thorfortune Casino. Encontrar\u00e1s tres puntos verticales en el lado derecho. Ese es el bot\u00f3n del men\u00fa, pulsa sobre \u00e9l.<\/p>\n<p>Aparecer\u00e1 un men\u00fa desplegable con varias opciones. Busca \u00abA\u00f1adir a la pantalla de inicio\u00bb en esa lista y pulsa sobre \u00e9l cuando lo encuentres. Chrome mostrar\u00e1 un peque\u00f1o cuadro de di\u00e1logo pidi\u00e9ndote que confirmes, mostr\u00e1ndote c\u00f3mo ser\u00e1 el icono y permiti\u00e9ndote cambiarle el nombre si no te gusta el nombre predeterminado. Pulsa \u00abA\u00f1adir\u00bb para confirmar y Chrome har\u00e1 lo suyo.<\/p>\n<p>El icono de la aplicaci\u00f3n Thor Fortune aparece en tu pantalla de inicio casi inmediatamente. Puedes arrastrarlo a donde quieras: mant\u00e9n el dedo sobre \u00e9l, arr\u00e1stralo a otro lugar y levanta el dedo cuando est\u00e9 en la posici\u00f3n correcta. A partir de ahora, para abrir el casino solo tendr\u00e1s que tocar ese icono y nada m\u00e1s.<\/p>\n<h3>Desde el inicio de sesi\u00f3n hasta el juego en el m\u00f3vil<\/h3>\n<p>Iniciar una sesi\u00f3n en Thorfortune a trav\u00e9s de un tel\u00e9fono o una tableta no es diferente a hacerlo desde un ordenador, solo que es m\u00e1s r\u00e1pido y flexible. La pantalla de inicio de sesi\u00f3n solo te pide tu correo electr\u00f3nico y contrase\u00f1a, y una vez que has entrado, el vest\u00edbulo se carga inmediatamente.<\/p>\n<p>Encontrar juegos en el casino m\u00f3vil Thor Fortune es muy intuitivo. Las tragamonedas, los juegos de mesa, los juegos de casino en vivo y los t\u00edtulos crash se agrupan en secciones organizadas como Nuevo, Tendencias y Popular. Ver\u00e1s de todo, desde las cl\u00e1sicas tragamonedas de tres rodillos y los modernos lanzamientos de cinco rodillos hasta juegos 3D con alto RTP y caracter\u00edsticas como rodillos en cascada, Megaways, s\u00edmbolos expansivos y opciones de compra de bonos.<\/p>\n<p><img loading=\"lazy\" decoding=\"async\" class=\"alignnone size-full wp-image-2009\" src=\"https:\/\/thor-fortune.net\/wp-content\/uploads\/2026\/02\/Thorfortune-Android.webp\" alt=\"Thorfortune Android\" width=\"1248\" height=\"536\" srcset=\"https:\/\/thorfortuneplay.com\/wp-content\/uploads\/2026\/02\/Thorfortune-Android.webp 1248w, https:\/\/thorfortuneplay.com\/wp-content\/uploads\/2026\/02\/Thorfortune-Android-300x129.webp 300w, https:\/\/thorfortuneplay.com\/wp-content\/uploads\/2026\/02\/Thorfortune-Android-1024x440.webp 1024w, https:\/\/thorfortuneplay.com\/wp-content\/uploads\/2026\/02\/Thorfortune-Android-768x330.webp 768w\" sizes=\"(max-width: 1248px) 100vw, 1248px\" \/><\/p>\n<\/div><\/div><div style=\"clear: both\"><\/div><div class=\"d-flex justify-content-center\"><button data-item=\"decouvrez_link\" data-group=\"website_links\" class=\"goto fw-bold rounded-pill btn btn-orange\" aria-label=\"Descargar Thorfortune\" >Descargar Thorfortune<\/button><\/div><div class=\"scrollable-content-wrap my-5\"><div class=\"scrollable-content-inner\"><h2>Aplicaciones para Windows y Mac<\/h2>\n<p>Thorfortune Casino tambi\u00e9n ofrece versiones de escritorio para Windows y Mac si prefieres jugar en una pantalla grande. Las aplicaciones optimizadas para pantallas m\u00e1s grandes ofrecen gr\u00e1ficos de alta resoluci\u00f3n y funciones sofisticadas.<\/p>\n<p>El chat en vivo con el equipo de asistencia, un proceso de verificaci\u00f3n simplificado y funciones como estas garantizan que los jugadores de escritorio disfruten de una experiencia de juego completa sin los costes de flexibilidad del acceso exclusivo para m\u00f3viles. Las versiones para m\u00f3viles y de escritorio se comunican entre s\u00ed a la perfecci\u00f3n, por lo que iniciar sesiones en tu ordenador port\u00e1til y retomarlas horas m\u00e1s tarde en tu tel\u00e9fono mantiene todo sincronizado. Y no tienes que coordinar nada manualmente.<\/p>\n<table>\n<tbody>\n<tr>\n<td>Plataforma<\/td>\n<td>C\u00f3mo obtenerlo<\/td>\n<td>Almacenamiento<\/td>\n<td>Mantenerse actualizado<\/td>\n<td>Ventajas<\/td>\n<\/tr>\n<tr>\n<td>iOS<\/td>\n<td>Aplicaci\u00f3n web progresiva a trav\u00e9s de Safari<\/td>\n<td>Casi nada, ya que se carga bajo demanda<\/td>\n<td>Se realiza autom\u00e1ticamente a trav\u00e9s de tu navegador<\/td>\n<td>Funciona a la perfecci\u00f3n con Face ID y Touch ID<\/td>\n<\/tr>\n<tr>\n<td>Android<\/td>\n<td>PWA utilizando Chrome u otro navegador que prefieras<\/td>\n<td>M\u00ednimo, ya que no hay archivos de aplicaciones gigantes que ocupen tu espacio<\/td>\n<td>Autom\u00e1tico cuando tu navegador se actualiza<\/td>\n<td>Evita por completo las restricciones y los retrasos en la aprobaci\u00f3n de Play Store<\/td>\n<\/tr>\n<tr>\n<td>Windows\/Mac<\/td>\n<td>PWA<\/td>\n<td>M\u00ednimo<\/td>\n<td>Las actualizaciones del lado del servidor se encargan de ello sin molestarte<\/td>\n<td>Dise\u00f1ado para pantallas grandes con im\u00e1genes y funciones mejoradas<\/td>\n<\/tr>\n<\/tbody>\n<\/table>\n<p>Las ventajas de la aplicaci\u00f3n Thor Fortune como PWA se hacen evidentes una vez que se ven todas juntas. Las actualizaciones se gestionan solas, el impacto en el almacenamiento es insignificante, el acceso evita la burocracia del mercado y la experiencia es coherente en todos los dispositivos que utilices.<\/p>\n<p><img loading=\"lazy\" decoding=\"async\" class=\"alignnone size-full wp-image-2017\" src=\"https:\/\/thor-fortune.net\/wp-content\/uploads\/2026\/02\/Thorfortune-Desktop.webp\" alt=\"Thorfortune Desktop\" width=\"1248\" height=\"536\" srcset=\"https:\/\/thorfortuneplay.com\/wp-content\/uploads\/2026\/02\/Thorfortune-Desktop.webp 1248w, https:\/\/thorfortuneplay.com\/wp-content\/uploads\/2026\/02\/Thorfortune-Desktop-300x129.webp 300w, https:\/\/thorfortuneplay.com\/wp-content\/uploads\/2026\/02\/Thorfortune-Desktop-1024x440.webp 1024w, https:\/\/thorfortuneplay.com\/wp-content\/uploads\/2026\/02\/Thorfortune-Desktop-768x330.webp 768w\" sizes=\"(max-width: 1248px) 100vw, 1248px\" \/><\/p>\n<\/div><\/div><div style=\"clear: both\"><\/div><div class=\"d-flex justify-content-center\"><button data-item=\"decouvrez_link\" data-group=\"website_links\" class=\"goto fw-bold rounded-pill btn btn-orange\" aria-label=\"Descarga la aplicaci\u00f3n Thorfortune\" >Descarga la aplicaci\u00f3n Thorfortune<\/button><\/div><div class=\"scrollable-content-wrap my-5\"><div class=\"scrollable-content-inner\"><h2>Preguntas frecuentes<\/h2>\n<h3>\u00bfEs necesario crear una cuenta para utilizar la aplicaci\u00f3n Thorfortune?<\/h3>\n<p>Para sacar el m\u00e1ximo partido a la aplicaci\u00f3n Thorfortune es necesario registrarse, ya que los juegos de demostraci\u00f3n son las \u00fanicas actividades a las que se puede acceder sin iniciar sesi\u00f3n. Sin embargo, la mayor\u00eda de la gente quiere depositar dinero real y perseguir ganancias reales, lo que exige la creaci\u00f3n de una cuenta. El registro permite realizar dep\u00f3sitos, participar en promociones y reclamar bonificaciones, y pone en marcha el proceso de verificaci\u00f3n, lo que garantiza la seguridad y el cumplimiento de la legislaci\u00f3n. La configuraci\u00f3n lleva unos minutos, y luego todo lo que ofrece Thorfortune Casino est\u00e1 disponible.<\/p>\n<h3>\u00bfLa aplicaci\u00f3n Thorfortune Casino ofrece atenci\u00f3n al cliente?<\/h3>\n<p>La aplicaci\u00f3n Thor Fortune te conecta directamente con el equipo de atenci\u00f3n al cliente a trav\u00e9s del chat en vivo y el correo electr\u00f3nico. Profesionales que conocen su campo se encargan de los problemas t\u00e9cnicos, las dudas sobre el proceso de verificaci\u00f3n, los problemas con las cuentas y las preguntas generales, todo ello sin obligarte a salir de la aplicaci\u00f3n o abrir un navegador aparte. El chat en vivo es m\u00e1s r\u00e1pido que el correo electr\u00f3nico cuando hay que solucionar algo de inmediato, pero ambos te proporcionan una ayuda competente para que tu experiencia de juego siga adelante.<\/p>\n<h3>\u00bfC\u00f3mo se actualiza la aplicaci\u00f3n Thorfortune Casino?<\/h3>\n<p>Las actualizaciones se implementan autom\u00e1ticamente con aplicaciones web progresivas, lo que elimina el estr\u00e9s de las actualizaciones manuales. Actualizar tu navegador de vez en cuando o borrar la cach\u00e9 de vez en cuando te garantiza que est\u00e1s ejecutando las versiones actuales con las \u00faltimas mejoras. El escritorio funciona de la misma manera, ya que las actualizaciones se realizan en el servidor sin descargas ni instalaciones. Las \u00faltimas funciones y parches de seguridad siguen estando accesibles.<\/p>\n<\/div><\/div><\/p>\n","protected":false},"excerpt":{"rendered":"<p>Thorfortune en dispositivos m\u00f3viles Thorfortune App te lleva los juegos de casino online directamente a tu bolsillo sin renunciar a nada. Ofrece un rendimiento y una comodidad tan buenos que acceder a tus juegos de casino favoritos desde el smartphone es tan sencillo como jugar desde el ordenador. Todos los t\u00edtulos, incluidas las tragaperras online, [&hellip;]<\/p>\n","protected":false},"author":1,"featured_media":0,"parent":0,"menu_order":0,"comment_status":"closed","ping_status":"closed","template":"template-builder.php","meta":{"_acf_changed":false,"inline_featured_image":false,"footnotes":""},"class_list":["post-1449","page","type-page","status-publish","hentry"],"acf":[],"yoast_head":"<!-- This site is optimized with the Yoast SEO plugin v24.4 - https:\/\/yoast.com\/wordpress\/plugins\/seo\/ -->\n<title>Thorfortune Aplicaci\u00f3n Casino | Descargar para iOS y Android<\/title>\n<meta name=\"description\" content=\"\u00a1Ll\u00e9vate el casino contigo! Descarga la aplicaci\u00f3n Thorfortune Casino en tu dispositivo Android o iOS para acceder de forma instant\u00e1nea y sencilla a todos tus juegos favoritos est\u00e9s donde est\u00e9s.\" \/>\n<meta name=\"robots\" content=\"index, follow, max-snippet:-1, max-image-preview:large, max-video-preview:-1\" \/>\n<link rel=\"canonical\" href=\"https:\/\/thorfortuneplay.com\/es\/aplicacion\/\" \/>\n<meta property=\"og:locale\" content=\"es_ES\" \/>\n<meta property=\"og:type\" content=\"article\" \/>\n<meta property=\"og:title\" content=\"Thorfortune Aplicaci\u00f3n Casino | Descargar para iOS y Android\" \/>\n<meta property=\"og:description\" content=\"\u00a1Ll\u00e9vate el casino contigo! Descarga la aplicaci\u00f3n Thorfortune Casino en tu dispositivo Android o iOS para acceder de forma instant\u00e1nea y sencilla a todos tus juegos favoritos est\u00e9s donde est\u00e9s.\" \/>\n<meta property=\"og:url\" content=\"https:\/\/thorfortuneplay.com\/es\/aplicacion\/\" \/>\n<meta property=\"og:site_name\" content=\"thorfortune\" \/>\n<meta property=\"article:modified_time\" content=\"2026-02-26T12:38:59+00:00\" \/>\n<meta name=\"twitter:card\" content=\"summary_large_image\" \/>\n<meta name=\"twitter:label1\" content=\"Est. reading time\" \/>\n\t<meta name=\"twitter:data1\" content=\"2 minutes\" \/>\n<script type=\"application\/ld+json\" class=\"yoast-schema-graph\">{\"@context\":\"https:\/\/schema.org\",\"@graph\":[{\"@type\":\"WebPage\",\"@id\":\"https:\/\/thorfortuneplay.com\/es\/aplicacion\/\",\"url\":\"https:\/\/thorfortuneplay.com\/es\/aplicacion\/\",\"name\":\"Thorfortune Aplicaci\u00f3n Casino | Descargar para iOS y Android\",\"isPartOf\":{\"@id\":\"https:\/\/thorfortuneplay.com\/es\/#website\"},\"datePublished\":\"2026-01-20T12:08:23+00:00\",\"dateModified\":\"2026-02-26T12:38:59+00:00\",\"description\":\"\u00a1Ll\u00e9vate el casino contigo! Descarga la aplicaci\u00f3n Thorfortune Casino en tu dispositivo Android o iOS para acceder de forma instant\u00e1nea y sencilla a todos tus juegos favoritos est\u00e9s donde est\u00e9s.\",\"breadcrumb\":{\"@id\":\"https:\/\/thorfortuneplay.com\/es\/aplicacion\/#breadcrumb\"},\"inLanguage\":\"es-ES\",\"potentialAction\":[{\"@type\":\"ReadAction\",\"target\":[\"https:\/\/thorfortuneplay.com\/es\/aplicacion\/\"]}]},{\"@type\":\"BreadcrumbList\",\"@id\":\"https:\/\/thorfortuneplay.com\/es\/aplicacion\/#breadcrumb\",\"itemListElement\":[{\"@type\":\"ListItem\",\"position\":1,\"name\":\"Thorfortune\",\"item\":\"https:\/\/thorfortuneplay.com\/es\/\"},{\"@type\":\"ListItem\",\"position\":2,\"name\":\"Aplicaci\u00f3n\"}]},{\"@type\":\"WebSite\",\"@id\":\"https:\/\/thorfortuneplay.com\/es\/#website\",\"url\":\"https:\/\/thorfortuneplay.com\/es\/\",\"name\":\"Thorfortune\",\"description\":\"\",\"publisher\":{\"@id\":\"https:\/\/thorfortuneplay.com\/es\/#organization\"},\"potentialAction\":[{\"@type\":\"SearchAction\",\"target\":{\"@type\":\"EntryPoint\",\"urlTemplate\":\"https:\/\/thorfortuneplay.com\/es\/?s={search_term_string}\"},\"query-input\":{\"@type\":\"PropertyValueSpecification\",\"valueRequired\":true,\"valueName\":\"search_term_string\"}}],\"inLanguage\":\"es-ES\"},{\"@type\":\"Organization\",\"@id\":\"https:\/\/thorfortuneplay.com\/es\/#organization\",\"name\":\"Thorfortune\",\"url\":\"https:\/\/thorfortuneplay.com\/es\/\",\"logo\":{\"@type\":\"ImageObject\",\"inLanguage\":\"es-ES\",\"@id\":\"https:\/\/thorfortuneplay.com\/es\/#\/schema\/logo\/image\/\",\"url\":\"https:\/\/thorfortuneplay.com\/wp-content\/uploads\/2026\/02\/logo-1.png\",\"contentUrl\":\"https:\/\/thorfortuneplay.com\/wp-content\/uploads\/2026\/02\/logo-1.png\",\"width\":160,\"height\":37,\"caption\":\"Thorfortune\"},\"image\":{\"@id\":\"https:\/\/thorfortuneplay.com\/es\/#\/schema\/logo\/image\/\"}}]}<\/script>\n<!-- \/ Yoast SEO plugin. -->","yoast_head_json":{"title":"Thorfortune Aplicaci\u00f3n Casino | Descargar para iOS y Android","description":"\u00a1Ll\u00e9vate el casino contigo! Descarga la aplicaci\u00f3n Thorfortune Casino en tu dispositivo Android o iOS para acceder de forma instant\u00e1nea y sencilla a todos tus juegos favoritos est\u00e9s donde est\u00e9s.","robots":{"index":"index","follow":"follow","max-snippet":"max-snippet:-1","max-image-preview":"max-image-preview:large","max-video-preview":"max-video-preview:-1"},"canonical":"https:\/\/thorfortuneplay.com\/es\/aplicacion\/","og_locale":"es_ES","og_type":"article","og_title":"Thorfortune Aplicaci\u00f3n Casino | Descargar para iOS y Android","og_description":"\u00a1Ll\u00e9vate el casino contigo! Descarga la aplicaci\u00f3n Thorfortune Casino en tu dispositivo Android o iOS para acceder de forma instant\u00e1nea y sencilla a todos tus juegos favoritos est\u00e9s donde est\u00e9s.","og_url":"https:\/\/thorfortuneplay.com\/es\/aplicacion\/","og_site_name":"thorfortune","article_modified_time":"2026-02-26T12:38:59+00:00","twitter_card":"summary_large_image","twitter_misc":{"Est. reading time":"2 minutes"},"schema":{"@context":"https:\/\/schema.org","@graph":[{"@type":"WebPage","@id":"https:\/\/thorfortuneplay.com\/es\/aplicacion\/","url":"https:\/\/thorfortuneplay.com\/es\/aplicacion\/","name":"Thorfortune Aplicaci\u00f3n Casino | Descargar para iOS y Android","isPartOf":{"@id":"https:\/\/thorfortuneplay.com\/es\/#website"},"datePublished":"2026-01-20T12:08:23+00:00","dateModified":"2026-02-26T12:38:59+00:00","description":"\u00a1Ll\u00e9vate el casino contigo! Descarga la aplicaci\u00f3n Thorfortune Casino en tu dispositivo Android o iOS para acceder de forma instant\u00e1nea y sencilla a todos tus juegos favoritos est\u00e9s donde est\u00e9s.","breadcrumb":{"@id":"https:\/\/thorfortuneplay.com\/es\/aplicacion\/#breadcrumb"},"inLanguage":"es-ES","potentialAction":[{"@type":"ReadAction","target":["https:\/\/thorfortuneplay.com\/es\/aplicacion\/"]}]},{"@type":"BreadcrumbList","@id":"https:\/\/thorfortuneplay.com\/es\/aplicacion\/#breadcrumb","itemListElement":[{"@type":"ListItem","position":1,"name":"Thorfortune","item":"https:\/\/thorfortuneplay.com\/es\/"},{"@type":"ListItem","position":2,"name":"Aplicaci\u00f3n"}]},{"@type":"WebSite","@id":"https:\/\/thorfortuneplay.com\/es\/#website","url":"https:\/\/thorfortuneplay.com\/es\/","name":"Thorfortune","description":"","publisher":{"@id":"https:\/\/thorfortuneplay.com\/es\/#organization"},"potentialAction":[{"@type":"SearchAction","target":{"@type":"EntryPoint","urlTemplate":"https:\/\/thorfortuneplay.com\/es\/?s={search_term_string}"},"query-input":{"@type":"PropertyValueSpecification","valueRequired":true,"valueName":"search_term_string"}}],"inLanguage":"es-ES"},{"@type":"Organization","@id":"https:\/\/thorfortuneplay.com\/es\/#organization","name":"Thorfortune","url":"https:\/\/thorfortuneplay.com\/es\/","logo":{"@type":"ImageObject","inLanguage":"es-ES","@id":"https:\/\/thorfortuneplay.com\/es\/#\/schema\/logo\/image\/","url":"https:\/\/thorfortuneplay.com\/wp-content\/uploads\/2026\/02\/logo-1.png","contentUrl":"https:\/\/thorfortuneplay.com\/wp-content\/uploads\/2026\/02\/logo-1.png","width":160,"height":37,"caption":"Thorfortune"},"image":{"@id":"https:\/\/thorfortuneplay.com\/es\/#\/schema\/logo\/image\/"}}]}},"_links":{"self":[{"href":"https:\/\/thorfortuneplay.com\/es\/wp-json\/wp\/v2\/pages\/1449"}],"collection":[{"href":"https:\/\/thorfortuneplay.com\/es\/wp-json\/wp\/v2\/pages"}],"about":[{"href":"https:\/\/thorfortuneplay.com\/es\/wp-json\/wp\/v2\/types\/page"}],"author":[{"embeddable":true,"href":"https:\/\/thorfortuneplay.com\/es\/wp-json\/wp\/v2\/users\/1"}],"replies":[{"embeddable":true,"href":"https:\/\/thorfortuneplay.com\/es\/wp-json\/wp\/v2\/comments?post=1449"}],"version-history":[{"count":3,"href":"https:\/\/thorfortuneplay.com\/es\/wp-json\/wp\/v2\/pages\/1449\/revisions"}],"predecessor-version":[{"id":2109,"href":"https:\/\/thorfortuneplay.com\/es\/wp-json\/wp\/v2\/pages\/1449\/revisions\/2109"}],"wp:attachment":[{"href":"https:\/\/thorfortuneplay.com\/es\/wp-json\/wp\/v2\/media?parent=1449"}],"curies":[{"name":"wp","href":"https:\/\/api.w.org\/{rel}","templated":true}]}}