{"id":1442,"date":"2026-01-20T12:08:23","date_gmt":"2026-01-20T12:08:23","guid":{"rendered":"https:\/\/bonuskongcasino.com\/app-2\/"},"modified":"2026-02-26T11:21:41","modified_gmt":"2026-02-26T11:21:41","slug":"app","status":"publish","type":"page","link":"https:\/\/thorfortuneplay.com\/de\/app\/","title":{"rendered":"App"},"content":{"rendered":"<h1>Thorfortune auf mobilen Ger\u00e4ten<\/h1>\n<p>Die Thorfortune App bringt Online-Casino-Spiele ohne Kompromisse direkt in Ihre Tasche. Sie bietet eine so gute Leistung und Benutzerfreundlichkeit, dass der Zugriff auf Ihre bevorzugten Casinospiele vom Smartphone aus genauso solide ist wie das Spielen am Desktop. Alle Titel, einschlie\u00dflich Online-Slots, Live-Dealer-Optionen, Sofortgewinne und Kartenspiele, die in der Desktop-Version verf\u00fcgbar sind, funktionieren \u00fcber die mobile App ohne l\u00e4stige Einschr\u00e4nkungen.<\/p>\n<p>Thorfortune Casino sorgt f\u00fcr ein gleichbleibend hochwertiges Spielerlebnis, egal wo Sie sich befinden. Wir zwingen Sie nicht dazu, Ihren gesamten Tag danach auszurichten, wann Sie Zugang zu einem Computer haben.<\/p>\n<div class=\"banner-wrap\" aria-label=\"Banner\"><img src=\"https:\/\/thorfortuneplay.com\/wp-content\/uploads\/2026\/02\/Thorfortune-bnr-pc.webp\" class=\"w-100 d-none d-lg-block img-pc main-banner-img\" alt=\"thorfortune banner desktop\" fetchpriority=\"high\" decoding=\"async\"><img src=\"https:\/\/thorfortuneplay.com\/wp-content\/uploads\/2026\/02\/thorfortune-banner-mobile.webp\" class=\"w-100 d-none d-md-block d-lg-none main-banner-img\" alt=\"thorfortune banner mobile\" fetchpriority=\"high\" decoding=\"async\"><img src=\"https:\/\/thorfortuneplay.com\/wp-content\/uploads\/2026\/02\/thorfortune-banner-mobile.webp\" class=\"w-100 d-md-none\" alt=\"thorfortune banner mobile\" fetchpriority=\"high\" decoding=\"async\"><div class=\"banner-description\">\n<div class=\"banner-title\">Willkommensboni<\/div>\n<p class=\"banner-header-title\">1500 \u20ac<\/p>\n<div class=\"banner-header-AdditionalText\">+ 250 Freispiele<\/div>\n<button data-item=\"homepage_banner_link\" class=\"goto m-button m-gradient-border m-button--primary m-button--large banner-button btn-orange\">\n            <div class=\"m-button-content\">\n                <span>Jetzt anmelden<\/span>\n                <span><\/span>\n            <\/div>\n        <\/button>\n<\/div>\n<div class=\"WelcomePack\">\n<p><img loading=\"lazy\" decoding=\"async\" class=\"alignnone size-full wp-image-1845\" src=\"https:\/\/thor-fortune.net\/wp-content\/uploads\/2026\/02\/welcome-crown.png\" alt=\"welcome crown\" width=\"25\" height=\"26\" \/><\/p>\n<div class=\"WelcomePack-Info\">W\u00f6chentlicher Cashback von bis zu 25 %<\/div>\n<p><img loading=\"lazy\" decoding=\"async\" class=\"alignnone size-full wp-image-1845\" src=\"https:\/\/thor-fortune.net\/wp-content\/uploads\/2026\/02\/welcome-crown.png\" alt=\"welcome crown\" width=\"25\" height=\"26\" \/><\/p>\n<\/div>\n<\/div>\n<h2>Funktionen der Thorfortune Mobile App<\/h2>\n<p>Thor Fortune Casino arbeitet so zuverl\u00e4ssig, dass die Leistung stabil bleibt, die Sicherheit nicht in Frage gestellt wird und die Benutzerfreundlichkeit sich nat\u00fcrlich anf\u00fchlt, sodass das Spielen Ihrer Lieblingsspiele nicht zu einem frustrierenden technischen Kampf wird.<\/p>\n<p>Die Thorfortune App ist es wert, sich damit zu besch\u00e4ftigen:<\/p>\n<ul>\n<li>Anstatt an Ihren Computer gebunden zu sein, begleiten Sie Ihre Spiele \u00fcberallhin.<\/li>\n<li>Mobile Plattformen, die auf schnelles Laden und schnelle Reaktionen abgestimmt sind, sorgen f\u00fcr reibungslose Spielsitzungen \u00fcberall dort, wo Sie Empfang haben.<\/li>\n<li>Die Navigation erfordert kein Auswendiglernen, wo sich alles befindet, da das Design \u00fcbersichtlich und logisch bleibt.<\/li>\n<li>Sie k\u00f6nnen spielen, wann immer Sie Lust dazu haben, da die Thorfortune App w\u00e4hrend der Fahrt zur Arbeit, zu Hause auf der Couch, in der Arbeitspause und grunds\u00e4tzlich \u00fcberall ohne Standortbeschr\u00e4nkungen funktioniert.<\/li>\n<li>Die Sicherheit zum Schutz von Transaktionen und pers\u00f6nlichen Daten bei Thorfortune Casino basiert auf denselben Verschl\u00fcsselungen und Protokollen wie auf dem Desktop, sodass ein Plattformwechsel Ihre Daten nicht pl\u00f6tzlich gef\u00e4hrdet.<\/li>\n<li>Die Wahl des Ger\u00e4ts spielt keine Rolle, da iOS- und Android-Smartphones und -Tablets alle ohne mysteri\u00f6se Inkompatibilit\u00e4ten funktionieren.<\/li>\n<\/ul>\n<p><div class=\"scrollable-content-wrap my-5\"><div class=\"scrollable-content-inner\"><h2>Thorfortune iOS App<\/h2>\n<p>Die iOS-Version der Thorfortune-App bietet ein reibungsloses, intuitives Erlebnis, das speziell auf Nutzer von Apple-Ger\u00e4ten zugeschnitten ist. Das Laden erfolgt schnell, w\u00e4hrend die Sicherheit l\u00fcckenlos bleibt, sodass sich die Sitzungen sicher und fl\u00fcssig anf\u00fchlen. Das Herunterladen unserer App auf Ihr iPhone oder iPad ist ganz einfach:<\/p>\n<ol>\n<li>Sobald die Thorfortune Casino-Seite geladen ist, suchen Sie unten auf Ihrem Bildschirm nach der Schaltfl\u00e4che \u201eTeilen\u201d, die wie ein Quadrat mit einem nach oben zeigenden Pfeil aussieht.<\/li>\n<li>Tippen Sie auf dieses kleine Symbol, und ein ganzes Men\u00fc wird von unten eingeblendet.<\/li>\n<li>Scrollen Sie durch die Optionen, bis Sie \u201eZum Startbildschirm hinzuf\u00fcgen\u201c finden. Tippen Sie darauf, und Safari zeigt Ihnen eine Vorschau, wie das Symbol auf Ihrem Startbildschirm aussehen wird.<\/li>\n<li>Sie k\u00f6nnen es umbenennen, wenn Sie einen k\u00fcrzeren oder anderen Namen als den Standardnamen w\u00fcnschen, oder es einfach so lassen, wie es ist. Tippen Sie oben rechts auf \u201eHinzuf\u00fcgen\u201c, und das Thor Fortune App Symbol erscheint auf Ihrem Startbildschirm neben all Ihren anderen Apps.<\/li>\n<\/ol>\n<p>Wenn Sie nun spielen m\u00f6chten, tippen Sie einfach wie bei jeder anderen App auf dieses Symbol.<\/p>\n<p><img loading=\"lazy\" decoding=\"async\" class=\"alignnone size-full wp-image-2021\" src=\"https:\/\/thor-fortune.net\/wp-content\/uploads\/2026\/02\/Thorfortune-iOS.webp\" alt=\"Thorfortune iOS\" width=\"1248\" height=\"536\" srcset=\"https:\/\/thorfortuneplay.com\/wp-content\/uploads\/2026\/02\/Thorfortune-iOS.webp 1248w, https:\/\/thorfortuneplay.com\/wp-content\/uploads\/2026\/02\/Thorfortune-iOS-300x129.webp 300w, https:\/\/thorfortuneplay.com\/wp-content\/uploads\/2026\/02\/Thorfortune-iOS-1024x440.webp 1024w, https:\/\/thorfortuneplay.com\/wp-content\/uploads\/2026\/02\/Thorfortune-iOS-768x330.webp 768w\" sizes=\"(max-width: 1248px) 100vw, 1248px\" \/><\/p>\n<\/div><\/div><div style=\"clear: both\"><\/div><div class=\"d-flex justify-content-center\"><button data-item=\"decouvrez_link\" data-group=\"website_links\" class=\"goto fw-bold rounded-pill btn btn-orange\" aria-label=\"Laden Sie die Thorfortune-App herunter\" >Laden Sie die Thorfortune-App herunter<\/button><\/div><div class=\"scrollable-content-wrap my-5\"><div class=\"scrollable-content-inner\"><h2>Thorfortune Android App<\/h2>\n<p>Android erh\u00e4lt die Thorfortune App als leistungsstarke progressive Webanwendung, die die enorme Vielfalt an Android-Smartphones und -Tablets mit stabilen Verbindungen und hochwertigen Grafiken bedient.<\/p>\n<p>Um unsere Plattform herunterzuladen, suchen Sie die Adressleiste ganz oben auf Thorfortune Casino. Suchen Sie die drei vertikalen Punkte auf der rechten Seite. Das ist Ihre Men\u00fcschaltfl\u00e4che \u2013 tippen Sie darauf.<\/p>\n<p>Es erscheint ein Dropdown-Men\u00fc mit einer Reihe von Optionen. Suchen Sie in dieser Liste nach \u201eZum Startbildschirm hinzuf\u00fcgen\u201d und tippen Sie darauf, wenn Sie es gefunden haben. Chrome \u00f6ffnet ein kleines Dialogfeld, in dem Sie zur Best\u00e4tigung aufgefordert werden, Ihnen gezeigt wird, wie das Symbol aussehen wird, und Sie es umbenennen k\u00f6nnen, wenn Ihnen der Standardname nicht gef\u00e4llt. Tippen Sie zur Best\u00e4tigung auf \u201eHinzuf\u00fcgen\u201d und Chrome erledigt den Rest.<\/p>\n<p>Das Thor Fortune App Symbol erscheint fast sofort auf Ihrem Startbildschirm. Sie k\u00f6nnen es an eine beliebige Stelle ziehen: Halten Sie Ihren Finger darauf, ziehen Sie es an eine andere Stelle und heben Sie Ihren Finger, wenn es richtig positioniert ist. Von nun an m\u00fcssen Sie nur noch auf dieses Symbol tippen, um das Casino zu \u00f6ffnen.<\/p>\n<h3>Von der Anmeldung bis zum Spiel auf dem Handy<\/h3>\n<p>Das Starten einer Sitzung bei Thorfortune \u00fcber ein Smartphone oder Tablet unterscheidet sich nicht von der Nutzung eines Desktop-Computers, ist jedoch schneller und flexibler. Auf dem Anmeldebildschirm werden nur Ihre E-Mail-Adresse und Ihr Passwort abgefragt, und sobald Sie angemeldet sind, wird die Lobby sofort geladen.<\/p>\n<p>Die Suche nach Spielen im Thor Fortune Mobile Casino ist intuitiv. Slots, Tischspiele, Live-Casinospiele und Crash-Titel sind in \u00fcbersichtlichen Bereichen wie \u201eNeu\u201c, \u201eTrending\u201c und \u201eBeliebt\u201c gruppiert. Sie finden hier alles von klassischen Drei-Walzen-Slots und modernen F\u00fcnf-Walzen-Ver\u00f6ffentlichungen bis hin zu 3D-Spielen mit hoher Auszahlungsquote und Funktionen wie kaskadierenden Walzen, Megaways, expandierenden Symbolen und Bonus-Kaufoptionen.<\/p>\n<p><img loading=\"lazy\" decoding=\"async\" class=\"alignnone size-full wp-image-2005\" src=\"https:\/\/thor-fortune.net\/wp-content\/uploads\/2026\/02\/Thorfortune-Android.webp\" alt=\"Thorfortune Android\" width=\"1248\" height=\"536\" srcset=\"https:\/\/thorfortuneplay.com\/wp-content\/uploads\/2026\/02\/Thorfortune-Android.webp 1248w, https:\/\/thorfortuneplay.com\/wp-content\/uploads\/2026\/02\/Thorfortune-Android-300x129.webp 300w, https:\/\/thorfortuneplay.com\/wp-content\/uploads\/2026\/02\/Thorfortune-Android-1024x440.webp 1024w, https:\/\/thorfortuneplay.com\/wp-content\/uploads\/2026\/02\/Thorfortune-Android-768x330.webp 768w\" sizes=\"(max-width: 1248px) 100vw, 1248px\" \/><\/p>\n<\/div><\/div><div style=\"clear: both\"><\/div><div class=\"d-flex justify-content-center\"><button data-item=\"decouvrez_link\" data-group=\"website_links\" class=\"goto fw-bold rounded-pill btn btn-orange\" aria-label=\"Thorfortune herunterladen\" >Thorfortune herunterladen<\/button><\/div><div class=\"scrollable-content-wrap my-5\"><div class=\"scrollable-content-inner\"><h2>Windows- und Mac-Anwendungen<\/h2>\n<p>Thorfortune Casino bietet auch Desktop-Versionen f\u00fcr Windows und Mac, wenn Sie einen richtigen Monitor mit gro\u00dfem Bildschirm nutzen m\u00f6chten. Die f\u00fcr gr\u00f6\u00dfere Bildschirme optimierten Anwendungen bieten hochaufl\u00f6sende Grafiken und ausgefeilte Funktionen.<\/p>\n<p>Live-Chat mit dem Support-Team, ein optimierter Verifizierungsprozess und Funktionen wie diese sorgen daf\u00fcr, dass Desktop-Spieler ein umfassendes Spielerlebnis genie\u00dfen k\u00f6nnen, ohne die Flexibilit\u00e4tseinbu\u00dfen eines rein mobilen Zugangs in Kauf nehmen zu m\u00fcssen. Die mobile Casino- und die Desktop-Version kommunizieren nahtlos miteinander, sodass Sie eine Sitzung auf Ihrem Laptop beginnen und Stunden sp\u00e4ter auf Ihrem Smartphone fortsetzen k\u00f6nnen, ohne dass etwas synchronisiert werden muss. Sie m\u00fcssen also nichts manuell koordinieren.<\/p>\n<table>\n<tbody>\n<tr>\n<td>Plattform<\/td>\n<td>Wie Sie es erhalten<\/td>\n<td>Speicherbedarf<\/td>\n<td>Auf dem Laufenden bleiben<\/td>\n<td>Vorteile<\/td>\n<\/tr>\n<tr>\n<td>iOS<\/td>\n<td>Progressive Web-App \u00fcber Safari<\/td>\n<td>Kaum etwas, da sie bei Bedarf geladen wird<\/td>\n<td>Erfolgt automatisch \u00fcber Ihren Browser<\/td>\n<td>Funktioniert hervorragend mit Face ID und Touch ID<\/td>\n<\/tr>\n<tr>\n<td>Android<\/td>\n<td>PWA \u00fcber Chrome oder einen anderen Browser Ihrer Wahl<\/td>\n<td>Minimal, da keine riesigen App-Dateien Ihren Speicherplatz belegen<\/td>\n<td>Automatisch, wenn Ihr Browser aktualisiert wird<\/td>\n<td>Umgeht Play Store-Beschr\u00e4nkungen und Genehmigungsverz\u00f6gerungen vollst\u00e4ndig<\/td>\n<\/tr>\n<tr>\n<td>Windows\/Mac<\/td>\n<td>PWA<\/td>\n<td>Minimal<\/td>\n<td>Server-seitige Updates k\u00fcmmern sich darum, ohne Sie zu st\u00f6ren<\/td>\n<td>Entwickelt f\u00fcr gro\u00dfe Bildschirme mit verbesserter Grafik und Funktionen<\/td>\n<\/tr>\n<\/tbody>\n<\/table>\n<p>Die Vorteile der Thor Fortune App als PWA werden deutlich, sobald man sie sich genauer ansieht. Updates werden automatisch durchgef\u00fchrt, der Speicherbedarf bleibt vernachl\u00e4ssigbar, der Zugriff umgeht die B\u00fcrokratie des Marktplatzes und die Benutzererfahrung bleibt auf allen Ger\u00e4ten, die Sie verwenden, konsistent.<\/p>\n<p><img loading=\"lazy\" decoding=\"async\" class=\"alignnone size-full wp-image-2013\" src=\"https:\/\/thor-fortune.net\/wp-content\/uploads\/2026\/02\/Thorfortune-Desktop.webp\" alt=\"Thorfortune Desktop\" width=\"1248\" height=\"536\" srcset=\"https:\/\/thorfortuneplay.com\/wp-content\/uploads\/2026\/02\/Thorfortune-Desktop.webp 1248w, https:\/\/thorfortuneplay.com\/wp-content\/uploads\/2026\/02\/Thorfortune-Desktop-300x129.webp 300w, https:\/\/thorfortuneplay.com\/wp-content\/uploads\/2026\/02\/Thorfortune-Desktop-1024x440.webp 1024w, https:\/\/thorfortuneplay.com\/wp-content\/uploads\/2026\/02\/Thorfortune-Desktop-768x330.webp 768w\" sizes=\"(max-width: 1248px) 100vw, 1248px\" \/><\/p>\n<\/div><\/div><div style=\"clear: both\"><\/div><div class=\"d-flex justify-content-center\"><button data-item=\"decouvrez_link\" data-group=\"website_links\" class=\"goto fw-bold rounded-pill btn btn-orange\" aria-label=\"Laden Sie die Thorfortune-App herunter\" >Laden Sie die Thorfortune-App herunter<\/button><\/div><div class=\"scrollable-content-wrap my-5\"><div class=\"scrollable-content-inner\"><h2>FAQ<\/h2>\n<h3>Ist f\u00fcr die Nutzung der Thorfortune App die Erstellung eines Kontos erforderlich?<\/h3>\n<p>Um den vollen Nutzen aus der Thorfortune App zu ziehen, ist eine Registrierung erforderlich, da ohne Anmeldung nur Demospiele verf\u00fcgbar sind. Die meisten Nutzer m\u00f6chten jedoch echtes Geld einzahlen und um echte Gewinne spielen, was die Erstellung eines Kontos erfordert. Die Registrierung erm\u00f6glicht Einzahlungen, die Teilnahme an Werbeaktionen und die Inanspruchnahme von Boni und leitet den Verifizierungsprozess ein, um Sicherheit und Rechtskonformit\u00e4t zu gew\u00e4hrleisten. Die Einrichtung dauert nur wenige Minuten, danach stehen Ihnen alle Angebote von Thorfortune Casino zur Verf\u00fcgung.<\/p>\n<h3>Bietet die Thorfortune Casino App Kundensupport?<\/h3>\n<p>Die Thor Fortune App verbindet Sie \u00fcber Live-Chat und E-Mail direkt mit dem Support-Team. Fachleute, die sich in ihrem Bereich auskennen, k\u00fcmmern sich um technische Probleme, Unklarheiten beim Verifizierungsprozess, Probleme mit dem Konto und allgemeine Fragen, ohne dass Sie die App verlassen oder einen separaten Browser starten m\u00fcssen. Der Live-Chat ist schneller als E-Mails, wenn etwas sofort behoben werden muss, aber beide bieten Ihnen kompetente Hilfe, damit Ihr Spielerlebnis reibungslos weiterl\u00e4uft.<\/p>\n<h3>Wie aktualisiert man die Thorfortune Casino App?<\/h3>\n<p>Updates werden automatisch mit progressiven Webanwendungen bereitgestellt, sodass manuelle Updates entfallen. Wenn Sie Ihren Browser gelegentlich aktualisieren oder den Cache l\u00f6schen, stellen Sie sicher, dass Sie die aktuellen Versionen mit den neuesten Verbesserungen verwenden. Auf dem Desktop funktioniert dies genauso, da Updates serverseitig ohne Downloads oder Installationen erfolgen. Die neuesten Funktionen und Sicherheitspatches bleiben zug\u00e4nglich.<\/p>\n<\/div><\/div><\/p>\n","protected":false},"excerpt":{"rendered":"<p>Thorfortune auf mobilen Ger\u00e4ten Die Thorfortune App bringt Online-Casino-Spiele ohne Kompromisse direkt in Ihre Tasche. Sie bietet eine so gute Leistung und Benutzerfreundlichkeit, dass der Zugriff auf Ihre bevorzugten Casinospiele vom Smartphone aus genauso solide ist wie das Spielen am Desktop. Alle Titel, einschlie\u00dflich Online-Slots, Live-Dealer-Optionen, Sofortgewinne und Kartenspiele, die in der Desktop-Version verf\u00fcgbar sind, [&hellip;]<\/p>\n","protected":false},"author":1,"featured_media":0,"parent":0,"menu_order":0,"comment_status":"closed","ping_status":"closed","template":"template-builder.php","meta":{"_acf_changed":false,"inline_featured_image":false,"footnotes":""},"class_list":["post-1442","page","type-page","status-publish","hentry"],"acf":[],"yoast_head":"<!-- This site is optimized with the Yoast SEO plugin v24.4 - https:\/\/yoast.com\/wordpress\/plugins\/seo\/ -->\n<title>Thorfortune Casino App | Download f\u00fcr iOS und Android<\/title>\n<meta name=\"description\" content=\"Nehmen Sie das Casino mit! Laden Sie die Thorfortune Casino-App auf Ihr Android- oder iOS-Ger\u00e4t herunter, um unterwegs sofort und einfach auf alle Ihre Lieblingsspiele zugreifen zu k\u00f6nnen.\" \/>\n<meta name=\"robots\" content=\"index, follow, max-snippet:-1, max-image-preview:large, max-video-preview:-1\" \/>\n<link rel=\"canonical\" href=\"https:\/\/thorfortuneplay.com\/de\/app\/\" \/>\n<meta property=\"og:locale\" content=\"de_DE\" \/>\n<meta property=\"og:type\" content=\"article\" \/>\n<meta property=\"og:title\" content=\"Thorfortune Casino App | Download f\u00fcr iOS und Android\" \/>\n<meta property=\"og:description\" content=\"Nehmen Sie das Casino mit! Laden Sie die Thorfortune Casino-App auf Ihr Android- oder iOS-Ger\u00e4t herunter, um unterwegs sofort und einfach auf alle Ihre Lieblingsspiele zugreifen zu k\u00f6nnen.\" \/>\n<meta property=\"og:url\" content=\"https:\/\/thorfortuneplay.com\/de\/app\/\" \/>\n<meta property=\"og:site_name\" content=\"thorfortune\" \/>\n<meta property=\"article:modified_time\" content=\"2026-02-26T11:21:41+00:00\" \/>\n<meta name=\"twitter:card\" content=\"summary_large_image\" \/>\n<meta name=\"twitter:label1\" content=\"Gesch\u00e4tzte Lesezeit\" \/>\n\t<meta name=\"twitter:data1\" content=\"2\u00a0Minuten\" \/>\n<script type=\"application\/ld+json\" class=\"yoast-schema-graph\">{\"@context\":\"https:\/\/schema.org\",\"@graph\":[{\"@type\":\"WebPage\",\"@id\":\"https:\/\/thorfortuneplay.com\/de\/app\/\",\"url\":\"https:\/\/thorfortuneplay.com\/de\/app\/\",\"name\":\"Thorfortune Casino App | Download f\u00fcr iOS und Android\",\"isPartOf\":{\"@id\":\"https:\/\/thorfortuneplay.com\/de\/#website\"},\"datePublished\":\"2026-01-20T12:08:23+00:00\",\"dateModified\":\"2026-02-26T11:21:41+00:00\",\"description\":\"Nehmen Sie das Casino mit! Laden Sie die Thorfortune Casino-App auf Ihr Android- oder iOS-Ger\u00e4t herunter, um unterwegs sofort und einfach auf alle Ihre Lieblingsspiele zugreifen zu k\u00f6nnen.\",\"breadcrumb\":{\"@id\":\"https:\/\/thorfortuneplay.com\/de\/app\/#breadcrumb\"},\"inLanguage\":\"de\",\"potentialAction\":[{\"@type\":\"ReadAction\",\"target\":[\"https:\/\/thorfortuneplay.com\/de\/app\/\"]}]},{\"@type\":\"BreadcrumbList\",\"@id\":\"https:\/\/thorfortuneplay.com\/de\/app\/#breadcrumb\",\"itemListElement\":[{\"@type\":\"ListItem\",\"position\":1,\"name\":\"Thorfortune\",\"item\":\"https:\/\/thorfortuneplay.com\/de\/\"},{\"@type\":\"ListItem\",\"position\":2,\"name\":\"App\"}]},{\"@type\":\"WebSite\",\"@id\":\"https:\/\/thorfortuneplay.com\/de\/#website\",\"url\":\"https:\/\/thorfortuneplay.com\/de\/\",\"name\":\"Thorfortune\",\"description\":\"\",\"publisher\":{\"@id\":\"https:\/\/thorfortuneplay.com\/de\/#organization\"},\"potentialAction\":[{\"@type\":\"SearchAction\",\"target\":{\"@type\":\"EntryPoint\",\"urlTemplate\":\"https:\/\/thorfortuneplay.com\/de\/?s={search_term_string}\"},\"query-input\":{\"@type\":\"PropertyValueSpecification\",\"valueRequired\":true,\"valueName\":\"search_term_string\"}}],\"inLanguage\":\"de\"},{\"@type\":\"Organization\",\"@id\":\"https:\/\/thorfortuneplay.com\/de\/#organization\",\"name\":\"Thorfortune\",\"url\":\"https:\/\/thorfortuneplay.com\/de\/\",\"logo\":{\"@type\":\"ImageObject\",\"inLanguage\":\"de\",\"@id\":\"https:\/\/thorfortuneplay.com\/de\/#\/schema\/logo\/image\/\",\"url\":\"https:\/\/thorfortuneplay.com\/wp-content\/uploads\/2026\/02\/logo-1.png\",\"contentUrl\":\"https:\/\/thorfortuneplay.com\/wp-content\/uploads\/2026\/02\/logo-1.png\",\"width\":160,\"height\":37,\"caption\":\"Thorfortune\"},\"image\":{\"@id\":\"https:\/\/thorfortuneplay.com\/de\/#\/schema\/logo\/image\/\"}}]}<\/script>\n<!-- \/ Yoast SEO plugin. -->","yoast_head_json":{"title":"Thorfortune Casino App | Download f\u00fcr iOS und Android","description":"Nehmen Sie das Casino mit! Laden Sie die Thorfortune Casino-App auf Ihr Android- oder iOS-Ger\u00e4t herunter, um unterwegs sofort und einfach auf alle Ihre Lieblingsspiele zugreifen zu k\u00f6nnen.","robots":{"index":"index","follow":"follow","max-snippet":"max-snippet:-1","max-image-preview":"max-image-preview:large","max-video-preview":"max-video-preview:-1"},"canonical":"https:\/\/thorfortuneplay.com\/de\/app\/","og_locale":"de_DE","og_type":"article","og_title":"Thorfortune Casino App | Download f\u00fcr iOS und Android","og_description":"Nehmen Sie das Casino mit! Laden Sie die Thorfortune Casino-App auf Ihr Android- oder iOS-Ger\u00e4t herunter, um unterwegs sofort und einfach auf alle Ihre Lieblingsspiele zugreifen zu k\u00f6nnen.","og_url":"https:\/\/thorfortuneplay.com\/de\/app\/","og_site_name":"thorfortune","article_modified_time":"2026-02-26T11:21:41+00:00","twitter_card":"summary_large_image","twitter_misc":{"Gesch\u00e4tzte Lesezeit":"2\u00a0Minuten"},"schema":{"@context":"https:\/\/schema.org","@graph":[{"@type":"WebPage","@id":"https:\/\/thorfortuneplay.com\/de\/app\/","url":"https:\/\/thorfortuneplay.com\/de\/app\/","name":"Thorfortune Casino App | Download f\u00fcr iOS und Android","isPartOf":{"@id":"https:\/\/thorfortuneplay.com\/de\/#website"},"datePublished":"2026-01-20T12:08:23+00:00","dateModified":"2026-02-26T11:21:41+00:00","description":"Nehmen Sie das Casino mit! Laden Sie die Thorfortune Casino-App auf Ihr Android- oder iOS-Ger\u00e4t herunter, um unterwegs sofort und einfach auf alle Ihre Lieblingsspiele zugreifen zu k\u00f6nnen.","breadcrumb":{"@id":"https:\/\/thorfortuneplay.com\/de\/app\/#breadcrumb"},"inLanguage":"de","potentialAction":[{"@type":"ReadAction","target":["https:\/\/thorfortuneplay.com\/de\/app\/"]}]},{"@type":"BreadcrumbList","@id":"https:\/\/thorfortuneplay.com\/de\/app\/#breadcrumb","itemListElement":[{"@type":"ListItem","position":1,"name":"Thorfortune","item":"https:\/\/thorfortuneplay.com\/de\/"},{"@type":"ListItem","position":2,"name":"App"}]},{"@type":"WebSite","@id":"https:\/\/thorfortuneplay.com\/de\/#website","url":"https:\/\/thorfortuneplay.com\/de\/","name":"Thorfortune","description":"","publisher":{"@id":"https:\/\/thorfortuneplay.com\/de\/#organization"},"potentialAction":[{"@type":"SearchAction","target":{"@type":"EntryPoint","urlTemplate":"https:\/\/thorfortuneplay.com\/de\/?s={search_term_string}"},"query-input":{"@type":"PropertyValueSpecification","valueRequired":true,"valueName":"search_term_string"}}],"inLanguage":"de"},{"@type":"Organization","@id":"https:\/\/thorfortuneplay.com\/de\/#organization","name":"Thorfortune","url":"https:\/\/thorfortuneplay.com\/de\/","logo":{"@type":"ImageObject","inLanguage":"de","@id":"https:\/\/thorfortuneplay.com\/de\/#\/schema\/logo\/image\/","url":"https:\/\/thorfortuneplay.com\/wp-content\/uploads\/2026\/02\/logo-1.png","contentUrl":"https:\/\/thorfortuneplay.com\/wp-content\/uploads\/2026\/02\/logo-1.png","width":160,"height":37,"caption":"Thorfortune"},"image":{"@id":"https:\/\/thorfortuneplay.com\/de\/#\/schema\/logo\/image\/"}}]}},"_links":{"self":[{"href":"https:\/\/thorfortuneplay.com\/de\/wp-json\/wp\/v2\/pages\/1442"}],"collection":[{"href":"https:\/\/thorfortuneplay.com\/de\/wp-json\/wp\/v2\/pages"}],"about":[{"href":"https:\/\/thorfortuneplay.com\/de\/wp-json\/wp\/v2\/types\/page"}],"author":[{"embeddable":true,"href":"https:\/\/thorfortuneplay.com\/de\/wp-json\/wp\/v2\/users\/1"}],"replies":[{"embeddable":true,"href":"https:\/\/thorfortuneplay.com\/de\/wp-json\/wp\/v2\/comments?post=1442"}],"version-history":[{"count":3,"href":"https:\/\/thorfortuneplay.com\/de\/wp-json\/wp\/v2\/pages\/1442\/revisions"}],"predecessor-version":[{"id":2077,"href":"https:\/\/thorfortuneplay.com\/de\/wp-json\/wp\/v2\/pages\/1442\/revisions\/2077"}],"wp:attachment":[{"href":"https:\/\/thorfortuneplay.com\/de\/wp-json\/wp\/v2\/media?parent=1442"}],"curies":[{"name":"wp","href":"https:\/\/api.w.org\/{rel}","templated":true}]}}